{"id":10677,"date":"2022-03-09T19:21:01","date_gmt":"2022-03-09T19:21:01","guid":{"rendered":"https:\/\/eni.edu.co\/l\/?page_id=10677"},"modified":"2026-02-09T17:38:01","modified_gmt":"2026-02-09T17:38:01","slug":"auxiliar-en-automatizacion-e-instrumentacion-industrial-electrica-y-electronica","status":"publish","type":"page","link":"https:\/\/eni.edu.co\/l\/auxiliar-en-automatizacion-e-instrumentacion-industrial-electrica-y-electronica\/","title":{"rendered":"Auxiliar en Automatizaci\u00f3n e Instrumentaci\u00f3n Industrial, El\u00e9ctrica y Electr\u00f3nica"},"content":{"rendered":"<div id=\"pl-10677\"  class=\"panel-layout\" ><div id=\"pg-10677-0\"  class=\"panel-grid panel-no-style\" ><div id=\"pgc-10677-0-0\"  class=\"panel-grid-cell\" ><div id=\"panel-10677-0-0-0\" class=\"so-panel widget widget_heading panel-first-child panel-last-child\" data-index=\"0\" ><div class=\"panel-widget-style panel-widget-style-for-10677-0-0-0\" ><div class=\"thim-widget-heading template-base\"><div class=\"sc_heading  text-center\"><h3 style=\"text-transform: uppercase;color:#0f70b7;\" class=\"title\">NUESTRO PROGRAMA T\u00c9CNICO LABORAL POR  COMPETENCIAS EN AUXILIAR EN AUTOMATIZACI\u00d3N E INSTRUMENTACI\u00d3N INDUSTRIAL, EL\u00c9CTRICA Y ELECTR\u00d3NICA<\/h3><p class=\"sub-heading\" style=\"\">Resoluci\u00f3n E-848 Secretar\u00eda de Educaci\u00f3n de Zipaquir\u00e1<br>\nResoluci\u00f3n 008975 Secretar\u00eda de Educaci\u00f3n de Cundinamarca<\/p><span class=\"line\"><\/span><\/div><\/div><\/div><\/div><\/div><\/div><div id=\"pg-10677-1\"  class=\"panel-grid panel-no-style\" ><div id=\"pgc-10677-1-0\"  class=\"panel-grid-cell\" ><div id=\"panel-10677-1-0-0\" class=\"so-panel widget widget_tab panel-first-child panel-last-child\" data-index=\"1\" ><div class=\"thim-widget-tab template-tab\">\n<ul class=\"nav nav-tabs\" role=\"tablist\"><li role=\"presentation\" class='active tab-col-5'><a href=\"#thim-widget-tab-11776376266-1-94\"  role=\"tab\" data-toggle=\"tab\">Duraci\u00f3n<\/a><\/li><li role=\"presentation\" class='tab-col-5'><a href=\"#thim-widget-tab-21776376266-1-94\"  role=\"tab\" data-toggle=\"tab\">Objetivo<\/a><\/li><li role=\"presentation\" class='tab-col-5'><a href=\"#thim-widget-tab-31776376266-1-94\"  role=\"tab\" data-toggle=\"tab\">T\u00edtulo Otorgado<\/a><\/li><li role=\"presentation\" class='tab-col-5'><a href=\"#thim-widget-tab-41776376266-1-94\"  role=\"tab\" data-toggle=\"tab\">Perfil Ocupacional<\/a><\/li><li role=\"presentation\" class='tab-col-5'><a href=\"#thim-widget-tab-51776376266-1-94\"  role=\"tab\" data-toggle=\"tab\">Perfil Laboral<\/a><\/li><\/ul><div class=\"tab-content\"> <div role=\"tabpanel\" class=\"tab-pane active\" id=\"thim-widget-tab-11776376266-1-94\"><p><b>3 semestres Te\u00f3ricos - Pr\u00e1cticos<\/b><br>\n<br>\n1- Fundamentos de electricidad y electr\u00f3nica <br>\n2- Electricidad y electr\u00f3nica industrial <br>\n3- Automatizaci\u00f3n y programaci\u00f3n de PLC <br>\n<\/p><\/div> <div role=\"tabpanel\" class=\"tab-pane\" id=\"thim-widget-tab-21776376266-1-94\">Formar integralmente <b>T\u00e9cnicos Laborales por Competencias en Auxiliar en Automatizaci\u00f3n e Instrumentaci\u00f3n Industrial, El\u00e9ctrica y Electr\u00f3nica<\/b> para ayudar al buen funcionamiento industrial de la regi\u00f3n prestando su servicio t\u00e9cnico o trabajando para la industria.<\/div> <div role=\"tabpanel\" class=\"tab-pane\" id=\"thim-widget-tab-31776376266-1-94\"><p>T\u00e9cnico Laboral por Competencias en:<br>\n<strong>Auxiliar en Automatizaci\u00f3n e Instrumentaci\u00f3n Industrial, El\u00e9ctrica y Electr\u00f3nica<\/strong>\n<\/p><\/div> <div role=\"tabpanel\" class=\"tab-pane\" id=\"thim-widget-tab-41776376266-1-94\"><p>\n1. Mantenimiento correctivo y preventivo de sistemas de automatizaci\u00f3n <br>\n2. instalaci\u00f3n de equipos de medici\u00f3n <br>\n3. Configuraci\u00f3n y programaci\u00f3n de PLC <br>\n<\/p><\/div> <div role=\"tabpanel\" class=\"tab-pane\" id=\"thim-widget-tab-51776376266-1-94\"><b>El egresado podr\u00e1 aplicar a algunos de estos cargos del sector p\u00fablico o privado o trabajar como independiente:<\/b><br>\n1. T\u00e9cnico en automatizaci\u00f3n e instrumentaci\u00f3n <br>\n2. T\u00e9cnico electricista <br>\n3. T\u00e9cnico en electr\u00f3nica <br>\n4. T\u00e9cnico en fabricaci\u00f3n industrial <br><\/div><\/div><\/div><\/div><\/div><\/div><div id=\"pg-10677-2\"  class=\"panel-grid panel-no-style\" ><div id=\"pgc-10677-2-0\"  class=\"panel-grid-cell\" ><div id=\"panel-10677-2-0-0\" class=\"so-panel widget widget_gallery-images panel-first-child panel-last-child\" data-index=\"2\" ><div class=\"thim-widget-gallery-images template-base\"><div class=\"thim-carousel-wrapper gallery-img\" data-visible=\"1\" data-itemtablet=\"2\" data-itemmobile=\"1\" data-autoplay=\"5\" data-navigation=\"0\" data-pagination=\"1\" data-loop=\"true\"><div class=\"item\"><img fetchpriority=\"high\" decoding=\"async\" width=\"758\" height=\"426\" src=\"https:\/\/eni.edu.co\/l\/wp-content\/uploads\/2022\/07\/001.jpg\" class=\"attachment-full size-full\" alt=\"\" srcset=\"https:\/\/eni.edu.co\/l\/wp-content\/uploads\/2022\/07\/001.jpg 758w, https:\/\/eni.edu.co\/l\/wp-content\/uploads\/2022\/07\/001-300x169.jpg 300w, https:\/\/eni.edu.co\/l\/wp-content\/uploads\/2022\/07\/001-600x337.jpg 600w\" sizes=\"(max-width: 758px) 100vw, 758px\" \/><\/div><div class=\"item\"><img decoding=\"async\" width=\"696\" height=\"464\" src=\"https:\/\/eni.edu.co\/l\/wp-content\/uploads\/2022\/07\/003.jpg\" class=\"attachment-full size-full\" alt=\"\" srcset=\"https:\/\/eni.edu.co\/l\/wp-content\/uploads\/2022\/07\/003.jpg 696w, https:\/\/eni.edu.co\/l\/wp-content\/uploads\/2022\/07\/003-300x200.jpg 300w, https:\/\/eni.edu.co\/l\/wp-content\/uploads\/2022\/07\/003-600x400.jpg 600w, https:\/\/eni.edu.co\/l\/wp-content\/uploads\/2022\/07\/003-272x182.jpg 272w\" sizes=\"(max-width: 696px) 100vw, 696px\" \/><\/div><div class=\"item\"><img decoding=\"async\" width=\"550\" height=\"367\" src=\"https:\/\/eni.edu.co\/l\/wp-content\/uploads\/2022\/07\/002.jpg\" class=\"attachment-full size-full\" alt=\"\" srcset=\"https:\/\/eni.edu.co\/l\/wp-content\/uploads\/2022\/07\/002.jpg 550w, https:\/\/eni.edu.co\/l\/wp-content\/uploads\/2022\/07\/002-300x200.jpg 300w, https:\/\/eni.edu.co\/l\/wp-content\/uploads\/2022\/07\/002-272x182.jpg 272w\" sizes=\"(max-width: 550px) 100vw, 550px\" \/><\/div><div class=\"item\"><img loading=\"lazy\" decoding=\"async\" width=\"945\" height=\"756\" src=\"https:\/\/eni.edu.co\/l\/wp-content\/uploads\/2022\/07\/005.jpg\" class=\"attachment-full size-full\" alt=\"\" srcset=\"https:\/\/eni.edu.co\/l\/wp-content\/uploads\/2022\/07\/005.jpg 945w, https:\/\/eni.edu.co\/l\/wp-content\/uploads\/2022\/07\/005-300x240.jpg 300w, https:\/\/eni.edu.co\/l\/wp-content\/uploads\/2022\/07\/005-768x614.jpg 768w, https:\/\/eni.edu.co\/l\/wp-content\/uploads\/2022\/07\/005-600x480.jpg 600w\" sizes=\"(max-width: 945px) 100vw, 945px\" \/><\/div><\/div><\/div><\/div><\/div><\/div><div id=\"pg-10677-3\"  class=\"panel-grid panel-no-style\" ><div id=\"pgc-10677-3-0\"  class=\"panel-grid-cell\" ><div id=\"panel-10677-3-0-0\" class=\"so-panel widget widget_heading panel-first-child panel-last-child\" data-index=\"3\" ><div class=\"thim-widget-heading template-base\"><div class=\"sc_heading  text-center\"><h3 style=\"text-transform: uppercase;color:#0f70b7;\" class=\"title\">Nuestro Pensum<\/h3><span class=\"line\"><\/span><\/div><\/div><\/div><\/div><\/div><div id=\"pg-10677-4\"  class=\"panel-grid panel-no-style\" ><div id=\"pgc-10677-4-0\"  class=\"panel-grid-cell\" ><div id=\"panel-10677-4-0-0\" class=\"so-panel widget widget_tab panel-first-child panel-last-child\" data-index=\"4\" ><div class=\"thim-widget-tab template-tab\">\n<ul class=\"nav nav-tabs\" role=\"tablist\"><li role=\"presentation\" class='active tab-col-4'><a href=\"#thim-widget-tab-11776376266-1-80\"  role=\"tab\" data-toggle=\"tab\">1\u00b0 Semestre<\/a><\/li><li role=\"presentation\" class='tab-col-4'><a href=\"#thim-widget-tab-21776376266-1-80\"  role=\"tab\" data-toggle=\"tab\">2\u00b0 Semestre<\/a><\/li><li role=\"presentation\" class='tab-col-4'><a href=\"#thim-widget-tab-31776376266-1-80\"  role=\"tab\" data-toggle=\"tab\">3\u00b0 Semestre<\/a><\/li><li role=\"presentation\" class='tab-col-4'><a href=\"#thim-widget-tab-41776376266-1-80\"  role=\"tab\" data-toggle=\"tab\">Opciones Pr\u00e1cticas<\/a><\/li><\/ul><div class=\"tab-content\"> <div role=\"tabpanel\" class=\"tab-pane active\" id=\"thim-widget-tab-11776376266-1-80\"><p>\n\ud83d\udcbb Manejo de equipos el\u00e9ctricos y electr\u00f3nicos para realizar pruebas <br>\n\ud83d\udcbb Instrumentaci\u00f3n <br>\n\ud83d\udcbb Calibraci\u00f3n <br>\n\ud83d\udcbb Inspecci\u00f3n <br>\n\ud83d\udcbb Instalaci\u00f3n de componentes electr\u00f3nicos <br>\n\ud83d\udcbb Circuitos el\u00e9ctricos <br>\n<\/p><\/div> <div role=\"tabpanel\" class=\"tab-pane\" id=\"thim-widget-tab-21776376266-1-80\"><p>\n\ud83d\udcbb Sistemas digitales <br>\n\ud83d\udcbb Circuitos el\u00e9ctricos <br>\n\ud83d\udcbb Circuitos de alimentaci\u00f3n <br>\n\ud83d\udcbb Sistemas programables <br>\n\ud83d\udcbb Programaci\u00f3n de microcontroladores<br>\n<\/p><\/div> <div role=\"tabpanel\" class=\"tab-pane\" id=\"thim-widget-tab-31776376266-1-80\"><p>\n\ud83d\udcbb Programaci\u00f3n y dise\u00f1o de sistemas automatizados <br>\n\ud83d\udcbb Programaci\u00f3n de PLC <br>\n\ud83d\udcbb Instalaci\u00f3n e instrumentaci\u00f3n de dispositivos <br>\n\ud83d\udcbb Dispositivos de medici\u00f3n <br>\n<\/p><\/div> <div role=\"tabpanel\" class=\"tab-pane\" id=\"thim-widget-tab-41776376266-1-80\"><p>\n\ud83d\udcbb Pasant\u00eda Empresarial <br>\n\ud83d\udcbb Proyecto Productivo <br>\n\ud83d\udcbb Unidad Productiva <br>\n\ud83d\udcbb Vinculaci\u00f3n Laboral <br>\n<\/p><\/div><\/div><\/div><\/div><\/div><\/div><div id=\"pg-10677-5\"  class=\"panel-grid panel-no-style\" ><div id=\"pgc-10677-5-0\"  class=\"panel-grid-cell\" ><div id=\"panel-10677-5-0-0\" class=\"so-panel widget widget_text panel-first-child\" data-index=\"5\" ><h3 class=\"widget-title\">Env\u00edanos tus datos para m\u00e1s informaci\u00f3n de nuestro programa<\/h3>\t\t\t<div class=\"textwidget\"><\/div>\n\t\t<\/div><div id=\"panel-10677-5-0-1\" class=\"so-panel widget widget_text panel-last-child\" data-index=\"6\" >\t\t\t<div class=\"textwidget\">\n<div class=\"wpcf7 no-js\" id=\"wpcf7-f8815-o1\" lang=\"en-US\" dir=\"ltr\" data-wpcf7-id=\"8815\">\n<div class=\"screen-reader-response\"><p role=\"status\" aria-live=\"polite\" aria-atomic=\"true\"><\/p> <ul><\/ul><\/div>\n<form action=\"\/l\/wp-json\/wp\/v2\/pages\/10677#wpcf7-f8815-o1\" method=\"post\" class=\"wpcf7-form init\" aria-label=\"Contact form\" novalidate=\"novalidate\" data-status=\"init\">\n<fieldset class=\"hidden-fields-container\"><input type=\"hidden\" name=\"_wpcf7\" value=\"8815\" \/><input type=\"hidden\" name=\"_wpcf7_version\" value=\"6.1.5\" \/><input type=\"hidden\" name=\"_wpcf7_locale\" value=\"en_US\" \/><input type=\"hidden\" name=\"_wpcf7_unit_tag\" value=\"wpcf7-f8815-o1\" \/><input type=\"hidden\" name=\"_wpcf7_container_post\" value=\"0\" \/><input type=\"hidden\" name=\"_wpcf7_posted_data_hash\" value=\"\" \/>\n<\/fieldset>\n<p><span class=\"wpcf7-form-control-wrap\" data-name=\"your-name\"><input size=\"40\" maxlength=\"400\" class=\"wpcf7-form-control wpcf7-text wpcf7-validates-as-required\" aria-required=\"true\" aria-invalid=\"false\" placeholder=\"Nombre *\" value=\"\" type=\"text\" name=\"your-name\" \/><\/span>\n<\/p>\n<p><span class=\"wpcf7-form-control-wrap\" data-name=\"your-email\"><input size=\"40\" maxlength=\"400\" class=\"wpcf7-form-control wpcf7-email wpcf7-validates-as-required wpcf7-text wpcf7-validates-as-email\" aria-required=\"true\" aria-invalid=\"false\" placeholder=\"Email *\" value=\"\" type=\"email\" name=\"your-email\" \/><\/span>\n<\/p>\n<p><span class=\"wpcf7-form-control-wrap\" data-name=\"your-subject\"><input size=\"40\" maxlength=\"400\" class=\"wpcf7-form-control wpcf7-text wpcf7-validates-as-required\" aria-required=\"true\" aria-invalid=\"false\" placeholder=\"Tel\u00e9fono*\" value=\"\" type=\"text\" name=\"your-subject\" \/><\/span>\n<\/p>\n<p>Escoge tu programa <span class=\"wpcf7-form-control-wrap\" data-name=\"Programas\"><select class=\"wpcf7-form-control wpcf7-select\" aria-invalid=\"false\" name=\"Programas\"><option value=\"\">&#8212;Please choose an option&#8212;<\/option><option value=\"PROGRAMA DE CONOCIMIENTOS ACAD\u00c9MICOS EN INGL\u00c9S\">PROGRAMA DE CONOCIMIENTOS ACAD\u00c9MICOS EN INGL\u00c9S<\/option><option value=\"PROGRAMA DE CONOCIMIENTOS ACAD\u00c9MICOS EN OFIM\u00c1TICA Y MANEJO DE LAS TIC\">PROGRAMA DE CONOCIMIENTOS ACAD\u00c9MICOS EN OFIM\u00c1TICA Y MANEJO DE LAS TIC<\/option><option value=\"T\u00c9CNICO LABORAL POR COMPETENCIAS EN AUXILIAR ADMINISTRATIVO\">T\u00c9CNICO LABORAL POR COMPETENCIAS EN AUXILIAR ADMINISTRATIVO<\/option><option value=\"T\u00c9CNICO LABORAL POR COMPETENCIAS EN AUXILIAR DE BODEGA ALMAC\u00c9N Y CENTROS DE DISTRIBUCI\u00d3N\">T\u00c9CNICO LABORAL POR COMPETENCIAS EN AUXILIAR DE BODEGA ALMAC\u00c9N Y CENTROS DE DISTRIBUCI\u00d3N<\/option><option value=\"T\u00c9CNICO LABORAL POR COMPETENCIAS EN DISE\u00d1O GR\u00c1FICO Y PUBLICITARIO\">T\u00c9CNICO LABORAL POR COMPETENCIAS EN DISE\u00d1O GR\u00c1FICO Y PUBLICITARIO<\/option><option value=\"T\u00c9CNICO LABORAL POR COMPETENCIAS EN SISTEMAS INFORM\u00c1TICOS\">T\u00c9CNICO LABORAL POR COMPETENCIAS EN SISTEMAS INFORM\u00c1TICOS<\/option><option value=\"T\u00c9CNICO LABORAL POR COMPETENCIAS EN MERCADEO Y VENTAS\">T\u00c9CNICO LABORAL POR COMPETENCIAS EN MERCADEO Y VENTAS<\/option><option value=\"T\u00c9CNICO LABORAL POR COMPETENCIAS EN AUXILIAR CONTABLE, DE TESORER\u00cdA Y FINANCIERO\">T\u00c9CNICO LABORAL POR COMPETENCIAS EN AUXILIAR CONTABLE, DE TESORER\u00cdA Y FINANCIERO<\/option><option value=\"T\u00c9CNICO LABORAL POR COMPETENCIAS EN AUXILIAR EN AUTOMATIZACI\u00d3N E INSTRUMENTACI\u00d3N INDUSTRIAL, EL\u00c9CTRICA Y ELECTR\u00d3NICA\">T\u00c9CNICO LABORAL POR COMPETENCIAS EN AUXILIAR EN AUTOMATIZACI\u00d3N E INSTRUMENTACI\u00d3N INDUSTRIAL, EL\u00c9CTRICA Y ELECTR\u00d3NICA<\/option><\/select><\/span><br \/>\n\u00bfEn qu\u00e9 Sede quieres estudiar? <span class=\"wpcf7-form-control-wrap\" data-name=\"Sedes\"><select class=\"wpcf7-form-control wpcf7-select\" aria-invalid=\"false\" name=\"Sedes\"><option value=\"\">&#8212;Please choose an option&#8212;<\/option><option value=\"ZIPAQUIR\u00c1\">ZIPAQUIR\u00c1<\/option><option value=\"TOCANCIP\u00c1\">TOCANCIP\u00c1<\/option><\/select><\/span><br \/>\n\u00bfCu\u00e1l modalidad prefieres? <span class=\"wpcf7-form-control-wrap\" data-name=\"Modalidad\"><select class=\"wpcf7-form-control wpcf7-select\" aria-invalid=\"false\" name=\"Modalidad\"><option value=\"\">&#8212;Please choose an option&#8212;<\/option><option value=\"PRESENCIAL\">PRESENCIAL<\/option><option value=\"EN L\u00cdNEA\">EN L\u00cdNEA<\/option><\/select><\/span><br \/>\n\u00bfAhora elije tu horario? <span class=\"wpcf7-form-control-wrap\" data-name=\"Horarios\"><select class=\"wpcf7-form-control wpcf7-select\" aria-invalid=\"false\" name=\"Horarios\"><option value=\"\">&#8212;Please choose an option&#8212;<\/option><option value=\"MA\u00d1ANA\">MA\u00d1ANA<\/option><option value=\"TARDE\/NOCHE\">TARDE\/NOCHE<\/option><option value=\"S\u00c1BADOS\">S\u00c1BADOS<\/option><\/select><\/span>\n<\/p>\n<p><span class=\"wpcf7-form-control-wrap\" data-name=\"your-message\"><textarea cols=\"40\" rows=\"10\" maxlength=\"2000\" class=\"wpcf7-form-control wpcf7-textarea wpcf7-validates-as-required\" aria-required=\"true\" aria-invalid=\"false\" placeholder=\"Mensaje *\" name=\"your-message\"><\/textarea><\/span>\n<\/p>\n<p><input class=\"wpcf7-form-control wpcf7-submit has-spinner\" type=\"submit\" value=\"Enviar\" \/>\n<\/p><div class=\"wpcf7-response-output\" aria-hidden=\"true\"><\/div>\n<\/form>\n<\/div>\n\n<p>&nbsp;<\/p>\n<\/div>\n\t\t<\/div><\/div><div id=\"pgc-10677-5-1\"  class=\"panel-grid-cell\" ><div id=\"panel-10677-5-1-0\" class=\"so-panel widget widget_media_video panel-first-child panel-last-child\" data-index=\"7\" ><div class=\"panel-widget-style panel-widget-style-for-10677-5-1-0\" ><div style=\"width:100%;\" class=\"wp-video\"><video class=\"wp-video-shortcode\" id=\"video-10677-1\" preload=\"metadata\" controls=\"controls\"><source type=\"video\/mp4\" src=\"https:\/\/eni.edu.co\/l\/wp-content\/uploads\/2023\/04\/06.Profe-Henry.mp4?_=1\" \/><source type=\"video\/mp4\" src=\"https:\/\/eni.edu.co\/l\/wp-content\/uploads\/2023\/04\/06.Profe-Henry.mp4?_=1\" \/><a href=\"https:\/\/eni.edu.co\/l\/wp-content\/uploads\/2023\/04\/06.Profe-Henry.mp4\">https:\/\/eni.edu.co\/l\/wp-content\/uploads\/2023\/04\/06.Profe-Henry.mp4<\/a><\/video><\/div><\/div><\/div><\/div><\/div><\/div>","protected":false},"excerpt":{"rendered":"<p>NUESTRO PROGRAMA T\u00c9CNICO LABORAL POR COMPETENCIAS EN AUXILIAR EN AUTOMATIZACI\u00d3N E INSTRUMENTACI\u00d3N INDUSTRIAL, EL\u00c9CTRICA Y ELECTR\u00d3NICAResoluci\u00f3n E-848 Secretar\u00eda de Educaci\u00f3n de Zipaquir\u00e1 Resoluci\u00f3n 008975 Secretar\u00eda de Educaci\u00f3n de Cundinamarca Duraci\u00f3nObjetivoT\u00edtulo OtorgadoPerfil OcupacionalPerfil Laboral 3 semestres Te\u00f3ricos &#8211; Pr\u00e1cticos 1- Fundamentos &hellip; <\/p>\n","protected":false},"author":1,"featured_media":0,"parent":0,"menu_order":0,"comment_status":"closed","ping_status":"closed","template":"","meta":{"pmpro_default_level":"","footnotes":"","_links_to":"","_links_to_target":""},"class_list":["post-10677","page","type-page","status-publish","hentry","pmpro-has-access"],"_links":{"self":[{"href":"https:\/\/eni.edu.co\/l\/wp-json\/wp\/v2\/pages\/10677","targetHints":{"allow":["GET"]}}],"collection":[{"href":"https:\/\/eni.edu.co\/l\/wp-json\/wp\/v2\/pages"}],"about":[{"href":"https:\/\/eni.edu.co\/l\/wp-json\/wp\/v2\/types\/page"}],"author":[{"embeddable":true,"href":"https:\/\/eni.edu.co\/l\/wp-json\/wp\/v2\/users\/1"}],"replies":[{"embeddable":true,"href":"https:\/\/eni.edu.co\/l\/wp-json\/wp\/v2\/comments?post=10677"}],"version-history":[{"count":66,"href":"https:\/\/eni.edu.co\/l\/wp-json\/wp\/v2\/pages\/10677\/revisions"}],"predecessor-version":[{"id":11533,"href":"https:\/\/eni.edu.co\/l\/wp-json\/wp\/v2\/pages\/10677\/revisions\/11533"}],"wp:attachment":[{"href":"https:\/\/eni.edu.co\/l\/wp-json\/wp\/v2\/media?parent=10677"}],"curies":[{"name":"wp","href":"https:\/\/api.w.org\/{rel}","templated":true}]}}