{"id":2780,"date":"2015-11-03T02:46:28","date_gmt":"2015-11-03T02:46:28","guid":{"rendered":"http:\/\/demo.thimpress.com\/eduma\/?page_id=2780"},"modified":"2026-02-09T22:08:22","modified_gmt":"2026-02-09T22:08:22","slug":"desarrollo-software","status":"publish","type":"page","link":"https:\/\/eni.edu.co\/l\/desarrollo-software\/","title":{"rendered":"Auxiliar en Desarrollo de Software"},"content":{"rendered":"<div id=\"pl-2780\"  class=\"panel-layout\" ><div id=\"pg-2780-0\"  class=\"panel-grid panel-no-style\" ><div id=\"pgc-2780-0-0\"  class=\"panel-grid-cell\" ><div id=\"panel-2780-0-0-0\" class=\"so-panel widget widget_heading panel-first-child panel-last-child\" data-index=\"0\" ><div class=\"panel-widget-style panel-widget-style-for-2780-0-0-0\" ><div class=\"thim-widget-heading template-base\"><div class=\"sc_heading  text-center\"><h3 style=\"text-transform: uppercase;color:#0f70b7;\" class=\"title\">NUESTRO PROGRAMA T\u00c9CNICO LABORAL POR COMPETENCIAS EN AUXILIAR EN DESARROLLO DE SOFTWARE<\/h3><p class=\"sub-heading\" style=\"\">Resoluci\u00f3n 008975 Secretar\u00eda de Educaci\u00f3n de Cundinamarca.<\/p><span class=\"line\"><\/span><\/div><\/div><\/div><\/div><\/div><\/div><div id=\"pg-2780-1\"  class=\"panel-grid panel-no-style\" ><div id=\"pgc-2780-1-0\"  class=\"panel-grid-cell\" ><div id=\"panel-2780-1-0-0\" class=\"so-panel widget widget_tab panel-first-child panel-last-child\" data-index=\"1\" ><div class=\"thim-widget-tab template-tab\">\n<ul class=\"nav nav-tabs\" role=\"tablist\"><li role=\"presentation\" class='active tab-col-5'><a href=\"#thim-widget-tab-11778664677-1-100\"  role=\"tab\" data-toggle=\"tab\">Duraci\u00f3n<\/a><\/li><li role=\"presentation\" class='tab-col-5'><a href=\"#thim-widget-tab-21778664677-1-100\"  role=\"tab\" data-toggle=\"tab\">Objetivo<\/a><\/li><li role=\"presentation\" class='tab-col-5'><a href=\"#thim-widget-tab-31778664677-1-100\"  role=\"tab\" data-toggle=\"tab\">T\u00edtulo Otorgado<\/a><\/li><li role=\"presentation\" class='tab-col-5'><a href=\"#thim-widget-tab-41778664677-1-100\"  role=\"tab\" data-toggle=\"tab\">Perfil Ocupacional<\/a><\/li><li role=\"presentation\" class='tab-col-5'><a href=\"#thim-widget-tab-51778664677-1-100\"  role=\"tab\" data-toggle=\"tab\">Perfil Profesional<\/a><\/li><\/ul><div class=\"tab-content\"> <div role=\"tabpanel\" class=\"tab-pane active\" id=\"thim-widget-tab-11778664677-1-100\"><b>3 semestres Te\u00f3ricos - Pr\u00e1cticos<\/b><br>\n<br>\n1-\tOfim\u00e1tica y Manejo de las TIC<br>\n2-\tDise\u00f1o y Desarrollo de Software<br>\n3-\tDB, aplicaciones e implementaci\u00f3n<br><\/div> <div role=\"tabpanel\" class=\"tab-pane\" id=\"thim-widget-tab-21778664677-1-100\"><p style=\"text-align: justify\">Formar integralmente <b>T\u00e9cnicos Laborales por Competencias en Auxiliar en Desarrollo de Software<\/b>, con las competencias t\u00e9cnicas y pr\u00e1cticas para el dise\u00f1o, desarrollo y mantenimiento de aplicaciones necesarias para desempe\u00f1arse eficazmente en el sector del desarrollo de software, asegurando que puedan contribuir a la innovaci\u00f3n tecnol\u00f3gica y la eficiencia operativa de las organizaciones. Con \u00e9tica, con un gran sentido de responsabilidad social y ambiental para responder a las necesidades del sector productivo en la regi\u00f3n y el pa\u00eds.<\/div> <div role=\"tabpanel\" class=\"tab-pane\" id=\"thim-widget-tab-31778664677-1-100\"><b>T\u00e9cnico Laboral por Competencias en Auxiliar en Desarrollo de Software<\/b><\/div> <div role=\"tabpanel\" class=\"tab-pane\" id=\"thim-widget-tab-41778664677-1-100\"><b>El egresado estar\u00e1 en la capacidad de:<\/b><br>\n<br>\n- Apoyar el desarrollo de aplicaciones web o de escritorio.<br>\n- Elaborar p\u00e1ginas web utilizando HTML, CSS y herramientas b\u00e1sicas de programaci\u00f3n.<br>\n- Realizar pruebas b\u00e1sicas de software para verificar su funcionamiento.<br>\n- Documentar procesos y c\u00f3digo seg\u00fan indicaciones del equipo de desarrollo.<br>\n- Apoyar la administraci\u00f3n b\u00e1sica de bases de datos.<br>\n- Realizar mantenimiento b\u00e1sico a aplicaciones y sistemas.<br>\n- Utilizar herramientas de control de versiones y entornos de desarrollo.<br><\/div> <div role=\"tabpanel\" class=\"tab-pane\" id=\"thim-widget-tab-51778664677-1-100\"><b>El egresado podr\u00e1 trabajar en \u00e9stas \u00e1reas para empresas del sector p\u00fablico o privado o trabajar como independiente desarrollando proyectos TI.<\/b><br>\n<br>\n- Interpretaci\u00f3n de requerimientos b\u00e1sicos de software.<br>\n- Manejo de lenguajes de programaci\u00f3n b\u00e1sicos.<br>\n- Uso de herramientas digitales y entornos de desarrollo.<br>\n- Trabajo en equipo en proyectos tecnol\u00f3gicos.<br>\n- Organizaci\u00f3n y documentaci\u00f3n de procesos.<br><\/div><\/div><\/div><\/div><\/div><\/div><div id=\"pg-2780-2\"  class=\"panel-grid panel-no-style\" ><div id=\"pgc-2780-2-0\"  class=\"panel-grid-cell\" ><div id=\"panel-2780-2-0-0\" class=\"so-panel widget widget_gallery-images panel-first-child panel-last-child\" data-index=\"2\" ><div class=\"thim-widget-gallery-images template-base\"><div class=\"thim-carousel-wrapper gallery-img\" data-visible=\"1\" data-itemtablet=\"2\" data-itemmobile=\"1\" data-autoplay=\"0\" data-navigation=\"0\" data-pagination=\"1\" data-loop=\"true\"><div class=\"item\"><img fetchpriority=\"high\" decoding=\"async\" width=\"2560\" height=\"1707\" src=\"https:\/\/eni.edu.co\/l\/wp-content\/uploads\/2020\/04\/14844-scaled.jpg\" class=\"attachment-full size-full\" alt=\"\" srcset=\"https:\/\/eni.edu.co\/l\/wp-content\/uploads\/2020\/04\/14844-scaled.jpg 2560w, https:\/\/eni.edu.co\/l\/wp-content\/uploads\/2020\/04\/14844-scaled-300x200.jpg 300w, https:\/\/eni.edu.co\/l\/wp-content\/uploads\/2020\/04\/14844-scaled-1024x683.jpg 1024w, https:\/\/eni.edu.co\/l\/wp-content\/uploads\/2020\/04\/14844-768x512.jpg 768w, https:\/\/eni.edu.co\/l\/wp-content\/uploads\/2020\/04\/14844-1536x1024.jpg 1536w, https:\/\/eni.edu.co\/l\/wp-content\/uploads\/2020\/04\/14844-2048x1365.jpg 2048w, https:\/\/eni.edu.co\/l\/wp-content\/uploads\/2020\/04\/14844-600x400.jpg 600w\" sizes=\"(max-width: 2560px) 100vw, 2560px\" \/><\/div><div class=\"item\"><img decoding=\"async\" width=\"2560\" height=\"1708\" src=\"https:\/\/eni.edu.co\/l\/wp-content\/uploads\/2020\/04\/396136-PCIMSI-300-scaled.jpg\" class=\"attachment-full size-full\" alt=\"\" srcset=\"https:\/\/eni.edu.co\/l\/wp-content\/uploads\/2020\/04\/396136-PCIMSI-300-scaled.jpg 2560w, https:\/\/eni.edu.co\/l\/wp-content\/uploads\/2020\/04\/396136-PCIMSI-300-scaled-300x200.jpg 300w, https:\/\/eni.edu.co\/l\/wp-content\/uploads\/2020\/04\/396136-PCIMSI-300-scaled-1024x683.jpg 1024w, https:\/\/eni.edu.co\/l\/wp-content\/uploads\/2020\/04\/396136-PCIMSI-300-768x513.jpg 768w, https:\/\/eni.edu.co\/l\/wp-content\/uploads\/2020\/04\/396136-PCIMSI-300-1536x1025.jpg 1536w, https:\/\/eni.edu.co\/l\/wp-content\/uploads\/2020\/04\/396136-PCIMSI-300-2048x1367.jpg 2048w, https:\/\/eni.edu.co\/l\/wp-content\/uploads\/2020\/04\/396136-PCIMSI-300-600x400.jpg 600w\" sizes=\"(max-width: 2560px) 100vw, 2560px\" \/><\/div><div class=\"item\"><img decoding=\"async\" width=\"2560\" height=\"1709\" src=\"https:\/\/eni.edu.co\/l\/wp-content\/uploads\/2020\/04\/396144-PCIMTM-93-1-scaled.jpg\" class=\"attachment-full size-full\" alt=\"\" srcset=\"https:\/\/eni.edu.co\/l\/wp-content\/uploads\/2020\/04\/396144-PCIMTM-93-1-scaled.jpg 2560w, https:\/\/eni.edu.co\/l\/wp-content\/uploads\/2020\/04\/396144-PCIMTM-93-1-scaled-300x200.jpg 300w, https:\/\/eni.edu.co\/l\/wp-content\/uploads\/2020\/04\/396144-PCIMTM-93-1-scaled-1024x684.jpg 1024w, https:\/\/eni.edu.co\/l\/wp-content\/uploads\/2020\/04\/396144-PCIMTM-93-1-768x513.jpg 768w, https:\/\/eni.edu.co\/l\/wp-content\/uploads\/2020\/04\/396144-PCIMTM-93-1-1536x1025.jpg 1536w, https:\/\/eni.edu.co\/l\/wp-content\/uploads\/2020\/04\/396144-PCIMTM-93-1-2048x1367.jpg 2048w, https:\/\/eni.edu.co\/l\/wp-content\/uploads\/2020\/04\/396144-PCIMTM-93-1-600x400.jpg 600w\" sizes=\"(max-width: 2560px) 100vw, 2560px\" \/><\/div><div class=\"item\"><img loading=\"lazy\" decoding=\"async\" width=\"2560\" height=\"1707\" src=\"https:\/\/eni.edu.co\/l\/wp-content\/uploads\/2020\/04\/3395654-scaled.jpg\" class=\"attachment-full size-full\" alt=\"\" srcset=\"https:\/\/eni.edu.co\/l\/wp-content\/uploads\/2020\/04\/3395654-scaled.jpg 2560w, https:\/\/eni.edu.co\/l\/wp-content\/uploads\/2020\/04\/3395654-scaled-300x200.jpg 300w, https:\/\/eni.edu.co\/l\/wp-content\/uploads\/2020\/04\/3395654-scaled-1024x683.jpg 1024w, https:\/\/eni.edu.co\/l\/wp-content\/uploads\/2020\/04\/3395654-768x512.jpg 768w, https:\/\/eni.edu.co\/l\/wp-content\/uploads\/2020\/04\/3395654-1536x1024.jpg 1536w, https:\/\/eni.edu.co\/l\/wp-content\/uploads\/2020\/04\/3395654-2048x1365.jpg 2048w, https:\/\/eni.edu.co\/l\/wp-content\/uploads\/2020\/04\/3395654-600x400.jpg 600w\" sizes=\"(max-width: 2560px) 100vw, 2560px\" \/><\/div><div class=\"item\"><img loading=\"lazy\" decoding=\"async\" width=\"612\" height=\"468\" src=\"https:\/\/eni.edu.co\/l\/wp-content\/uploads\/2020\/06\/5.png\" class=\"attachment-full size-full\" alt=\"\" srcset=\"https:\/\/eni.edu.co\/l\/wp-content\/uploads\/2020\/06\/5.png 612w, https:\/\/eni.edu.co\/l\/wp-content\/uploads\/2020\/06\/5-300x229.png 300w\" sizes=\"(max-width: 612px) 100vw, 612px\" \/><\/div><\/div><\/div><\/div><\/div><\/div><div id=\"pg-2780-3\"  class=\"panel-grid panel-no-style\" ><div id=\"pgc-2780-3-0\"  class=\"panel-grid-cell\" ><div id=\"panel-2780-3-0-0\" class=\"so-panel widget widget_heading panel-first-child panel-last-child\" data-index=\"3\" ><div class=\"thim-widget-heading template-base\"><div class=\"sc_heading  text-center\"><h3 style=\"text-transform: uppercase;color:#0f70b7;\" class=\"title\">Nuestro Pensum<\/h3><span class=\"line\"><\/span><\/div><\/div><\/div><\/div><\/div><div id=\"pg-2780-4\"  class=\"panel-grid panel-no-style\" ><div id=\"pgc-2780-4-0\"  class=\"panel-grid-cell\" ><div id=\"panel-2780-4-0-0\" class=\"so-panel widget widget_tab panel-first-child panel-last-child\" data-index=\"4\" ><div class=\"thim-widget-tab template-tab\">\n<ul class=\"nav nav-tabs\" role=\"tablist\"><li role=\"presentation\" class='active tab-col-4'><a href=\"#thim-widget-tab-11778664677-1-77\"  role=\"tab\" data-toggle=\"tab\">1\u00b0 Semestre<\/a><\/li><li role=\"presentation\" class='tab-col-4'><a href=\"#thim-widget-tab-21778664677-1-77\"  role=\"tab\" data-toggle=\"tab\">2\u00b0 Semestre<\/a><\/li><li role=\"presentation\" class='tab-col-4'><a href=\"#thim-widget-tab-31778664677-1-77\"  role=\"tab\" data-toggle=\"tab\">3\u00b0 Semestre<\/a><\/li><li role=\"presentation\" class='tab-col-4'><a href=\"#thim-widget-tab-41778664677-1-77\"  role=\"tab\" data-toggle=\"tab\">Opciones Pr\u00e1cticas<\/a><\/li><\/ul><div class=\"tab-content\"> <div role=\"tabpanel\" class=\"tab-pane active\" id=\"thim-widget-tab-11778664677-1-77\">\ud83d\udcbb Sistema  Operativo<br>\n\ud83d\udcbb Procesador  de  Palabras<br>\n\ud83d\udcbb Hojas  de  C\u00e1lculo<br>\n\ud83d\udcbb Presentaciones  Multimedia<br>\n\ud83d\udcbb Internet <br>\n\ud83d\udcbb Comunicaci\u00f3n  para  la  Comprensi\u00f3n  (transversal)<br>\n\ud83d\udcbb \u00c9tica  y transformaci\u00f3n  del  entorno  (transversal)<br><\/div> <div role=\"tabpanel\" class=\"tab-pane\" id=\"thim-widget-tab-21778664677-1-77\">\ud83d\udcbb Proyecto  de  vida  (transversal).<br>\n\ud83d\udcbb Salud  Ocupacional  (transversal).<br>\n\ud83d\udcbb L\u00f3gica de Programaci\u00f3n<br>\n\ud83d\udcbb Dise\u00f1o de Software<br>\n\ud83d\udcbb Desarrollo de Software<br>\n\ud83d\udcbb Ingl\u00e9s Inform\u00e1tico<br><\/div> <div role=\"tabpanel\" class=\"tab-pane\" id=\"thim-widget-tab-31778664677-1-77\">\ud83d\udcbb Proyecto  Empresarial  I (Transversal)<br>\n\ud83d\udcbb Proyecto  Empresarial  II (Tranversal)<br>\n\ud83d\udcbb Implementaci\u00f3n de Software<br>\n\ud83d\udcbb Bases de datos<br>\n\ud83d\udcbb Administraci\u00f3n de bases de datos<br>\n\ud83d\udcbb Dise\u00f1ar aplicaciones m\u00f3viles<br><\/div> <div role=\"tabpanel\" class=\"tab-pane\" id=\"thim-widget-tab-41778664677-1-77\">1. Pasant\u00eda Empresarial<br>\n2. Proyecto Productivo<br>\n3. Unidad Productiva<br>\n4. Vinculaci\u00f3n Laboral<br><\/div><\/div><\/div><\/div><\/div><\/div><div id=\"pg-2780-5\"  class=\"panel-grid panel-no-style\" ><div id=\"pgc-2780-5-0\"  class=\"panel-grid-cell\" ><div id=\"panel-2780-5-0-0\" class=\"so-panel widget widget_text panel-first-child\" data-index=\"5\" ><h3 class=\"widget-title\">Env\u00edanos tus datos para m\u00e1s informaci\u00f3n de nuestro programa<\/h3>\t\t\t<div class=\"textwidget\"><\/div>\n\t\t<\/div><div id=\"panel-2780-5-0-1\" class=\"so-panel widget widget_text panel-last-child\" data-index=\"6\" >\t\t\t<div class=\"textwidget\">\n<div class=\"wpcf7 no-js\" id=\"wpcf7-f8815-o1\" lang=\"en-US\" dir=\"ltr\" data-wpcf7-id=\"8815\">\n<div class=\"screen-reader-response\"><p role=\"status\" aria-live=\"polite\" aria-atomic=\"true\"><\/p> <ul><\/ul><\/div>\n<form action=\"\/l\/wp-json\/wp\/v2\/pages\/2780#wpcf7-f8815-o1\" method=\"post\" class=\"wpcf7-form init\" aria-label=\"Contact form\" novalidate=\"novalidate\" data-status=\"init\">\n<fieldset class=\"hidden-fields-container\"><input type=\"hidden\" name=\"_wpcf7\" value=\"8815\" \/><input type=\"hidden\" name=\"_wpcf7_version\" value=\"6.1.5\" \/><input type=\"hidden\" name=\"_wpcf7_locale\" value=\"en_US\" \/><input type=\"hidden\" name=\"_wpcf7_unit_tag\" value=\"wpcf7-f8815-o1\" \/><input type=\"hidden\" name=\"_wpcf7_container_post\" value=\"0\" \/><input type=\"hidden\" name=\"_wpcf7_posted_data_hash\" value=\"\" \/>\n<\/fieldset>\n<p><span class=\"wpcf7-form-control-wrap\" data-name=\"your-name\"><input size=\"40\" maxlength=\"400\" class=\"wpcf7-form-control wpcf7-text wpcf7-validates-as-required\" aria-required=\"true\" aria-invalid=\"false\" placeholder=\"Nombre *\" value=\"\" type=\"text\" name=\"your-name\" \/><\/span>\n<\/p>\n<p><span class=\"wpcf7-form-control-wrap\" data-name=\"your-email\"><input size=\"40\" maxlength=\"400\" class=\"wpcf7-form-control wpcf7-email wpcf7-validates-as-required wpcf7-text wpcf7-validates-as-email\" aria-required=\"true\" aria-invalid=\"false\" placeholder=\"Email *\" value=\"\" type=\"email\" name=\"your-email\" \/><\/span>\n<\/p>\n<p><span class=\"wpcf7-form-control-wrap\" data-name=\"your-subject\"><input size=\"40\" maxlength=\"400\" class=\"wpcf7-form-control wpcf7-text wpcf7-validates-as-required\" aria-required=\"true\" aria-invalid=\"false\" placeholder=\"Tel\u00e9fono*\" value=\"\" type=\"text\" name=\"your-subject\" \/><\/span>\n<\/p>\n<p>Escoge tu programa <span class=\"wpcf7-form-control-wrap\" data-name=\"Programas\"><select class=\"wpcf7-form-control wpcf7-select\" aria-invalid=\"false\" name=\"Programas\"><option value=\"\">&#8212;Please choose an option&#8212;<\/option><option value=\"PROGRAMA DE CONOCIMIENTOS ACAD\u00c9MICOS EN INGL\u00c9S\">PROGRAMA DE CONOCIMIENTOS ACAD\u00c9MICOS EN INGL\u00c9S<\/option><option value=\"PROGRAMA DE CONOCIMIENTOS ACAD\u00c9MICOS EN OFIM\u00c1TICA Y MANEJO DE LAS TIC\">PROGRAMA DE CONOCIMIENTOS ACAD\u00c9MICOS EN OFIM\u00c1TICA Y MANEJO DE LAS TIC<\/option><option value=\"T\u00c9CNICO LABORAL POR COMPETENCIAS EN AUXILIAR ADMINISTRATIVO\">T\u00c9CNICO LABORAL POR COMPETENCIAS EN AUXILIAR ADMINISTRATIVO<\/option><option value=\"T\u00c9CNICO LABORAL POR COMPETENCIAS EN AUXILIAR DE BODEGA ALMAC\u00c9N Y CENTROS DE DISTRIBUCI\u00d3N\">T\u00c9CNICO LABORAL POR COMPETENCIAS EN AUXILIAR DE BODEGA ALMAC\u00c9N Y CENTROS DE DISTRIBUCI\u00d3N<\/option><option value=\"T\u00c9CNICO LABORAL POR COMPETENCIAS EN DISE\u00d1O GR\u00c1FICO Y PUBLICITARIO\">T\u00c9CNICO LABORAL POR COMPETENCIAS EN DISE\u00d1O GR\u00c1FICO Y PUBLICITARIO<\/option><option value=\"T\u00c9CNICO LABORAL POR COMPETENCIAS EN SISTEMAS INFORM\u00c1TICOS\">T\u00c9CNICO LABORAL POR COMPETENCIAS EN SISTEMAS INFORM\u00c1TICOS<\/option><option value=\"T\u00c9CNICO LABORAL POR COMPETENCIAS EN MERCADEO Y VENTAS\">T\u00c9CNICO LABORAL POR COMPETENCIAS EN MERCADEO Y VENTAS<\/option><option value=\"T\u00c9CNICO LABORAL POR COMPETENCIAS EN AUXILIAR CONTABLE, DE TESORER\u00cdA Y FINANCIERO\">T\u00c9CNICO LABORAL POR COMPETENCIAS EN AUXILIAR CONTABLE, DE TESORER\u00cdA Y FINANCIERO<\/option><option value=\"T\u00c9CNICO LABORAL POR COMPETENCIAS EN AUXILIAR EN AUTOMATIZACI\u00d3N E INSTRUMENTACI\u00d3N INDUSTRIAL, EL\u00c9CTRICA Y ELECTR\u00d3NICA\">T\u00c9CNICO LABORAL POR COMPETENCIAS EN AUXILIAR EN AUTOMATIZACI\u00d3N E INSTRUMENTACI\u00d3N INDUSTRIAL, EL\u00c9CTRICA Y ELECTR\u00d3NICA<\/option><\/select><\/span><br \/>\n\u00bfEn qu\u00e9 Sede quieres estudiar? <span class=\"wpcf7-form-control-wrap\" data-name=\"Sedes\"><select class=\"wpcf7-form-control wpcf7-select\" aria-invalid=\"false\" name=\"Sedes\"><option value=\"\">&#8212;Please choose an option&#8212;<\/option><option value=\"ZIPAQUIR\u00c1\">ZIPAQUIR\u00c1<\/option><option value=\"TOCANCIP\u00c1\">TOCANCIP\u00c1<\/option><\/select><\/span><br \/>\n\u00bfCu\u00e1l modalidad prefieres? <span class=\"wpcf7-form-control-wrap\" data-name=\"Modalidad\"><select class=\"wpcf7-form-control wpcf7-select\" aria-invalid=\"false\" name=\"Modalidad\"><option value=\"\">&#8212;Please choose an option&#8212;<\/option><option value=\"PRESENCIAL\">PRESENCIAL<\/option><option value=\"EN L\u00cdNEA\">EN L\u00cdNEA<\/option><\/select><\/span><br \/>\n\u00bfAhora elije tu horario? <span class=\"wpcf7-form-control-wrap\" data-name=\"Horarios\"><select class=\"wpcf7-form-control wpcf7-select\" aria-invalid=\"false\" name=\"Horarios\"><option value=\"\">&#8212;Please choose an option&#8212;<\/option><option value=\"MA\u00d1ANA\">MA\u00d1ANA<\/option><option value=\"TARDE\/NOCHE\">TARDE\/NOCHE<\/option><option value=\"S\u00c1BADOS\">S\u00c1BADOS<\/option><\/select><\/span>\n<\/p>\n<p><span class=\"wpcf7-form-control-wrap\" data-name=\"your-message\"><textarea cols=\"40\" rows=\"10\" maxlength=\"2000\" class=\"wpcf7-form-control wpcf7-textarea wpcf7-validates-as-required\" aria-required=\"true\" aria-invalid=\"false\" placeholder=\"Mensaje *\" name=\"your-message\"><\/textarea><\/span>\n<\/p>\n<p><input class=\"wpcf7-form-control wpcf7-submit has-spinner\" type=\"submit\" value=\"Enviar\" \/>\n<\/p><div class=\"wpcf7-response-output\" aria-hidden=\"true\"><\/div>\n<\/form>\n<\/div>\n\n<p>&nbsp;<\/p>\n<\/div>\n\t\t<\/div><\/div><div id=\"pgc-2780-5-1\"  class=\"panel-grid-cell\" ><div id=\"panel-2780-5-1-0\" class=\"so-panel widget widget_media_video panel-first-child panel-last-child\" data-index=\"7\" ><div style=\"width:100%;\" class=\"wp-video\"><video class=\"wp-video-shortcode\" id=\"video-2780-1\" preload=\"metadata\" controls=\"controls\"><source type=\"video\/mp4\" src=\"https:\/\/eni.edu.co\/l\/wp-content\/uploads\/2026\/02\/Des-Software.mp4?_=1\" \/><source type=\"video\/mp4\" src=\"https:\/\/eni.edu.co\/l\/wp-content\/uploads\/2026\/02\/Des-Software.mp4?_=1\" \/><a href=\"https:\/\/eni.edu.co\/l\/wp-content\/uploads\/2026\/02\/Des-Software.mp4\">https:\/\/eni.edu.co\/l\/wp-content\/uploads\/2026\/02\/Des-Software.mp4<\/a><\/video><\/div><\/div><\/div><\/div><\/div>","protected":false},"excerpt":{"rendered":"<p>NUESTRO PROGRAMA T\u00c9CNICO LABORAL POR COMPETENCIAS EN AUXILIAR EN DESARROLLO DE SOFTWAREResoluci\u00f3n 008975 Secretar\u00eda de Educaci\u00f3n de Cundinamarca. Duraci\u00f3nObjetivoT\u00edtulo OtorgadoPerfil OcupacionalPerfil Profesional 3 semestres Te\u00f3ricos &#8211; Pr\u00e1cticos 1- Ofim\u00e1tica y Manejo de las TIC 2- Dise\u00f1o y Desarrollo de Software &hellip; <\/p>\n","protected":false},"author":1,"featured_media":0,"parent":0,"menu_order":0,"comment_status":"closed","ping_status":"closed","template":"","meta":{"pmpro_default_level":"","footnotes":"","_links_to":"","_links_to_target":""},"class_list":["post-2780","page","type-page","status-publish","hentry","pmpro-has-access"],"_links":{"self":[{"href":"https:\/\/eni.edu.co\/l\/wp-json\/wp\/v2\/pages\/2780","targetHints":{"allow":["GET"]}}],"collection":[{"href":"https:\/\/eni.edu.co\/l\/wp-json\/wp\/v2\/pages"}],"about":[{"href":"https:\/\/eni.edu.co\/l\/wp-json\/wp\/v2\/types\/page"}],"author":[{"embeddable":true,"href":"https:\/\/eni.edu.co\/l\/wp-json\/wp\/v2\/users\/1"}],"replies":[{"embeddable":true,"href":"https:\/\/eni.edu.co\/l\/wp-json\/wp\/v2\/comments?post=2780"}],"version-history":[{"count":38,"href":"https:\/\/eni.edu.co\/l\/wp-json\/wp\/v2\/pages\/2780\/revisions"}],"predecessor-version":[{"id":11549,"href":"https:\/\/eni.edu.co\/l\/wp-json\/wp\/v2\/pages\/2780\/revisions\/11549"}],"wp:attachment":[{"href":"https:\/\/eni.edu.co\/l\/wp-json\/wp\/v2\/media?parent=2780"}],"curies":[{"name":"wp","href":"https:\/\/api.w.org\/{rel}","templated":true}]}}