{"id":8898,"date":"2020-04-11T02:27:53","date_gmt":"2020-04-11T02:27:53","guid":{"rendered":"https:\/\/eni.edu.co\/l\/?page_id=8898"},"modified":"2026-02-09T17:50:32","modified_gmt":"2026-02-09T17:50:32","slug":"diseno-grafico-y-publicitario","status":"publish","type":"page","link":"https:\/\/eni.edu.co\/l\/diseno-grafico-y-publicitario\/","title":{"rendered":"Dise\u00f1o Gr\u00e1fico y Publicitario"},"content":{"rendered":"<div id=\"pl-8898\"  class=\"panel-layout\" ><div id=\"pg-8898-0\"  class=\"panel-grid panel-no-style\" ><div id=\"pgc-8898-0-0\"  class=\"panel-grid-cell\" ><div id=\"panel-8898-0-0-0\" class=\"so-panel widget widget_heading panel-first-child panel-last-child\" data-index=\"0\" ><div class=\"panel-widget-style panel-widget-style-for-8898-0-0-0\" ><div class=\"thim-widget-heading template-base\"><div class=\"sc_heading  text-center\"><h3 style=\"text-transform: uppercase;color:#0f70b7;\" class=\"title\">NUESTRO PROGRAMA T\u00c9CNICO LABORAL POR COMPETENCIAS EN DISE\u00d1O GR\u00c1FICO Y PUBLICITARIO<\/h3><p class=\"sub-heading\" style=\"\">Resoluci\u00f3n 009219 Secretar\u00eda  de Educaci\u00f3n de Cundinamarca<\/p><span class=\"line\"><\/span><\/div><\/div><\/div><\/div><\/div><\/div><div id=\"pg-8898-1\"  class=\"panel-grid panel-no-style\" ><div id=\"pgc-8898-1-0\"  class=\"panel-grid-cell\" ><div id=\"panel-8898-1-0-0\" class=\"so-panel widget widget_tab panel-first-child panel-last-child\" data-index=\"1\" ><div class=\"thim-widget-tab template-tab\">\n<ul class=\"nav nav-tabs\" role=\"tablist\"><li role=\"presentation\" class='active tab-col-5'><a href=\"#thim-widget-tab-11776376632-1-43\"  role=\"tab\" data-toggle=\"tab\">Duraci\u00f3n<\/a><\/li><li role=\"presentation\" class='tab-col-5'><a href=\"#thim-widget-tab-21776376632-1-43\"  role=\"tab\" data-toggle=\"tab\">Objetivo<\/a><\/li><li role=\"presentation\" class='tab-col-5'><a href=\"#thim-widget-tab-31776376632-1-43\"  role=\"tab\" data-toggle=\"tab\">T\u00edtulo Otorgado<\/a><\/li><li role=\"presentation\" class='tab-col-5'><a href=\"#thim-widget-tab-41776376632-1-43\"  role=\"tab\" data-toggle=\"tab\">Perfil Ocupacional<\/a><\/li><li role=\"presentation\" class='tab-col-5'><a href=\"#thim-widget-tab-51776376632-1-43\"  role=\"tab\" data-toggle=\"tab\">Perfil Profesional<\/a><\/li><\/ul><div class=\"tab-content\"> <div role=\"tabpanel\" class=\"tab-pane active\" id=\"thim-widget-tab-11776376632-1-43\"><b>3 Semestres Te\u00f3ricos - Pr\u00e1cticos<\/b><br>\n1-\tOfim\u00e1tica y Manejo de las TIC<br>\n2-\tDise\u00f1o Gr\u00e1fico<br>\n3-\tDise\u00f1o Web<br><\/div> <div role=\"tabpanel\" class=\"tab-pane\" id=\"thim-widget-tab-21776376632-1-43\"><p style=\"text-align: justify\"> Formar <b>T\u00e9cnicos Laborales por Competencias en Dise\u00f1o Gr\u00e1fico y Publicitario<\/b>, competitivos, con conocimientos, habilidades y competencias espec\u00edficas en la preparaci\u00f3n de im\u00e1genes y piezas gr\u00e1ficas con las herramientas necesarias para desenvolverse en el entorno laboral actual siguiendo especificaciones del cliente, requisitos de seguridad y calidad, siendo creativo e innovador en sus propuestas con la capacidad de planificar e implementar soluciones visuales, acordes a las necesidades comunicativas de un entorno socio-cultural determinado.<\/div> <div role=\"tabpanel\" class=\"tab-pane\" id=\"thim-widget-tab-31776376632-1-43\"><b>T\u00e9cnico Laboral por Competencias en Dise\u00f1o Gr\u00e1fico y Publicitario<\/b><\/div> <div role=\"tabpanel\" class=\"tab-pane\" id=\"thim-widget-tab-41776376632-1-43\"><b>El egresado estar\u00e1 en capacidad de:<\/b><br>\n\n\u2022\tConsultar con los clientes para establecer la naturaleza y contenido de dise\u00f1os e ilustraciones para reproducci\u00f3n.<br>\n\u2022\tPlanificar e implementar soluciones visuales, acordes a las necesidades comunicativas de un entorno socio-cultural determinado.<br>\n\u2022\tDeterminar el medio m\u00e1s apropiado para producir el efecto visual y el m\u00e9todo de reproducci\u00f3n.<br>\n\u2022\tPreparaci\u00f3n de im\u00e1genes y piezas gr\u00e1ficas.<br>\n\u2022\tPreparar bocetos, fotograf\u00edas o ilustraciones para ser interpretados.<br>\n\u2022\tEstimar costo de materiales y tiempo de ejecuci\u00f3n del dise\u00f1o gr\u00e1fico e ilustraci\u00f3n.<br>\n\u2022\tPreparar especificaciones para el dise\u00f1o.<br>\n\u2022\tProducir dise\u00f1os finales o ilustraciones, o supervisar la producci\u00f3n de lo dise\u00f1ado por otros t\u00e9cnicos de arte gr\u00e1fico.<br>\n\u2022\tDise\u00f1ar la soluci\u00f3n multimedia de acuerdo con el plan de desarrollo del producto.<br>\n\u2022\tSon capaces de comunicar y crear recordaci\u00f3n a trav\u00e9s de un logo, una imagen visual bien sea fotograf\u00eda e ilustraci\u00f3n la identidad corporativa de una Empresa. <br>\n\u2022\tCon habilidades y destrezas en el uso de herramientas para elaborar proyectos de dise\u00f1o.<br>\n\u2022       Integrar los elementos multimedia de acuerdo con un dise\u00f1o establecido.<br>\n\u2022\tAplicar tecnolog\u00edas de la informaci\u00f3n teniendo en cuenta las necesidades de la unidad administrativa.<br>\n\u2022\tCoordinar proyectos de acuerdo con los planes y programas establecidos por la empresa.<br><\/div> <div role=\"tabpanel\" class=\"tab-pane\" id=\"thim-widget-tab-51776376632-1-43\"><b>El egresado podr\u00e1 aplicar a algunos de estos cargos o trabajar como independiente<\/b><br>\n<br>\n\u2022\tAnimador, dise\u00f1o gr\u00e1fico<br>\n\u2022\tArtista, comercial<br>\n\u2022\tArtista, gr\u00e1fico<br>\n\u2022\tAuxiliar, dibujo publicitario<br>\n\u2022\tAuxiliar, dise\u00f1o gr\u00e1fico<br>\n\u2022\tDibujante, animador - dise\u00f1o gr\u00e1fico<br>\n\u2022\tDibujante, art\u00edstico<br>\n\u2022\tDibujante, carteles<br>\n\u2022\tDibujante, publicitario<br>\n\u2022\tDise\u00f1ador gr\u00e1fico<br>\n\u2022\tDise\u00f1ador gr\u00e1fico - dibujante art\u00edstico<br>\n\u2022\tDise\u00f1ador gr\u00e1fico, animaci\u00f3n<br>\n\u2022\tDise\u00f1adores Gr\u00e1ficos y Dibujantes Art\u00edsticos<br>\n\u2022\tDise\u00f1adores y Artesanos<br>\n\u2022\tDise\u00f1ador publicitario<br>\n\u2022\tDise\u00f1ador, p\u00e1ginas Web<br>\n\u2022\tDise\u00f1adores gr\u00e1ficos y multimedia<br>\n\u2022\tDise\u00f1adores Gr\u00e1ficos y Dibujantes Art\u00edsticos<br>\n\u2022\tDise\u00f1ador de Interiores<br>\n\u2022\tIlustrador<br>\n\u2022\tPintores, Escultores y Otros Artistas Visuales<br>\n\u2022\tT\u00e9cnicos de Arte Gr\u00e1fico<br><\/div><\/div><\/div><\/div><\/div><\/div><div id=\"pg-8898-2\"  class=\"panel-grid panel-no-style\" ><div id=\"pgc-8898-2-0\"  class=\"panel-grid-cell\" ><div id=\"panel-8898-2-0-0\" class=\"so-panel widget widget_gallery-images panel-first-child panel-last-child\" data-index=\"2\" ><div class=\"thim-widget-gallery-images template-base\"><div class=\"thim-carousel-wrapper gallery-img\" data-visible=\"1\" data-itemtablet=\"2\" data-itemmobile=\"1\" data-autoplay=\"0\" data-navigation=\"0\" data-pagination=\"1\" data-loop=\"true\"><div class=\"item\"><img fetchpriority=\"high\" decoding=\"async\" width=\"2560\" height=\"1707\" src=\"https:\/\/eni.edu.co\/l\/wp-content\/uploads\/2020\/04\/929-scaled.jpg\" class=\"attachment-full size-full\" alt=\"\" srcset=\"https:\/\/eni.edu.co\/l\/wp-content\/uploads\/2020\/04\/929-scaled.jpg 2560w, https:\/\/eni.edu.co\/l\/wp-content\/uploads\/2020\/04\/929-scaled-300x200.jpg 300w, https:\/\/eni.edu.co\/l\/wp-content\/uploads\/2020\/04\/929-scaled-1024x683.jpg 1024w, https:\/\/eni.edu.co\/l\/wp-content\/uploads\/2020\/04\/929-768x512.jpg 768w, https:\/\/eni.edu.co\/l\/wp-content\/uploads\/2020\/04\/929-scaled-1536x1024.jpg 1536w, https:\/\/eni.edu.co\/l\/wp-content\/uploads\/2020\/04\/929-scaled-2048x1366.jpg 2048w, https:\/\/eni.edu.co\/l\/wp-content\/uploads\/2020\/04\/929-600x400.jpg 600w\" sizes=\"(max-width: 2560px) 100vw, 2560px\" \/><\/div><div class=\"item\"><img decoding=\"async\" width=\"2560\" height=\"1709\" src=\"https:\/\/eni.edu.co\/l\/wp-content\/uploads\/2020\/04\/46864-scaled.jpg\" class=\"attachment-full size-full\" alt=\"\" srcset=\"https:\/\/eni.edu.co\/l\/wp-content\/uploads\/2020\/04\/46864-scaled.jpg 2560w, https:\/\/eni.edu.co\/l\/wp-content\/uploads\/2020\/04\/46864-scaled-300x200.jpg 300w, https:\/\/eni.edu.co\/l\/wp-content\/uploads\/2020\/04\/46864-scaled-1024x684.jpg 1024w, https:\/\/eni.edu.co\/l\/wp-content\/uploads\/2020\/04\/46864-768x513.jpg 768w, https:\/\/eni.edu.co\/l\/wp-content\/uploads\/2020\/04\/46864-scaled-1536x1025.jpg 1536w, https:\/\/eni.edu.co\/l\/wp-content\/uploads\/2020\/04\/46864-scaled-2048x1367.jpg 2048w, https:\/\/eni.edu.co\/l\/wp-content\/uploads\/2020\/04\/46864-scaled-600x401.jpg 600w\" sizes=\"(max-width: 2560px) 100vw, 2560px\" \/><\/div><div class=\"item\"><img decoding=\"async\" width=\"2560\" height=\"1707\" src=\"https:\/\/eni.edu.co\/l\/wp-content\/uploads\/2020\/04\/OT1C8A0-scaled.jpg\" class=\"attachment-full size-full\" alt=\"\" srcset=\"https:\/\/eni.edu.co\/l\/wp-content\/uploads\/2020\/04\/OT1C8A0-scaled.jpg 2560w, https:\/\/eni.edu.co\/l\/wp-content\/uploads\/2020\/04\/OT1C8A0-scaled-300x200.jpg 300w, https:\/\/eni.edu.co\/l\/wp-content\/uploads\/2020\/04\/OT1C8A0-scaled-1024x683.jpg 1024w, https:\/\/eni.edu.co\/l\/wp-content\/uploads\/2020\/04\/OT1C8A0-768x512.jpg 768w, https:\/\/eni.edu.co\/l\/wp-content\/uploads\/2020\/04\/OT1C8A0-1536x1024.jpg 1536w, https:\/\/eni.edu.co\/l\/wp-content\/uploads\/2020\/04\/OT1C8A0-2048x1365.jpg 2048w, https:\/\/eni.edu.co\/l\/wp-content\/uploads\/2020\/04\/OT1C8A0-600x400.jpg 600w\" sizes=\"(max-width: 2560px) 100vw, 2560px\" \/><\/div><div class=\"item\"><img loading=\"lazy\" decoding=\"async\" width=\"2560\" height=\"1707\" src=\"https:\/\/eni.edu.co\/l\/wp-content\/uploads\/2020\/04\/OT1C720-scaled.jpg\" class=\"attachment-full size-full\" alt=\"\" srcset=\"https:\/\/eni.edu.co\/l\/wp-content\/uploads\/2020\/04\/OT1C720-scaled.jpg 2560w, https:\/\/eni.edu.co\/l\/wp-content\/uploads\/2020\/04\/OT1C720-scaled-300x200.jpg 300w, https:\/\/eni.edu.co\/l\/wp-content\/uploads\/2020\/04\/OT1C720-scaled-1024x683.jpg 1024w, https:\/\/eni.edu.co\/l\/wp-content\/uploads\/2020\/04\/OT1C720-768x512.jpg 768w, https:\/\/eni.edu.co\/l\/wp-content\/uploads\/2020\/04\/OT1C720-1536x1024.jpg 1536w, https:\/\/eni.edu.co\/l\/wp-content\/uploads\/2020\/04\/OT1C720-2048x1365.jpg 2048w, https:\/\/eni.edu.co\/l\/wp-content\/uploads\/2020\/04\/OT1C720-600x400.jpg 600w\" sizes=\"(max-width: 2560px) 100vw, 2560px\" \/><\/div><\/div><\/div><\/div><\/div><\/div><div id=\"pg-8898-3\"  class=\"panel-grid panel-no-style\" ><div id=\"pgc-8898-3-0\"  class=\"panel-grid-cell\" ><div id=\"panel-8898-3-0-0\" class=\"so-panel widget widget_heading panel-first-child panel-last-child\" data-index=\"3\" ><div class=\"thim-widget-heading template-base\"><div class=\"sc_heading  text-center\"><h3 style=\"text-transform: uppercase;color:#0f70b7;\" class=\"title\">Nuestro Pensum<\/h3><span class=\"line\"><\/span><\/div><\/div><\/div><\/div><\/div><div id=\"pg-8898-4\"  class=\"panel-grid panel-no-style\" ><div id=\"pgc-8898-4-0\"  class=\"panel-grid-cell\" ><div id=\"panel-8898-4-0-0\" class=\"so-panel widget widget_tab panel-first-child panel-last-child\" data-index=\"4\" ><div class=\"thim-widget-tab template-tab\">\n<ul class=\"nav nav-tabs\" role=\"tablist\"><li role=\"presentation\" class='active tab-col-4'><a href=\"#thim-widget-tab-11776376632-1-62\"  role=\"tab\" data-toggle=\"tab\">1\u00b0 Semestre<\/a><\/li><li role=\"presentation\" class='tab-col-4'><a href=\"#thim-widget-tab-21776376632-1-62\"  role=\"tab\" data-toggle=\"tab\">2\u00b0 Semestre<\/a><\/li><li role=\"presentation\" class='tab-col-4'><a href=\"#thim-widget-tab-31776376632-1-62\"  role=\"tab\" data-toggle=\"tab\">3\u00b0 Semestre<\/a><\/li><li role=\"presentation\" class='tab-col-4'><a href=\"#thim-widget-tab-41776376632-1-62\"  role=\"tab\" data-toggle=\"tab\">Opciones Pr\u00e1cticas<\/a><\/li><\/ul><div class=\"tab-content\"> <div role=\"tabpanel\" class=\"tab-pane active\" id=\"thim-widget-tab-11776376632-1-62\">\ud83d\udcbb Sistema  Operativo <br>\n\ud83d\udcbb Procesador  de  Palabras <br>\n\ud83d\udcbb Hojas  de  C\u00e1lculo <br>\n\ud83d\udcbb Presentaciones  Multimedia <br>\n\ud83d\udcbb Internet <br>\n\ud83d\udcbb Comunicaci\u00f3n para  la  Comprensi\u00f3n  (transversal )<br>\n\ud83d\udcbb \u00c9tica  y transformaci\u00f3n  del  entorno  (transversal )<br><\/div> <div role=\"tabpanel\" class=\"tab-pane\" id=\"thim-widget-tab-21776376632-1-62\">\ud83d\udcbb Proyecto  de Vida  (transversal )<br>\n\ud83d\udcbb Salud Ocupacional  (transversal )<br>\n\ud83d\udcbb Perspectiva y dibujo <br>\n\ud83d\udcbb Teor\u00eda  del  Color <br>\n\ud83d\udcbb Fotograf\u00eda <br>\n\ud83d\udcbb PHOTOSHOP<br>\n\ud83d\udcbb ILLUSTRATOR<br>\n\ud83d\udcbb COREL DRAW<br><\/div> <div role=\"tabpanel\" class=\"tab-pane\" id=\"thim-widget-tab-31776376632-1-62\">\ud83d\udcbb Proyecto  Empresarial I (transversal )<br>\n\ud83d\udcbb Proyecto  Empresarial II (transversal )<br>\n\ud83d\udcbb Programaci\u00f3n  HTML5, CSS3, PHP<br>\n\ud83d\udcbb P\u00e1ginas web con un CMS (WordPress)<br>\n\ud83d\udcbb Marketing Digital<br>\n\ud83d\udcbb Edici\u00f3n de Audio y video After Efects<br><\/div> <div role=\"tabpanel\" class=\"tab-pane\" id=\"thim-widget-tab-41776376632-1-62\">1-\tPasant\u00eda Empresarial<br>\n2-\tProyecto Productivo<br>\n3-\tUnidad Productiva<br>\n4-\tVinculaci\u00f3n Laboral<br><\/div><\/div><\/div><\/div><\/div><\/div><div id=\"pg-8898-5\"  class=\"panel-grid panel-no-style\" ><div id=\"pgc-8898-5-0\"  class=\"panel-grid-cell\" ><div id=\"panel-8898-5-0-0\" class=\"so-panel widget widget_text panel-first-child\" data-index=\"5\" ><h3 class=\"widget-title\">Env\u00edanos tus datos para m\u00e1s informaci\u00f3n de nuestro programa<\/h3>\t\t\t<div class=\"textwidget\"><\/div>\n\t\t<\/div><div id=\"panel-8898-5-0-1\" class=\"so-panel widget widget_text panel-last-child\" data-index=\"6\" >\t\t\t<div class=\"textwidget\">\n<div class=\"wpcf7 no-js\" id=\"wpcf7-f8815-o1\" lang=\"en-US\" dir=\"ltr\" data-wpcf7-id=\"8815\">\n<div class=\"screen-reader-response\"><p role=\"status\" aria-live=\"polite\" aria-atomic=\"true\"><\/p> <ul><\/ul><\/div>\n<form action=\"\/l\/wp-json\/wp\/v2\/pages\/8898#wpcf7-f8815-o1\" method=\"post\" class=\"wpcf7-form init\" aria-label=\"Contact form\" novalidate=\"novalidate\" data-status=\"init\">\n<fieldset class=\"hidden-fields-container\"><input type=\"hidden\" name=\"_wpcf7\" value=\"8815\" \/><input type=\"hidden\" name=\"_wpcf7_version\" value=\"6.1.5\" \/><input type=\"hidden\" name=\"_wpcf7_locale\" value=\"en_US\" \/><input type=\"hidden\" name=\"_wpcf7_unit_tag\" value=\"wpcf7-f8815-o1\" \/><input type=\"hidden\" name=\"_wpcf7_container_post\" value=\"0\" \/><input type=\"hidden\" name=\"_wpcf7_posted_data_hash\" value=\"\" \/>\n<\/fieldset>\n<p><span class=\"wpcf7-form-control-wrap\" data-name=\"your-name\"><input size=\"40\" maxlength=\"400\" class=\"wpcf7-form-control wpcf7-text wpcf7-validates-as-required\" aria-required=\"true\" aria-invalid=\"false\" placeholder=\"Nombre *\" value=\"\" type=\"text\" name=\"your-name\" \/><\/span>\n<\/p>\n<p><span class=\"wpcf7-form-control-wrap\" data-name=\"your-email\"><input size=\"40\" maxlength=\"400\" class=\"wpcf7-form-control wpcf7-email wpcf7-validates-as-required wpcf7-text wpcf7-validates-as-email\" aria-required=\"true\" aria-invalid=\"false\" placeholder=\"Email *\" value=\"\" type=\"email\" name=\"your-email\" \/><\/span>\n<\/p>\n<p><span class=\"wpcf7-form-control-wrap\" data-name=\"your-subject\"><input size=\"40\" maxlength=\"400\" class=\"wpcf7-form-control wpcf7-text wpcf7-validates-as-required\" aria-required=\"true\" aria-invalid=\"false\" placeholder=\"Tel\u00e9fono*\" value=\"\" type=\"text\" name=\"your-subject\" \/><\/span>\n<\/p>\n<p>Escoge tu programa <span class=\"wpcf7-form-control-wrap\" data-name=\"Programas\"><select class=\"wpcf7-form-control wpcf7-select\" aria-invalid=\"false\" name=\"Programas\"><option value=\"\">&#8212;Please choose an option&#8212;<\/option><option value=\"PROGRAMA DE CONOCIMIENTOS ACAD\u00c9MICOS EN INGL\u00c9S\">PROGRAMA DE CONOCIMIENTOS ACAD\u00c9MICOS EN INGL\u00c9S<\/option><option value=\"PROGRAMA DE CONOCIMIENTOS ACAD\u00c9MICOS EN OFIM\u00c1TICA Y MANEJO DE LAS TIC\">PROGRAMA DE CONOCIMIENTOS ACAD\u00c9MICOS EN OFIM\u00c1TICA Y MANEJO DE LAS TIC<\/option><option value=\"T\u00c9CNICO LABORAL POR COMPETENCIAS EN AUXILIAR ADMINISTRATIVO\">T\u00c9CNICO LABORAL POR COMPETENCIAS EN AUXILIAR ADMINISTRATIVO<\/option><option value=\"T\u00c9CNICO LABORAL POR COMPETENCIAS EN AUXILIAR DE BODEGA ALMAC\u00c9N Y CENTROS DE DISTRIBUCI\u00d3N\">T\u00c9CNICO LABORAL POR COMPETENCIAS EN AUXILIAR DE BODEGA ALMAC\u00c9N Y CENTROS DE DISTRIBUCI\u00d3N<\/option><option value=\"T\u00c9CNICO LABORAL POR COMPETENCIAS EN DISE\u00d1O GR\u00c1FICO Y PUBLICITARIO\">T\u00c9CNICO LABORAL POR COMPETENCIAS EN DISE\u00d1O GR\u00c1FICO Y PUBLICITARIO<\/option><option value=\"T\u00c9CNICO LABORAL POR COMPETENCIAS EN SISTEMAS INFORM\u00c1TICOS\">T\u00c9CNICO LABORAL POR COMPETENCIAS EN SISTEMAS INFORM\u00c1TICOS<\/option><option value=\"T\u00c9CNICO LABORAL POR COMPETENCIAS EN MERCADEO Y VENTAS\">T\u00c9CNICO LABORAL POR COMPETENCIAS EN MERCADEO Y VENTAS<\/option><option value=\"T\u00c9CNICO LABORAL POR COMPETENCIAS EN AUXILIAR CONTABLE, DE TESORER\u00cdA Y FINANCIERO\">T\u00c9CNICO LABORAL POR COMPETENCIAS EN AUXILIAR CONTABLE, DE TESORER\u00cdA Y FINANCIERO<\/option><option value=\"T\u00c9CNICO LABORAL POR COMPETENCIAS EN AUXILIAR EN AUTOMATIZACI\u00d3N E INSTRUMENTACI\u00d3N INDUSTRIAL, EL\u00c9CTRICA Y ELECTR\u00d3NICA\">T\u00c9CNICO LABORAL POR COMPETENCIAS EN AUXILIAR EN AUTOMATIZACI\u00d3N E INSTRUMENTACI\u00d3N INDUSTRIAL, EL\u00c9CTRICA Y ELECTR\u00d3NICA<\/option><\/select><\/span><br \/>\n\u00bfEn qu\u00e9 Sede quieres estudiar? <span class=\"wpcf7-form-control-wrap\" data-name=\"Sedes\"><select class=\"wpcf7-form-control wpcf7-select\" aria-invalid=\"false\" name=\"Sedes\"><option value=\"\">&#8212;Please choose an option&#8212;<\/option><option value=\"ZIPAQUIR\u00c1\">ZIPAQUIR\u00c1<\/option><option value=\"TOCANCIP\u00c1\">TOCANCIP\u00c1<\/option><\/select><\/span><br \/>\n\u00bfCu\u00e1l modalidad prefieres? <span class=\"wpcf7-form-control-wrap\" data-name=\"Modalidad\"><select class=\"wpcf7-form-control wpcf7-select\" aria-invalid=\"false\" name=\"Modalidad\"><option value=\"\">&#8212;Please choose an option&#8212;<\/option><option value=\"PRESENCIAL\">PRESENCIAL<\/option><option value=\"EN L\u00cdNEA\">EN L\u00cdNEA<\/option><\/select><\/span><br \/>\n\u00bfAhora elije tu horario? <span class=\"wpcf7-form-control-wrap\" data-name=\"Horarios\"><select class=\"wpcf7-form-control wpcf7-select\" aria-invalid=\"false\" name=\"Horarios\"><option value=\"\">&#8212;Please choose an option&#8212;<\/option><option value=\"MA\u00d1ANA\">MA\u00d1ANA<\/option><option value=\"TARDE\/NOCHE\">TARDE\/NOCHE<\/option><option value=\"S\u00c1BADOS\">S\u00c1BADOS<\/option><\/select><\/span>\n<\/p>\n<p><span class=\"wpcf7-form-control-wrap\" data-name=\"your-message\"><textarea cols=\"40\" rows=\"10\" maxlength=\"2000\" class=\"wpcf7-form-control wpcf7-textarea wpcf7-validates-as-required\" aria-required=\"true\" aria-invalid=\"false\" placeholder=\"Mensaje *\" name=\"your-message\"><\/textarea><\/span>\n<\/p>\n<p><input class=\"wpcf7-form-control wpcf7-submit has-spinner\" type=\"submit\" value=\"Enviar\" \/>\n<\/p><div class=\"wpcf7-response-output\" aria-hidden=\"true\"><\/div>\n<\/form>\n<\/div>\n\n<p>&nbsp;<\/p>\n<\/div>\n\t\t<\/div><\/div><div id=\"pgc-8898-5-1\"  class=\"panel-grid-cell\" ><div id=\"panel-8898-5-1-0\" class=\"so-panel widget widget_media_video panel-first-child panel-last-child\" data-index=\"7\" ><div class=\"panel-widget-style panel-widget-style-for-8898-5-1-0\" ><div style=\"width:100%;\" class=\"wp-video\"><video class=\"wp-video-shortcode\" id=\"video-8898-1\" preload=\"metadata\" controls=\"controls\"><source type=\"video\/mp4\" src=\"https:\/\/eni.edu.co\/l\/wp-content\/uploads\/2024\/01\/Escuela-Nacional-de-Informatica-e-Idiomas.mp4?_=1\" \/><source type=\"video\/mp4\" src=\"https:\/\/eni.edu.co\/l\/wp-content\/uploads\/2024\/01\/Escuela-Nacional-de-Informatica-e-Idiomas.mp4?_=1\" \/><a href=\"https:\/\/eni.edu.co\/l\/wp-content\/uploads\/2024\/01\/Escuela-Nacional-de-Informatica-e-Idiomas.mp4\">https:\/\/eni.edu.co\/l\/wp-content\/uploads\/2024\/01\/Escuela-Nacional-de-Informatica-e-Idiomas.mp4<\/a><\/video><\/div><\/div><\/div><\/div><\/div><\/div>","protected":false},"excerpt":{"rendered":"<p>NUESTRO PROGRAMA T\u00c9CNICO LABORAL POR COMPETENCIAS EN DISE\u00d1O GR\u00c1FICO Y PUBLICITARIOResoluci\u00f3n 009219 Secretar\u00eda de Educaci\u00f3n de Cundinamarca Duraci\u00f3nObjetivoT\u00edtulo OtorgadoPerfil OcupacionalPerfil Profesional 3 Semestres Te\u00f3ricos &#8211; Pr\u00e1cticos 1- Ofim\u00e1tica y Manejo de las TIC 2- Dise\u00f1o Gr\u00e1fico 3- Dise\u00f1o Web Formar &hellip; <\/p>\n","protected":false},"author":1,"featured_media":0,"parent":0,"menu_order":0,"comment_status":"closed","ping_status":"closed","template":"","meta":{"pmpro_default_level":"","footnotes":"","_links_to":"","_links_to_target":""},"class_list":["post-8898","page","type-page","status-publish","hentry","pmpro-has-access"],"_links":{"self":[{"href":"https:\/\/eni.edu.co\/l\/wp-json\/wp\/v2\/pages\/8898","targetHints":{"allow":["GET"]}}],"collection":[{"href":"https:\/\/eni.edu.co\/l\/wp-json\/wp\/v2\/pages"}],"about":[{"href":"https:\/\/eni.edu.co\/l\/wp-json\/wp\/v2\/types\/page"}],"author":[{"embeddable":true,"href":"https:\/\/eni.edu.co\/l\/wp-json\/wp\/v2\/users\/1"}],"replies":[{"embeddable":true,"href":"https:\/\/eni.edu.co\/l\/wp-json\/wp\/v2\/comments?post=8898"}],"version-history":[{"count":32,"href":"https:\/\/eni.edu.co\/l\/wp-json\/wp\/v2\/pages\/8898\/revisions"}],"predecessor-version":[{"id":11536,"href":"https:\/\/eni.edu.co\/l\/wp-json\/wp\/v2\/pages\/8898\/revisions\/11536"}],"wp:attachment":[{"href":"https:\/\/eni.edu.co\/l\/wp-json\/wp\/v2\/media?parent=8898"}],"curies":[{"name":"wp","href":"https:\/\/api.w.org\/{rel}","templated":true}]}}