{"id":8920,"date":"2020-04-11T03:13:20","date_gmt":"2020-04-11T03:13:20","guid":{"rendered":"https:\/\/eni.edu.co\/l\/?page_id=8920"},"modified":"2026-02-09T18:01:38","modified_gmt":"2026-02-09T18:01:38","slug":"auxiliar-administrativo","status":"publish","type":"page","link":"https:\/\/eni.edu.co\/l\/auxiliar-administrativo\/","title":{"rendered":"Auxiliar Administrativo"},"content":{"rendered":"<div id=\"pl-8920\"  class=\"panel-layout\" ><div id=\"pg-8920-0\"  class=\"panel-grid panel-no-style\" ><div id=\"pgc-8920-0-0\"  class=\"panel-grid-cell\" ><div id=\"panel-8920-0-0-0\" class=\"so-panel widget widget_heading panel-first-child panel-last-child\" data-index=\"0\" ><div class=\"panel-widget-style panel-widget-style-for-8920-0-0-0\" ><div class=\"thim-widget-heading template-base\"><div class=\"sc_heading  text-center\"><h3 style=\"text-transform: uppercase;color:#0f70b7;\" class=\"title\">NUESTRO PROGRAMA T\u00c9CNICO LABORAL POR  COMPETENCIAS EN AUXILIAR ADMINISTRATIVO<\/h3><p class=\"sub-heading\" style=\"\">Resoluci\u00f3n E-399 Secretar\u00eda de Educaci\u00f3n de Zipaquir\u00e1.<br>\nResoluci\u00f3n 009219 Secretar\u00eda de Educaci\u00f3n de Cundinamarca.<\/p><span class=\"line\"><\/span><\/div><\/div><\/div><\/div><\/div><\/div><div id=\"pg-8920-1\"  class=\"panel-grid panel-no-style\" ><div id=\"pgc-8920-1-0\"  class=\"panel-grid-cell\" ><div id=\"panel-8920-1-0-0\" class=\"so-panel widget widget_tab panel-first-child panel-last-child\" data-index=\"1\" ><div class=\"thim-widget-tab template-tab\">\n<ul class=\"nav nav-tabs\" role=\"tablist\"><li role=\"presentation\" class='active tab-col-5'><a href=\"#thim-widget-tab-11776376242-1-100\"  role=\"tab\" data-toggle=\"tab\">Duraci\u00f3n<\/a><\/li><li role=\"presentation\" class='tab-col-5'><a href=\"#thim-widget-tab-21776376242-1-100\"  role=\"tab\" data-toggle=\"tab\">Objetivo<\/a><\/li><li role=\"presentation\" class='tab-col-5'><a href=\"#thim-widget-tab-31776376242-1-100\"  role=\"tab\" data-toggle=\"tab\">T\u00edtulo Otorgado<\/a><\/li><li role=\"presentation\" class='tab-col-5'><a href=\"#thim-widget-tab-41776376242-1-100\"  role=\"tab\" data-toggle=\"tab\">Perfil ocupacional<\/a><\/li><li role=\"presentation\" class='tab-col-5'><a href=\"#thim-widget-tab-51776376242-1-100\"  role=\"tab\" data-toggle=\"tab\">Perfil profesional<\/a><\/li><\/ul><div class=\"tab-content\"> <div role=\"tabpanel\" class=\"tab-pane active\" id=\"thim-widget-tab-11776376242-1-100\"><b>3 semestres Te\u00f3ricos - Pr\u00e1cticos<\/b><br>\n1-\tOfim\u00e1tica y Manejo de las TIC<br>\n2-\tGesti\u00f3n Administrativa<br>\n3-\tGesti\u00f3n Contable<br><\/div> <div role=\"tabpanel\" class=\"tab-pane\" id=\"thim-widget-tab-21776376242-1-100\"><p style=\"text-align: justify\">Formar integralmente <b>T\u00e9cnicos laborales por competencias en Auxiliar Administrativo<\/b> con habilidad de encargarse en el buen funcionamiento de una oficina o empresa. Realizando labores administrativas, tales como: archivar, verificar, recopilar, registrar toda clase de documentos, planificar y coordinar las actividades de acuerdo con los procedimientos, pautas y programaciones que requieran las empresas del sector p\u00fablico y privado.<\/div> <div role=\"tabpanel\" class=\"tab-pane\" id=\"thim-widget-tab-31776376242-1-100\"><b>T\u00e9cnico Laboral por Competencias en Auxiliar Administrativo<\/b><\/div> <div role=\"tabpanel\" class=\"tab-pane\" id=\"thim-widget-tab-41776376242-1-100\"><b>El egresado estar\u00e1 en capacidad de:<\/b><br>\n<br>\n- Elaborar documentos de acuerdo con normas t\u00e9cnicas y administrativas<br>\n- Organizar reuniones administrativas de acuerdo con procedimientos t\u00e9cnicos.<br>\n- Organizar y clasificar los documentos de la unidad administrativa, de acuerdo a los centros de costos existentes teniendo en cuenta legislaci\u00f3n vigente.<br>\n- Atender clientes de acuerdo con procedimiento de servicio y normativa.<br>\n- Procesar datos de acuerdo con procedimiento t\u00e9cnico y metodolog\u00eda estad\u00edstica.<br>\n- Aplicar tecnolog\u00edas de la informaci\u00f3n teniendo en cuenta las necesidades de la unidad administrativa.<br>\n- Desempe\u00f1arse eficientemente en cualquier \u00e1rea de una organizaci\u00f3n como cartera, servicio al cliente, talento humano, n\u00f3mina, call center, facturaci\u00f3n, etc<br>\n- Realizar actividades administrativas de archivo, control y elaboraci\u00f3n de correspondencia, digitar y registrar las transacciones contables de las -operaciones de la compa\u00f1\u00eda y verificar su adecuada contabilizaci\u00f3n, elaborar n\u00f3mina y liquidaci\u00f3n de seguridad social.<br>\n- Recibir la correspondencia, radicarla y entregarla, tanto interna como externa.<br>\n- Mantener actualizados los documentos legales de la compa\u00f1\u00eda y entregar al personal que lo requiera.<br>\n- Administrar la papeler\u00eda y elementos de uso de la compa\u00f1\u00eda llevando registros en las planillas indicadas.<br>\n- Atender de manera \u00e1gil, amable y eficaz las llamadas telef\u00f3nicas del conmutador.<br>\n- Participar en la identificaci\u00f3n de los riesgos de su \u00e1rea de trabajo y en la generaci\u00f3n de acciones de mejora para su prevenci\u00f3n.<br><\/div> <div role=\"tabpanel\" class=\"tab-pane\" id=\"thim-widget-tab-51776376242-1-100\"><b>El egresado podr\u00e1 aplicar a algunos de estos cargos del sector p\u00fablico o privado:<\/b><br>\n<br>\na)\tAuxiliar administrativo<br>\nb)\tAuxiliar de oficina<br>\nc)\tAsistentes Administrativos<br>\nd)\tAuxiliares administrativos<br>\ne)\tOficinista<br>\nf)\tAuxiliar de apoyo administrativo<br>\ng)\tSecretarios<br>\nh)\tAuxiliares de Talento humano<br>\ni)\tAuxiliares de Tribunales<br>\nj)\tAuxiliares Administrativos en salud<br>\nk)\tSupervisiores de empleados de Apoyo Administrativo<br><\/div><\/div><\/div><\/div><\/div><\/div><div id=\"pg-8920-2\"  class=\"panel-grid panel-no-style\" ><div id=\"pgc-8920-2-0\"  class=\"panel-grid-cell\" ><div id=\"panel-8920-2-0-0\" class=\"so-panel widget widget_gallery-images panel-first-child panel-last-child\" data-index=\"2\" ><div class=\"thim-widget-gallery-images template-base\"><div class=\"thim-carousel-wrapper gallery-img\" data-visible=\"1\" data-itemtablet=\"2\" data-itemmobile=\"1\" data-autoplay=\"2\" data-navigation=\"0\" data-pagination=\"1\" data-loop=\"true\"><div class=\"item\"><img fetchpriority=\"high\" decoding=\"async\" width=\"2560\" height=\"1709\" src=\"https:\/\/eni.edu.co\/l\/wp-content\/uploads\/2020\/04\/147-scaled.jpg\" class=\"attachment-full size-full\" alt=\"\" srcset=\"https:\/\/eni.edu.co\/l\/wp-content\/uploads\/2020\/04\/147-scaled.jpg 2560w, https:\/\/eni.edu.co\/l\/wp-content\/uploads\/2020\/04\/147-scaled-300x200.jpg 300w, https:\/\/eni.edu.co\/l\/wp-content\/uploads\/2020\/04\/147-scaled-1024x684.jpg 1024w, https:\/\/eni.edu.co\/l\/wp-content\/uploads\/2020\/04\/147-768x513.jpg 768w, https:\/\/eni.edu.co\/l\/wp-content\/uploads\/2020\/04\/147-scaled-1536x1025.jpg 1536w, https:\/\/eni.edu.co\/l\/wp-content\/uploads\/2020\/04\/147-scaled-2048x1367.jpg 2048w, https:\/\/eni.edu.co\/l\/wp-content\/uploads\/2020\/04\/147-scaled-600x401.jpg 600w\" sizes=\"(max-width: 2560px) 100vw, 2560px\" \/><\/div><div class=\"item\"><img decoding=\"async\" width=\"2560\" height=\"1707\" src=\"https:\/\/eni.edu.co\/l\/wp-content\/uploads\/2020\/04\/3977-scaled.jpg\" class=\"attachment-full size-full\" alt=\"\" srcset=\"https:\/\/eni.edu.co\/l\/wp-content\/uploads\/2020\/04\/3977-scaled.jpg 2560w, https:\/\/eni.edu.co\/l\/wp-content\/uploads\/2020\/04\/3977-scaled-300x200.jpg 300w, https:\/\/eni.edu.co\/l\/wp-content\/uploads\/2020\/04\/3977-scaled-1024x683.jpg 1024w, https:\/\/eni.edu.co\/l\/wp-content\/uploads\/2020\/04\/3977-768x512.jpg 768w, https:\/\/eni.edu.co\/l\/wp-content\/uploads\/2020\/04\/3977-1536x1024.jpg 1536w, https:\/\/eni.edu.co\/l\/wp-content\/uploads\/2020\/04\/3977-2048x1365.jpg 2048w, https:\/\/eni.edu.co\/l\/wp-content\/uploads\/2020\/04\/3977-600x400.jpg 600w\" sizes=\"(max-width: 2560px) 100vw, 2560px\" \/><\/div><div class=\"item\"><img decoding=\"async\" width=\"2560\" height=\"1735\" src=\"https:\/\/eni.edu.co\/l\/wp-content\/uploads\/2020\/04\/15590-scaled.jpg\" class=\"attachment-full size-full\" alt=\"\" srcset=\"https:\/\/eni.edu.co\/l\/wp-content\/uploads\/2020\/04\/15590-scaled.jpg 2560w, https:\/\/eni.edu.co\/l\/wp-content\/uploads\/2020\/04\/15590-scaled-300x203.jpg 300w, https:\/\/eni.edu.co\/l\/wp-content\/uploads\/2020\/04\/15590-scaled-1024x694.jpg 1024w, https:\/\/eni.edu.co\/l\/wp-content\/uploads\/2020\/04\/15590-768x520.jpg 768w, https:\/\/eni.edu.co\/l\/wp-content\/uploads\/2020\/04\/15590-1536x1041.jpg 1536w, https:\/\/eni.edu.co\/l\/wp-content\/uploads\/2020\/04\/15590-2048x1388.jpg 2048w, https:\/\/eni.edu.co\/l\/wp-content\/uploads\/2020\/04\/15590-600x407.jpg 600w\" sizes=\"(max-width: 2560px) 100vw, 2560px\" \/><\/div><div class=\"item\"><img loading=\"lazy\" decoding=\"async\" width=\"2560\" height=\"1707\" src=\"https:\/\/eni.edu.co\/l\/wp-content\/uploads\/2020\/04\/140874-OSX7ER-556-scaled.jpg\" class=\"attachment-full size-full\" alt=\"\" srcset=\"https:\/\/eni.edu.co\/l\/wp-content\/uploads\/2020\/04\/140874-OSX7ER-556-scaled.jpg 2560w, https:\/\/eni.edu.co\/l\/wp-content\/uploads\/2020\/04\/140874-OSX7ER-556-scaled-300x200.jpg 300w, https:\/\/eni.edu.co\/l\/wp-content\/uploads\/2020\/04\/140874-OSX7ER-556-scaled-1024x683.jpg 1024w, https:\/\/eni.edu.co\/l\/wp-content\/uploads\/2020\/04\/140874-OSX7ER-556-768x512.jpg 768w, https:\/\/eni.edu.co\/l\/wp-content\/uploads\/2020\/04\/140874-OSX7ER-556-1536x1024.jpg 1536w, https:\/\/eni.edu.co\/l\/wp-content\/uploads\/2020\/04\/140874-OSX7ER-556-2048x1365.jpg 2048w, https:\/\/eni.edu.co\/l\/wp-content\/uploads\/2020\/04\/140874-OSX7ER-556-600x400.jpg 600w\" sizes=\"(max-width: 2560px) 100vw, 2560px\" \/><\/div><div class=\"item\"><img loading=\"lazy\" decoding=\"async\" width=\"2560\" height=\"1707\" src=\"https:\/\/eni.edu.co\/l\/wp-content\/uploads\/2020\/04\/140990-OSX7PT-817-scaled.jpg\" class=\"attachment-full size-full\" alt=\"\" srcset=\"https:\/\/eni.edu.co\/l\/wp-content\/uploads\/2020\/04\/140990-OSX7PT-817-scaled.jpg 2560w, https:\/\/eni.edu.co\/l\/wp-content\/uploads\/2020\/04\/140990-OSX7PT-817-scaled-300x200.jpg 300w, https:\/\/eni.edu.co\/l\/wp-content\/uploads\/2020\/04\/140990-OSX7PT-817-scaled-1024x683.jpg 1024w, https:\/\/eni.edu.co\/l\/wp-content\/uploads\/2020\/04\/140990-OSX7PT-817-768x512.jpg 768w, https:\/\/eni.edu.co\/l\/wp-content\/uploads\/2020\/04\/140990-OSX7PT-817-scaled-1536x1024.jpg 1536w, https:\/\/eni.edu.co\/l\/wp-content\/uploads\/2020\/04\/140990-OSX7PT-817-scaled-2048x1366.jpg 2048w, https:\/\/eni.edu.co\/l\/wp-content\/uploads\/2020\/04\/140990-OSX7PT-817-scaled-600x400.jpg 600w\" sizes=\"(max-width: 2560px) 100vw, 2560px\" \/><\/div><div class=\"item\"><img loading=\"lazy\" decoding=\"async\" width=\"390\" height=\"300\" src=\"https:\/\/eni.edu.co\/l\/wp-content\/uploads\/2020\/06\/6.png\" class=\"attachment-full size-full\" alt=\"\" srcset=\"https:\/\/eni.edu.co\/l\/wp-content\/uploads\/2020\/06\/6.png 390w, https:\/\/eni.edu.co\/l\/wp-content\/uploads\/2020\/06\/6-300x231.png 300w\" sizes=\"(max-width: 390px) 100vw, 390px\" \/><\/div><\/div><\/div><\/div><\/div><\/div><div id=\"pg-8920-3\"  class=\"panel-grid panel-no-style\" ><div id=\"pgc-8920-3-0\"  class=\"panel-grid-cell\" ><div id=\"panel-8920-3-0-0\" class=\"so-panel widget widget_heading panel-first-child panel-last-child\" data-index=\"3\" ><div class=\"thim-widget-heading template-base\"><div class=\"sc_heading  text-center\"><h3 style=\"text-transform: uppercase;color:#0f70b7;\" class=\"title\">Nuestro Pensum<\/h3><span class=\"line\"><\/span><\/div><\/div><\/div><\/div><\/div><div id=\"pg-8920-4\"  class=\"panel-grid panel-no-style\" ><div id=\"pgc-8920-4-0\"  class=\"panel-grid-cell\" ><div id=\"panel-8920-4-0-0\" class=\"so-panel widget widget_tab panel-first-child panel-last-child\" data-index=\"4\" ><div class=\"thim-widget-tab template-tab\">\n<ul class=\"nav nav-tabs\" role=\"tablist\"><li role=\"presentation\" class='active tab-col-4'><a href=\"#thim-widget-tab-11776376242-1-18\"  role=\"tab\" data-toggle=\"tab\">1\u00b0 Semestre<\/a><\/li><li role=\"presentation\" class='tab-col-4'><a href=\"#thim-widget-tab-21776376242-1-18\"  role=\"tab\" data-toggle=\"tab\">2\u00b0 Semestre<\/a><\/li><li role=\"presentation\" class='tab-col-4'><a href=\"#thim-widget-tab-31776376242-1-18\"  role=\"tab\" data-toggle=\"tab\">3\u00b0 Semestre<\/a><\/li><li role=\"presentation\" class='tab-col-4'><a href=\"#thim-widget-tab-41776376242-1-18\"  role=\"tab\" data-toggle=\"tab\">Opciones Pr\u00e1cticas<\/a><\/li><\/ul><div class=\"tab-content\"> <div role=\"tabpanel\" class=\"tab-pane active\" id=\"thim-widget-tab-11776376242-1-18\">\ud83d\udcbb Sistema Operativo<br>\n\ud83d\udcbb Procesador de Palabras<br>\n\ud83d\udcbb Hoja de C\u00e1lculo <br>\n\ud83d\udcbb Presentaciones Multimedia<br>\n\ud83d\udcbb Internet<br>\n\ud83d\udcbb Comunicaci\u00f3n para la Comprensi\u00f3n (Transversal)<br>\n\ud83d\udcbb \u00c9tica (Transversal<br><\/div> <div role=\"tabpanel\" class=\"tab-pane\" id=\"thim-widget-tab-21776376242-1-18\">\ud83d\udcbb Proyecto de Vida (Transversal)<br>\n\ud83d\udcbb Salud Ocupacional (Transversal)<br>\n\ud83d\udcbb Estad\u00edstica<br>\n\ud83d\udcbb Talento Humano<br>\n\ud83d\udcbb Servicio y Atenci\u00f3n al Cliente<br>\n\ud83d\udcbb Gesti\u00f3n de Eventos<br><\/div> <div role=\"tabpanel\" class=\"tab-pane\" id=\"thim-widget-tab-31776376242-1-18\">\ud83d\udcbb Proyecto Empresarial I (Transversal).<br>\n\ud83d\udcbb Proyecto Empresarial II (Transversal).<br>\n\ud83d\udcbb Contabilidad I.<br>\n\ud83d\udcbb Contabilidad II.<br>\n\ud83d\udcbb Gesti\u00f3n Documental y Archivo.<br>\n\ud83d\udcbb Gesti\u00f3n Administrativa y Documental.<br><\/div> <div role=\"tabpanel\" class=\"tab-pane\" id=\"thim-widget-tab-41776376242-1-18\">\ud83d\udcbb Pasant\u00eda empresarial<br>\n\ud83d\udcbb Proyecto productivo<br>\n\ud83d\udcbb Unidad Productiva<br>\n\ud83d\udcbb Vinculaci\u00f3n Laboral<br><\/div><\/div><\/div><\/div><\/div><\/div><div id=\"pg-8920-5\"  class=\"panel-grid panel-no-style\" ><div id=\"pgc-8920-5-0\"  class=\"panel-grid-cell\" ><div id=\"panel-8920-5-0-0\" class=\"so-panel widget widget_text panel-first-child\" data-index=\"5\" ><h3 class=\"widget-title\">Env\u00edanos tus datos para m\u00e1s informaci\u00f3n de nuestro programa<\/h3>\t\t\t<div class=\"textwidget\"><\/div>\n\t\t<\/div><div id=\"panel-8920-5-0-1\" class=\"so-panel widget widget_text panel-last-child\" data-index=\"6\" >\t\t\t<div class=\"textwidget\">\n<div class=\"wpcf7 no-js\" id=\"wpcf7-f8815-o1\" lang=\"en-US\" dir=\"ltr\" data-wpcf7-id=\"8815\">\n<div class=\"screen-reader-response\"><p role=\"status\" aria-live=\"polite\" aria-atomic=\"true\"><\/p> <ul><\/ul><\/div>\n<form action=\"\/l\/wp-json\/wp\/v2\/pages\/8920#wpcf7-f8815-o1\" method=\"post\" class=\"wpcf7-form init\" aria-label=\"Contact form\" novalidate=\"novalidate\" data-status=\"init\">\n<fieldset class=\"hidden-fields-container\"><input type=\"hidden\" name=\"_wpcf7\" value=\"8815\" \/><input type=\"hidden\" name=\"_wpcf7_version\" value=\"6.1.5\" \/><input type=\"hidden\" name=\"_wpcf7_locale\" value=\"en_US\" \/><input type=\"hidden\" name=\"_wpcf7_unit_tag\" value=\"wpcf7-f8815-o1\" \/><input type=\"hidden\" name=\"_wpcf7_container_post\" value=\"0\" \/><input type=\"hidden\" name=\"_wpcf7_posted_data_hash\" value=\"\" \/>\n<\/fieldset>\n<p><span class=\"wpcf7-form-control-wrap\" data-name=\"your-name\"><input size=\"40\" maxlength=\"400\" class=\"wpcf7-form-control wpcf7-text wpcf7-validates-as-required\" aria-required=\"true\" aria-invalid=\"false\" placeholder=\"Nombre *\" value=\"\" type=\"text\" name=\"your-name\" \/><\/span>\n<\/p>\n<p><span class=\"wpcf7-form-control-wrap\" data-name=\"your-email\"><input size=\"40\" maxlength=\"400\" class=\"wpcf7-form-control wpcf7-email wpcf7-validates-as-required wpcf7-text wpcf7-validates-as-email\" aria-required=\"true\" aria-invalid=\"false\" placeholder=\"Email *\" value=\"\" type=\"email\" name=\"your-email\" \/><\/span>\n<\/p>\n<p><span class=\"wpcf7-form-control-wrap\" data-name=\"your-subject\"><input size=\"40\" maxlength=\"400\" class=\"wpcf7-form-control wpcf7-text wpcf7-validates-as-required\" aria-required=\"true\" aria-invalid=\"false\" placeholder=\"Tel\u00e9fono*\" value=\"\" type=\"text\" name=\"your-subject\" \/><\/span>\n<\/p>\n<p>Escoge tu programa <span class=\"wpcf7-form-control-wrap\" data-name=\"Programas\"><select class=\"wpcf7-form-control wpcf7-select\" aria-invalid=\"false\" name=\"Programas\"><option value=\"\">&#8212;Please choose an option&#8212;<\/option><option value=\"PROGRAMA DE CONOCIMIENTOS ACAD\u00c9MICOS EN INGL\u00c9S\">PROGRAMA DE CONOCIMIENTOS ACAD\u00c9MICOS EN INGL\u00c9S<\/option><option value=\"PROGRAMA DE CONOCIMIENTOS ACAD\u00c9MICOS EN OFIM\u00c1TICA Y MANEJO DE LAS TIC\">PROGRAMA DE CONOCIMIENTOS ACAD\u00c9MICOS EN OFIM\u00c1TICA Y MANEJO DE LAS TIC<\/option><option value=\"T\u00c9CNICO LABORAL POR COMPETENCIAS EN AUXILIAR ADMINISTRATIVO\">T\u00c9CNICO LABORAL POR COMPETENCIAS EN AUXILIAR ADMINISTRATIVO<\/option><option value=\"T\u00c9CNICO LABORAL POR COMPETENCIAS EN AUXILIAR DE BODEGA ALMAC\u00c9N Y CENTROS DE DISTRIBUCI\u00d3N\">T\u00c9CNICO LABORAL POR COMPETENCIAS EN AUXILIAR DE BODEGA ALMAC\u00c9N Y CENTROS DE DISTRIBUCI\u00d3N<\/option><option value=\"T\u00c9CNICO LABORAL POR COMPETENCIAS EN DISE\u00d1O GR\u00c1FICO Y PUBLICITARIO\">T\u00c9CNICO LABORAL POR COMPETENCIAS EN DISE\u00d1O GR\u00c1FICO Y PUBLICITARIO<\/option><option value=\"T\u00c9CNICO LABORAL POR COMPETENCIAS EN SISTEMAS INFORM\u00c1TICOS\">T\u00c9CNICO LABORAL POR COMPETENCIAS EN SISTEMAS INFORM\u00c1TICOS<\/option><option value=\"T\u00c9CNICO LABORAL POR COMPETENCIAS EN MERCADEO Y VENTAS\">T\u00c9CNICO LABORAL POR COMPETENCIAS EN MERCADEO Y VENTAS<\/option><option value=\"T\u00c9CNICO LABORAL POR COMPETENCIAS EN AUXILIAR CONTABLE, DE TESORER\u00cdA Y FINANCIERO\">T\u00c9CNICO LABORAL POR COMPETENCIAS EN AUXILIAR CONTABLE, DE TESORER\u00cdA Y FINANCIERO<\/option><option value=\"T\u00c9CNICO LABORAL POR COMPETENCIAS EN AUXILIAR EN AUTOMATIZACI\u00d3N E INSTRUMENTACI\u00d3N INDUSTRIAL, EL\u00c9CTRICA Y ELECTR\u00d3NICA\">T\u00c9CNICO LABORAL POR COMPETENCIAS EN AUXILIAR EN AUTOMATIZACI\u00d3N E INSTRUMENTACI\u00d3N INDUSTRIAL, EL\u00c9CTRICA Y ELECTR\u00d3NICA<\/option><\/select><\/span><br \/>\n\u00bfEn qu\u00e9 Sede quieres estudiar? <span class=\"wpcf7-form-control-wrap\" data-name=\"Sedes\"><select class=\"wpcf7-form-control wpcf7-select\" aria-invalid=\"false\" name=\"Sedes\"><option value=\"\">&#8212;Please choose an option&#8212;<\/option><option value=\"ZIPAQUIR\u00c1\">ZIPAQUIR\u00c1<\/option><option value=\"TOCANCIP\u00c1\">TOCANCIP\u00c1<\/option><\/select><\/span><br \/>\n\u00bfCu\u00e1l modalidad prefieres? <span class=\"wpcf7-form-control-wrap\" data-name=\"Modalidad\"><select class=\"wpcf7-form-control wpcf7-select\" aria-invalid=\"false\" name=\"Modalidad\"><option value=\"\">&#8212;Please choose an option&#8212;<\/option><option value=\"PRESENCIAL\">PRESENCIAL<\/option><option value=\"EN L\u00cdNEA\">EN L\u00cdNEA<\/option><\/select><\/span><br \/>\n\u00bfAhora elije tu horario? <span class=\"wpcf7-form-control-wrap\" data-name=\"Horarios\"><select class=\"wpcf7-form-control wpcf7-select\" aria-invalid=\"false\" name=\"Horarios\"><option value=\"\">&#8212;Please choose an option&#8212;<\/option><option value=\"MA\u00d1ANA\">MA\u00d1ANA<\/option><option value=\"TARDE\/NOCHE\">TARDE\/NOCHE<\/option><option value=\"S\u00c1BADOS\">S\u00c1BADOS<\/option><\/select><\/span>\n<\/p>\n<p><span class=\"wpcf7-form-control-wrap\" data-name=\"your-message\"><textarea cols=\"40\" rows=\"10\" maxlength=\"2000\" class=\"wpcf7-form-control wpcf7-textarea wpcf7-validates-as-required\" aria-required=\"true\" aria-invalid=\"false\" placeholder=\"Mensaje *\" name=\"your-message\"><\/textarea><\/span>\n<\/p>\n<p><input class=\"wpcf7-form-control wpcf7-submit has-spinner\" type=\"submit\" value=\"Enviar\" \/>\n<\/p><div class=\"wpcf7-response-output\" aria-hidden=\"true\"><\/div>\n<\/form>\n<\/div>\n\n<p>&nbsp;<\/p>\n<\/div>\n\t\t<\/div><\/div><div id=\"pgc-8920-5-1\"  class=\"panel-grid-cell\" ><div id=\"panel-8920-5-1-0\" class=\"so-panel widget widget_media_video panel-first-child panel-last-child\" data-index=\"7\" ><div class=\"panel-widget-style panel-widget-style-for-8920-5-1-0\" ><div style=\"width:100%;\" class=\"wp-video\"><video class=\"wp-video-shortcode\" id=\"video-8920-1\" preload=\"metadata\" controls=\"controls\"><source type=\"video\/mp4\" src=\"https:\/\/eni.edu.co\/l\/wp-content\/uploads\/2020\/04\/Pexels-Videos-2397246.mp4?_=1\" \/><source type=\"video\/mp4\" src=\"https:\/\/eni.edu.co\/l\/wp-content\/uploads\/2020\/04\/Pexels-Videos-2397246.mp4?_=1\" \/><a href=\"https:\/\/eni.edu.co\/l\/wp-content\/uploads\/2020\/04\/Pexels-Videos-2397246.mp4\">https:\/\/eni.edu.co\/l\/wp-content\/uploads\/2020\/04\/Pexels-Videos-2397246.mp4<\/a><\/video><\/div><\/div><\/div><\/div><\/div><\/div>","protected":false},"excerpt":{"rendered":"<p>NUESTRO PROGRAMA T\u00c9CNICO LABORAL POR COMPETENCIAS EN AUXILIAR ADMINISTRATIVOResoluci\u00f3n E-399 Secretar\u00eda de Educaci\u00f3n de Zipaquir\u00e1. Resoluci\u00f3n 009219 Secretar\u00eda de Educaci\u00f3n de Cundinamarca. Duraci\u00f3nObjetivoT\u00edtulo OtorgadoPerfil ocupacionalPerfil profesional 3 semestres Te\u00f3ricos &#8211; Pr\u00e1cticos 1- Ofim\u00e1tica y Manejo de las TIC 2- Gesti\u00f3n &hellip; <\/p>\n","protected":false},"author":1,"featured_media":0,"parent":0,"menu_order":0,"comment_status":"closed","ping_status":"closed","template":"","meta":{"pmpro_default_level":"","footnotes":"","_links_to":"","_links_to_target":""},"class_list":["post-8920","page","type-page","status-publish","hentry","pmpro-has-access"],"_links":{"self":[{"href":"https:\/\/eni.edu.co\/l\/wp-json\/wp\/v2\/pages\/8920","targetHints":{"allow":["GET"]}}],"collection":[{"href":"https:\/\/eni.edu.co\/l\/wp-json\/wp\/v2\/pages"}],"about":[{"href":"https:\/\/eni.edu.co\/l\/wp-json\/wp\/v2\/types\/page"}],"author":[{"embeddable":true,"href":"https:\/\/eni.edu.co\/l\/wp-json\/wp\/v2\/users\/1"}],"replies":[{"embeddable":true,"href":"https:\/\/eni.edu.co\/l\/wp-json\/wp\/v2\/comments?post=8920"}],"version-history":[{"count":25,"href":"https:\/\/eni.edu.co\/l\/wp-json\/wp\/v2\/pages\/8920\/revisions"}],"predecessor-version":[{"id":11537,"href":"https:\/\/eni.edu.co\/l\/wp-json\/wp\/v2\/pages\/8920\/revisions\/11537"}],"wp:attachment":[{"href":"https:\/\/eni.edu.co\/l\/wp-json\/wp\/v2\/media?parent=8920"}],"curies":[{"name":"wp","href":"https:\/\/api.w.org\/{rel}","templated":true}]}}