{"id":8959,"date":"2020-04-11T06:55:06","date_gmt":"2020-04-11T06:55:06","guid":{"rendered":"https:\/\/eni.edu.co\/l\/?page_id=8959"},"modified":"2023-04-25T22:43:39","modified_gmt":"2023-04-25T22:43:39","slug":"ofimatica-y-manejo-de-las-tics","status":"publish","type":"page","link":"https:\/\/eni.edu.co\/l\/ofimatica-y-manejo-de-las-tics\/","title":{"rendered":"Ofim\u00e1tica y Manejo de las TIC"},"content":{"rendered":"<div id=\"pl-8959\"  class=\"panel-layout\" ><div id=\"pg-8959-0\"  class=\"panel-grid panel-no-style\" ><div id=\"pgc-8959-0-0\"  class=\"panel-grid-cell\" ><div id=\"panel-8959-0-0-0\" class=\"so-panel widget widget_heading panel-first-child panel-last-child\" data-index=\"0\" ><div class=\"panel-widget-style panel-widget-style-for-8959-0-0-0\" ><div class=\"thim-widget-heading template-base\"><div class=\"sc_heading  text-center\"><h3 style=\"text-transform: uppercase;color:#0f70b7;\" class=\"title\">NUESTRO PROGRAMA DE CONOCIMIENTOS ACAD\u00c9MICOS EN<br> OFIM\u00c1TICA Y MANEJO DE LAS TIC<\/h3><p class=\"sub-heading\" style=\"\">Resoluci\u00f3n E-846 Secretar\u00eda de educaci\u00f3n de Zipaquir\u00e1.<br>\nResoluci\u00f3n 007512 Secretaria de Educaci\u00f3n de Cundinamarca<\/p><span class=\"line\"><\/span><\/div><\/div><\/div><\/div><\/div><\/div><div id=\"pg-8959-1\"  class=\"panel-grid panel-no-style\" ><div id=\"pgc-8959-1-0\"  class=\"panel-grid-cell\" ><div id=\"panel-8959-1-0-0\" class=\"so-panel widget widget_tab panel-first-child panel-last-child\" data-index=\"1\" ><div class=\"thim-widget-tab template-tab\">\n<ul class=\"nav nav-tabs\" role=\"tablist\"><li role=\"presentation\" class='active tab-col-4'><a href=\"#thim-widget-tab-11776380655-1-32\"  role=\"tab\" data-toggle=\"tab\">Duraci\u00f3n<\/a><\/li><li role=\"presentation\" class='tab-col-4'><a href=\"#thim-widget-tab-21776380655-1-32\"  role=\"tab\" data-toggle=\"tab\">OBJETIVO<\/a><\/li><li role=\"presentation\" class='tab-col-4'><a href=\"#thim-widget-tab-31776380655-1-32\"  role=\"tab\" data-toggle=\"tab\">T\u00edTULO OTORGADO<\/a><\/li><li role=\"presentation\" class='tab-col-4'><a href=\"#thim-widget-tab-41776380655-1-32\"  role=\"tab\" data-toggle=\"tab\">PERFIL OCUPACIONAL<\/a><\/li><\/ul><div class=\"tab-content\"> <div role=\"tabpanel\" class=\"tab-pane active\" id=\"thim-widget-tab-11776380655-1-32\"><p>Un semestre acad\u00e9mico.<br>\n200 horas<\/p><\/div> <div role=\"tabpanel\" class=\"tab-pane\" id=\"thim-widget-tab-21776380655-1-32\"><p style=\"text-align: justify\">Formar al estudiante de tal manera que su trabajo en un equipo de c\u00f3mputo sea \u00f3ptimo, r\u00e1pido y muy eficiente en el manejo de diversos programas en la captura, almacenamiento, procesamiento y manipulaci\u00f3n de informaci\u00f3n vital para alcanzar objetivos personales o empresariales.<br>\n<br>\nProporcionar al estudiante herramientas que posibiliten la simplificaci\u00f3n, mejora y automatizaci\u00f3n de los diferentes procesos y actividades dentro de una organizaci\u00f3n.<br>\n<br>\nPermiten desarrollar actividades que se realizan manualmente, en procesos autom\u00e1ticos que se apoyan en aplicaciones como procesadores de texto, hojas de c\u00e1lculo, presentaciones con diapositivas, gesti\u00f3n de correos, entre otras.<br><\/div> <div role=\"tabpanel\" class=\"tab-pane\" id=\"thim-widget-tab-31776380655-1-32\"><p style=\"text-align: justify\"><strong>Conocimientos Acad\u00e9micos en Ofim\u00e1tica y Manejo de las TIC.<\/strong><\/div> <div role=\"tabpanel\" class=\"tab-pane\" id=\"thim-widget-tab-41776380655-1-32\"><p style=\"text-align: justify\">El estudiante estar\u00e1 en capacidad de:<br>\n\n\u2022\tOptimizar los procesos y automatizar las tareas en su puesto de trabajo.<br>\n\u2022\tLograr que el estudiante conozca la utilidad de las herramientas de ofim\u00e1tica aplicadas al entorno empresarial.<br>\n\u2022\tEstablecer qu\u00e9 tipo de actividades y procesos en la empresa se pueden trabajar con aplicaciones de ofim\u00e1tica.<br>\n\u2022\tGestionar documentos administrativos.<br>\n\u2022\tIntercambiar informaci\u00f3n.<br>\n\u2022\tElaborar y presentar informes y datos num\u00e9ricos, gr\u00e1ficos y estad\u00edsticos en forma profesional y din\u00e1mica.<br>\n\u2022\tPlanificaci\u00f3n reuniones y administraci\u00f3n de cronogramas de trabajo.<br>\n\u2022\tMejorar y automatizar actividades y procesos en una compa\u00f1\u00eda.<br>\n\u2022\tTabular informaci\u00f3n estad\u00edstica <br>\n\u2022\tResumir grandes bases de datos con tablas din\u00e1micas.<br><\/div><\/div><\/div><\/div><\/div><\/div><div id=\"pg-8959-2\"  class=\"panel-grid panel-no-style\" ><div id=\"pgc-8959-2-0\"  class=\"panel-grid-cell panel-grid-cell-empty\" ><\/div><\/div><div id=\"pg-8959-3\"  class=\"panel-grid panel-no-style\" ><div id=\"pgc-8959-3-0\"  class=\"panel-grid-cell\" ><div id=\"panel-8959-3-0-0\" class=\"so-panel widget widget_gallery-images panel-first-child panel-last-child\" data-index=\"2\" ><div class=\"thim-widget-gallery-images template-base\"><div class=\"thim-carousel-wrapper gallery-img\" data-visible=\"1\" data-itemtablet=\"2\" data-itemmobile=\"1\" data-autoplay=\"2\" data-navigation=\"0\" data-pagination=\"1\" data-loop=\"true\"><div class=\"item\"><img fetchpriority=\"high\" decoding=\"async\" width=\"2560\" height=\"1707\" src=\"https:\/\/eni.edu.co\/l\/wp-content\/uploads\/2020\/04\/3653493-scaled.jpg\" class=\"attachment-full size-full\" alt=\"\" srcset=\"https:\/\/eni.edu.co\/l\/wp-content\/uploads\/2020\/04\/3653493-scaled.jpg 2560w, https:\/\/eni.edu.co\/l\/wp-content\/uploads\/2020\/04\/3653493-scaled-300x200.jpg 300w, https:\/\/eni.edu.co\/l\/wp-content\/uploads\/2020\/04\/3653493-scaled-1024x683.jpg 1024w, https:\/\/eni.edu.co\/l\/wp-content\/uploads\/2020\/04\/3653493-768x512.jpg 768w, https:\/\/eni.edu.co\/l\/wp-content\/uploads\/2020\/04\/3653493-1536x1024.jpg 1536w, https:\/\/eni.edu.co\/l\/wp-content\/uploads\/2020\/04\/3653493-2048x1365.jpg 2048w, https:\/\/eni.edu.co\/l\/wp-content\/uploads\/2020\/04\/3653493-600x400.jpg 600w\" sizes=\"(max-width: 2560px) 100vw, 2560px\" \/><\/div><div class=\"item\"><img decoding=\"async\" width=\"2560\" height=\"1709\" src=\"https:\/\/eni.edu.co\/l\/wp-content\/uploads\/2020\/04\/3546867-scaled.jpg\" class=\"attachment-full size-full\" alt=\"\" srcset=\"https:\/\/eni.edu.co\/l\/wp-content\/uploads\/2020\/04\/3546867-scaled.jpg 2560w, https:\/\/eni.edu.co\/l\/wp-content\/uploads\/2020\/04\/3546867-scaled-300x200.jpg 300w, https:\/\/eni.edu.co\/l\/wp-content\/uploads\/2020\/04\/3546867-scaled-1024x684.jpg 1024w, https:\/\/eni.edu.co\/l\/wp-content\/uploads\/2020\/04\/3546867-768x513.jpg 768w, https:\/\/eni.edu.co\/l\/wp-content\/uploads\/2020\/04\/3546867-scaled-1536x1025.jpg 1536w, https:\/\/eni.edu.co\/l\/wp-content\/uploads\/2020\/04\/3546867-scaled-2048x1367.jpg 2048w, https:\/\/eni.edu.co\/l\/wp-content\/uploads\/2020\/04\/3546867-scaled-600x401.jpg 600w\" sizes=\"(max-width: 2560px) 100vw, 2560px\" \/><\/div><div class=\"item\"><img decoding=\"async\" width=\"2560\" height=\"1709\" src=\"https:\/\/eni.edu.co\/l\/wp-content\/uploads\/2020\/04\/10815-scaled.jpg\" class=\"attachment-full size-full\" alt=\"\" srcset=\"https:\/\/eni.edu.co\/l\/wp-content\/uploads\/2020\/04\/10815-scaled.jpg 2560w, https:\/\/eni.edu.co\/l\/wp-content\/uploads\/2020\/04\/10815-scaled-300x200.jpg 300w, https:\/\/eni.edu.co\/l\/wp-content\/uploads\/2020\/04\/10815-scaled-1024x684.jpg 1024w, https:\/\/eni.edu.co\/l\/wp-content\/uploads\/2020\/04\/10815-768x513.jpg 768w, https:\/\/eni.edu.co\/l\/wp-content\/uploads\/2020\/04\/10815-1536x1025.jpg 1536w, https:\/\/eni.edu.co\/l\/wp-content\/uploads\/2020\/04\/10815-2048x1367.jpg 2048w, https:\/\/eni.edu.co\/l\/wp-content\/uploads\/2020\/04\/10815-600x400.jpg 600w\" sizes=\"(max-width: 2560px) 100vw, 2560px\" \/><\/div><div class=\"item\"><img loading=\"lazy\" decoding=\"async\" width=\"2560\" height=\"1707\" src=\"https:\/\/eni.edu.co\/l\/wp-content\/uploads\/2020\/04\/1182-scaled.jpg\" class=\"attachment-full size-full\" alt=\"\" srcset=\"https:\/\/eni.edu.co\/l\/wp-content\/uploads\/2020\/04\/1182-scaled.jpg 2560w, https:\/\/eni.edu.co\/l\/wp-content\/uploads\/2020\/04\/1182-scaled-300x200.jpg 300w, https:\/\/eni.edu.co\/l\/wp-content\/uploads\/2020\/04\/1182-scaled-1024x683.jpg 1024w, https:\/\/eni.edu.co\/l\/wp-content\/uploads\/2020\/04\/1182-768x512.jpg 768w, https:\/\/eni.edu.co\/l\/wp-content\/uploads\/2020\/04\/1182-1536x1024.jpg 1536w, https:\/\/eni.edu.co\/l\/wp-content\/uploads\/2020\/04\/1182-2048x1365.jpg 2048w, https:\/\/eni.edu.co\/l\/wp-content\/uploads\/2020\/04\/1182-600x400.jpg 600w\" sizes=\"(max-width: 2560px) 100vw, 2560px\" \/><\/div><\/div><\/div><\/div><\/div><\/div><div id=\"pg-8959-4\"  class=\"panel-grid panel-no-style\" ><div id=\"pgc-8959-4-0\"  class=\"panel-grid-cell\" ><div id=\"panel-8959-4-0-0\" class=\"so-panel widget widget_heading panel-first-child\" data-index=\"3\" ><div class=\"thim-widget-heading template-base\"><div class=\"sc_heading  text-center\"><h3 style=\"text-transform: uppercase;color:#0f70b7;\" class=\"title\">NUESTRO PENSUM<\/h3><span class=\"line\"><\/span><\/div><\/div><\/div><div id=\"panel-8959-4-0-1\" class=\"so-panel widget widget_tab panel-last-child\" data-index=\"4\" ><div class=\"thim-widget-tab template-tab\">\n<ul class=\"nav nav-tabs\" role=\"tablist\"><li role=\"presentation\" class='active tab-col-5'><a href=\"#thim-widget-tab-11776380655-1-9\"  role=\"tab\" data-toggle=\"tab\">Sistema operativo<\/a><\/li><li role=\"presentation\" class='tab-col-5'><a href=\"#thim-widget-tab-21776380655-1-9\"  role=\"tab\" data-toggle=\"tab\">Procesador de palabras<\/a><\/li><li role=\"presentation\" class='tab-col-5'><a href=\"#thim-widget-tab-31776380655-1-9\"  role=\"tab\" data-toggle=\"tab\">Hoja de c\u00e1lculo<\/a><\/li><li role=\"presentation\" class='tab-col-5'><a href=\"#thim-widget-tab-41776380655-1-9\"  role=\"tab\" data-toggle=\"tab\">Presentaciones multimedia<\/a><\/li><li role=\"presentation\" class='tab-col-5'><a href=\"#thim-widget-tab-51776380655-1-9\"  role=\"tab\" data-toggle=\"tab\">Internet<\/a><\/li><\/ul><div class=\"tab-content\"> <div role=\"tabpanel\" class=\"tab-pane active\" id=\"thim-widget-tab-11776380655-1-9\"><p style=\"text-align: justify\">Identifique, desconecte y conecte las partes b\u00e1sicas de un equipo de c\u00f3mputo. Aprenda configuraciones b\u00e1sicas e importantes del sistema. Maneje de una forma pr\u00e1ctica los archivos y las formas de almacenamiento existentes adem\u00e1s, de organizaci\u00f3n de carpetas. Cree nuevos usuarios y administradores para un equipo y aprenda trucos \u00fatiles que le servir\u00e1n siempre que est\u00e9 al frente de su computador.<br>\nEl estudiante estar\u00e1 en capacidad de:<br>\n\n<ul>\n<li>Controlar el PC como usuario experimentado.<br><\/li>\n<li>Quemar CD, DVD y manejo de memorias USB<br><\/li>\n<li>Almacenar, organizar y compartir informaci\u00f3n eficientemente.<br><\/li>\n<li>Instalar programas y dispositivos.<br><\/li>\n<li>Realizar mantenimiento preventivo<br><\/li>\n<\/ul><\/div> <div role=\"tabpanel\" class=\"tab-pane\" id=\"thim-widget-tab-21776380655-1-9\"><p style=\"text-align: justify\">Tipos de Procesadores de texto. Elaboraci\u00f3n de formatos, documentos empresariales y corporativos. Aprenda como hacer un buen trabajo escrito aplicando Tablas de Contenido y opciones avanzadas. Conozca la forma r\u00e1pida y eficiente de elaborar una cantidad de cartas o documentos masivos aplicando Combinaci\u00f3n de Correspondencia.<br>\nEl estudiante estar\u00e1 en capacidad de:<br>\n<ul>\n<li>Elaborar documentos de aspecto profesional.<br><\/li>\n<li>Aplicar formato adecuadamente de acuerdo con Normas T\u00e9cnicas.<br><\/li>\n<li>Aplicar y configurar m\u00faltiples formatos en documentos de aspecto profesional.<br><\/li>\n<li>Insertar objetos: gr\u00e1ficos, tablas, diagramas, im\u00e1genes e ilustraciones.<br><\/li>\n<li>Crear Tabla de Contenido autom\u00e1ticamente.<br><\/li>\n<li>Utilizar hiperv\u00ednculos.<br><\/li>\n<li>Hacer combinaci\u00f3n de correspondencia.<br><\/li>\n<\/ul><\/div> <div role=\"tabpanel\" class=\"tab-pane\" id=\"thim-widget-tab-31776380655-1-9\"><p style=\"text-align: justify\"><strong>B\u00e1sico:<\/strong> Aplicar formatos, entorno y configuraciones del programa. Identificar, insertar y eliminar celdas, filas, columnas, hojas y contenidos. Funciones b\u00e1sicas y formatos personalizados.\n<p style=\"text-align: justify\"><strong>Intermedio:<\/strong> Sea pr\u00e1ctico y din\u00e1mico elaborando f\u00f3rmulas realmente \u00fatiles y sencillas, aprenda a hacer an\u00e1lisis a partir de los datos obtenidos por las f\u00f3rmulas, aplique formato condicional, aprenda a resaltar valores seg\u00fan su necesidad. Elabore gr\u00e1ficos de diversas formas para interpretar mejor sus informes. Utilice la validaci\u00f3n de datos, filtros y otras herramientas muy \u00fatiles para cualquier ambiente laboral.\n<p style=\"text-align: justify\"> <strong>Avanzado:<\/strong> Aprenda a resumir grandes bases de datos usando Tablas Din\u00e1micas. Elabore de una forma pr\u00e1ctica informes utilizando Gr\u00e1ficos Din\u00e1micos y Segmentaciones de datos. Aprenda la agilidad de resumir datos con filtros avanzados. Conozca como elaborar un Dashboard que le permita generar informes de una forma profesional y din\u00e1mica. Consolide tablas y mucha informaci\u00f3n y haga informes a partir de los datos obtenidos. Aprenda Macros e introducci\u00f3n de c\u00f3digo en Visual Basic.<\/div> <div role=\"tabpanel\" class=\"tab-pane\" id=\"thim-widget-tab-41776380655-1-9\"><p style=\"text-align: justify\">Aprenda a elaborar diapositivas en diferentes programas, algunos online. Haga presentaciones sencillas y profesionales. conozca como tener una navegaci\u00f3n din\u00e1mica y mejorar los    entornos visuales.<br>\n\n<ul>\n<li>Dise\u00f1e y configure diapositivas y presentaciones profesionales.<br><\/li>\n<li>Aplique efectos llamativos y sensacionales.<br><\/li>\n<li>Aprenda y maneje eficientemente las herramientas del programa.<br><\/li><\/div> <div role=\"tabpanel\" class=\"tab-pane\" id=\"thim-widget-tab-51776380655-1-9\"><p style=\"text-align: justify\">Aprenda a crear correos, manejar su informaci\u00f3n personal en las diferentes aplicaciones de Google, navegar en la red y consultar informaci\u00f3n, conozca la navegaci\u00f3n segura, chequear los historiales del navegador y otras herramientas para su seguridad en la red.<br>\n<ul>\n<li>Navegue de manera segura por la red.<br><\/li>\n<li>Aprenda a crear su correo electr\u00f3nico.<br><\/li>\n<li>Maneje su correo electr\u00f3nico personal o corporativo de manera eficiente.<br><\/li>\n<li>Comparta datos, archivos, videos, fotos, etc, con sus amigos, familiares y compa\u00f1eros de trabajo.<br><\/li>\n<li>Utilice adecuadamente una red social.<br><\/li>\n<\/ul><\/div><\/div><\/div><\/div><\/div><\/div><div id=\"pg-8959-5\"  class=\"panel-grid panel-no-style\" ><div id=\"pgc-8959-5-0\"  class=\"panel-grid-cell\" ><div id=\"panel-8959-5-0-0\" class=\"so-panel widget widget_text panel-first-child\" data-index=\"5\" ><h3 class=\"widget-title\">Env\u00edanos tus datos para m\u00e1s informaci\u00f3n de nuestro programa<\/h3>\t\t\t<div class=\"textwidget\"><\/div>\n\t\t<\/div><div id=\"panel-8959-5-0-1\" class=\"so-panel widget widget_text panel-last-child\" data-index=\"6\" >\t\t\t<div class=\"textwidget\">\n<div class=\"wpcf7 no-js\" id=\"wpcf7-f8815-o1\" lang=\"en-US\" dir=\"ltr\" data-wpcf7-id=\"8815\">\n<div class=\"screen-reader-response\"><p role=\"status\" aria-live=\"polite\" aria-atomic=\"true\"><\/p> <ul><\/ul><\/div>\n<form action=\"\/l\/wp-json\/wp\/v2\/pages\/8959#wpcf7-f8815-o1\" method=\"post\" class=\"wpcf7-form init\" aria-label=\"Contact form\" novalidate=\"novalidate\" data-status=\"init\">\n<fieldset class=\"hidden-fields-container\"><input type=\"hidden\" name=\"_wpcf7\" value=\"8815\" \/><input type=\"hidden\" name=\"_wpcf7_version\" value=\"6.1.5\" \/><input type=\"hidden\" name=\"_wpcf7_locale\" value=\"en_US\" \/><input type=\"hidden\" name=\"_wpcf7_unit_tag\" value=\"wpcf7-f8815-o1\" \/><input type=\"hidden\" name=\"_wpcf7_container_post\" value=\"0\" \/><input type=\"hidden\" name=\"_wpcf7_posted_data_hash\" value=\"\" \/>\n<\/fieldset>\n<p><span class=\"wpcf7-form-control-wrap\" data-name=\"your-name\"><input size=\"40\" maxlength=\"400\" class=\"wpcf7-form-control wpcf7-text wpcf7-validates-as-required\" aria-required=\"true\" aria-invalid=\"false\" placeholder=\"Nombre *\" value=\"\" type=\"text\" name=\"your-name\" \/><\/span>\n<\/p>\n<p><span class=\"wpcf7-form-control-wrap\" data-name=\"your-email\"><input size=\"40\" maxlength=\"400\" class=\"wpcf7-form-control wpcf7-email wpcf7-validates-as-required wpcf7-text wpcf7-validates-as-email\" aria-required=\"true\" aria-invalid=\"false\" placeholder=\"Email *\" value=\"\" type=\"email\" name=\"your-email\" \/><\/span>\n<\/p>\n<p><span class=\"wpcf7-form-control-wrap\" data-name=\"your-subject\"><input size=\"40\" maxlength=\"400\" class=\"wpcf7-form-control wpcf7-text wpcf7-validates-as-required\" aria-required=\"true\" aria-invalid=\"false\" placeholder=\"Tel\u00e9fono*\" value=\"\" type=\"text\" name=\"your-subject\" \/><\/span>\n<\/p>\n<p>Escoge tu programa <span class=\"wpcf7-form-control-wrap\" data-name=\"Programas\"><select class=\"wpcf7-form-control wpcf7-select\" aria-invalid=\"false\" name=\"Programas\"><option value=\"\">&#8212;Please choose an option&#8212;<\/option><option value=\"PROGRAMA DE CONOCIMIENTOS ACAD\u00c9MICOS EN INGL\u00c9S\">PROGRAMA DE CONOCIMIENTOS ACAD\u00c9MICOS EN INGL\u00c9S<\/option><option value=\"PROGRAMA DE CONOCIMIENTOS ACAD\u00c9MICOS EN OFIM\u00c1TICA Y MANEJO DE LAS TIC\">PROGRAMA DE CONOCIMIENTOS ACAD\u00c9MICOS EN OFIM\u00c1TICA Y MANEJO DE LAS TIC<\/option><option value=\"T\u00c9CNICO LABORAL POR COMPETENCIAS EN AUXILIAR ADMINISTRATIVO\">T\u00c9CNICO LABORAL POR COMPETENCIAS EN AUXILIAR ADMINISTRATIVO<\/option><option value=\"T\u00c9CNICO LABORAL POR COMPETENCIAS EN AUXILIAR DE BODEGA ALMAC\u00c9N Y CENTROS DE DISTRIBUCI\u00d3N\">T\u00c9CNICO LABORAL POR COMPETENCIAS EN AUXILIAR DE BODEGA ALMAC\u00c9N Y CENTROS DE DISTRIBUCI\u00d3N<\/option><option value=\"T\u00c9CNICO LABORAL POR COMPETENCIAS EN DISE\u00d1O GR\u00c1FICO Y PUBLICITARIO\">T\u00c9CNICO LABORAL POR COMPETENCIAS EN DISE\u00d1O GR\u00c1FICO Y PUBLICITARIO<\/option><option value=\"T\u00c9CNICO LABORAL POR COMPETENCIAS EN SISTEMAS INFORM\u00c1TICOS\">T\u00c9CNICO LABORAL POR COMPETENCIAS EN SISTEMAS INFORM\u00c1TICOS<\/option><option value=\"T\u00c9CNICO LABORAL POR COMPETENCIAS EN MERCADEO Y VENTAS\">T\u00c9CNICO LABORAL POR COMPETENCIAS EN MERCADEO Y VENTAS<\/option><option value=\"T\u00c9CNICO LABORAL POR COMPETENCIAS EN AUXILIAR CONTABLE, DE TESORER\u00cdA Y FINANCIERO\">T\u00c9CNICO LABORAL POR COMPETENCIAS EN AUXILIAR CONTABLE, DE TESORER\u00cdA Y FINANCIERO<\/option><option value=\"T\u00c9CNICO LABORAL POR COMPETENCIAS EN AUXILIAR EN AUTOMATIZACI\u00d3N E INSTRUMENTACI\u00d3N INDUSTRIAL, EL\u00c9CTRICA Y ELECTR\u00d3NICA\">T\u00c9CNICO LABORAL POR COMPETENCIAS EN AUXILIAR EN AUTOMATIZACI\u00d3N E INSTRUMENTACI\u00d3N INDUSTRIAL, EL\u00c9CTRICA Y ELECTR\u00d3NICA<\/option><\/select><\/span><br \/>\n\u00bfEn qu\u00e9 Sede quieres estudiar? <span class=\"wpcf7-form-control-wrap\" data-name=\"Sedes\"><select class=\"wpcf7-form-control wpcf7-select\" aria-invalid=\"false\" name=\"Sedes\"><option value=\"\">&#8212;Please choose an option&#8212;<\/option><option value=\"ZIPAQUIR\u00c1\">ZIPAQUIR\u00c1<\/option><option value=\"TOCANCIP\u00c1\">TOCANCIP\u00c1<\/option><\/select><\/span><br \/>\n\u00bfCu\u00e1l modalidad prefieres? <span class=\"wpcf7-form-control-wrap\" data-name=\"Modalidad\"><select class=\"wpcf7-form-control wpcf7-select\" aria-invalid=\"false\" name=\"Modalidad\"><option value=\"\">&#8212;Please choose an option&#8212;<\/option><option value=\"PRESENCIAL\">PRESENCIAL<\/option><option value=\"EN L\u00cdNEA\">EN L\u00cdNEA<\/option><\/select><\/span><br \/>\n\u00bfAhora elije tu horario? <span class=\"wpcf7-form-control-wrap\" data-name=\"Horarios\"><select class=\"wpcf7-form-control wpcf7-select\" aria-invalid=\"false\" name=\"Horarios\"><option value=\"\">&#8212;Please choose an option&#8212;<\/option><option value=\"MA\u00d1ANA\">MA\u00d1ANA<\/option><option value=\"TARDE\/NOCHE\">TARDE\/NOCHE<\/option><option value=\"S\u00c1BADOS\">S\u00c1BADOS<\/option><\/select><\/span>\n<\/p>\n<p><span class=\"wpcf7-form-control-wrap\" data-name=\"your-message\"><textarea cols=\"40\" rows=\"10\" maxlength=\"2000\" class=\"wpcf7-form-control wpcf7-textarea wpcf7-validates-as-required\" aria-required=\"true\" aria-invalid=\"false\" placeholder=\"Mensaje *\" name=\"your-message\"><\/textarea><\/span>\n<\/p>\n<p><input class=\"wpcf7-form-control wpcf7-submit has-spinner\" type=\"submit\" value=\"Enviar\" \/>\n<\/p><div class=\"wpcf7-response-output\" aria-hidden=\"true\"><\/div>\n<\/form>\n<\/div>\n\n<p>&nbsp;<\/p>\n<\/div>\n\t\t<\/div><\/div><div id=\"pgc-8959-5-1\"  class=\"panel-grid-cell\" ><div id=\"panel-8959-5-1-0\" class=\"so-panel widget widget_media_video panel-first-child panel-last-child\" data-index=\"7\" ><div class=\"panel-widget-style panel-widget-style-for-8959-5-1-0\" ><div style=\"width:100%;\" class=\"wp-video\"><video class=\"wp-video-shortcode\" id=\"video-8959-1\" preload=\"metadata\" controls=\"controls\"><source type=\"video\/mp4\" src=\"https:\/\/eni.edu.co\/l\/wp-content\/uploads\/2020\/04\/Pexels-Videos-2795171.mp4?_=1\" \/><source type=\"video\/mp4\" src=\"https:\/\/eni.edu.co\/l\/wp-content\/uploads\/2020\/04\/Pexels-Videos-2795171.mp4?_=1\" \/><a href=\"https:\/\/eni.edu.co\/l\/wp-content\/uploads\/2020\/04\/Pexels-Videos-2795171.mp4\">https:\/\/eni.edu.co\/l\/wp-content\/uploads\/2020\/04\/Pexels-Videos-2795171.mp4<\/a><\/video><\/div><\/div><\/div><\/div><\/div><\/div>","protected":false},"excerpt":{"rendered":"<p>NUESTRO PROGRAMA DE CONOCIMIENTOS ACAD\u00c9MICOS EN OFIM\u00c1TICA Y MANEJO DE LAS TICResoluci\u00f3n E-846 Secretar\u00eda de educaci\u00f3n de Zipaquir\u00e1. Resoluci\u00f3n 007512 Secretaria de Educaci\u00f3n de Cundinamarca Duraci\u00f3nOBJETIVOT\u00edTULO OTORGADOPERFIL OCUPACIONAL Un semestre acad\u00e9mico. 200 horas Formar al estudiante de tal manera que &hellip; <\/p>\n","protected":false},"author":1,"featured_media":0,"parent":0,"menu_order":0,"comment_status":"closed","ping_status":"closed","template":"","meta":{"pmpro_default_level":"","footnotes":"","_links_to":"","_links_to_target":""},"class_list":["post-8959","page","type-page","status-publish","hentry","pmpro-has-access"],"_links":{"self":[{"href":"https:\/\/eni.edu.co\/l\/wp-json\/wp\/v2\/pages\/8959","targetHints":{"allow":["GET"]}}],"collection":[{"href":"https:\/\/eni.edu.co\/l\/wp-json\/wp\/v2\/pages"}],"about":[{"href":"https:\/\/eni.edu.co\/l\/wp-json\/wp\/v2\/types\/page"}],"author":[{"embeddable":true,"href":"https:\/\/eni.edu.co\/l\/wp-json\/wp\/v2\/users\/1"}],"replies":[{"embeddable":true,"href":"https:\/\/eni.edu.co\/l\/wp-json\/wp\/v2\/comments?post=8959"}],"version-history":[{"count":44,"href":"https:\/\/eni.edu.co\/l\/wp-json\/wp\/v2\/pages\/8959\/revisions"}],"predecessor-version":[{"id":11048,"href":"https:\/\/eni.edu.co\/l\/wp-json\/wp\/v2\/pages\/8959\/revisions\/11048"}],"wp:attachment":[{"href":"https:\/\/eni.edu.co\/l\/wp-json\/wp\/v2\/media?parent=8959"}],"curies":[{"name":"wp","href":"https:\/\/api.w.org\/{rel}","templated":true}]}}