{"id":8983,"date":"2020-04-11T07:17:55","date_gmt":"2020-04-11T07:17:55","guid":{"rendered":"https:\/\/eni.edu.co\/l\/?page_id=8983"},"modified":"2022-09-06T20:27:19","modified_gmt":"2022-09-06T20:27:19","slug":"ingles","status":"publish","type":"page","link":"https:\/\/eni.edu.co\/l\/ingles\/","title":{"rendered":"Ingl\u00e9s"},"content":{"rendered":"<div id=\"pl-8983\"  class=\"panel-layout\" ><div id=\"pg-8983-0\"  class=\"panel-grid panel-no-style\" ><div id=\"pgc-8983-0-0\"  class=\"panel-grid-cell\" ><div id=\"panel-8983-0-0-0\" class=\"so-panel widget widget_heading panel-first-child panel-last-child\" data-index=\"0\" ><div class=\"panel-widget-style panel-widget-style-for-8983-0-0-0\" ><div class=\"thim-widget-heading template-base\"><div class=\"sc_heading  text-center\"><h3 style=\"text-transform: uppercase;color:#0f70b7;\" class=\"title\">NUESTRO PROGRAMA DE CONOCIMIENTOS ACAD\u00c9MICOS EN EL<br>\nIDIOMA INGL\u00c9S, NIVELES A1, A2, B1, B2 Y C1<\/h3><p class=\"sub-heading\" style=\"\">Resoluci\u00f3n E-845 Secretaria de Educaci\u00f3n de Zipaquir\u00e1.<br>\nResoluci\u00f3n 007512 Secreta\u00eda de Educaci\u00f3n de Cundinamarca\n<\/p><span class=\"line\"><\/span><\/div><\/div><\/div><\/div><\/div><\/div><div id=\"pg-8983-1\"  class=\"panel-grid panel-no-style\" ><div id=\"pgc-8983-1-0\"  class=\"panel-grid-cell\" ><div id=\"panel-8983-1-0-0\" class=\"so-panel widget widget_tab panel-first-child panel-last-child\" data-index=\"1\" ><div class=\"thim-widget-tab template-tab\">\n<ul class=\"nav nav-tabs\" role=\"tablist\"><li role=\"presentation\" class='active tab-col-5'><a href=\"#thim-widget-tab-11776376249-1-36\"  role=\"tab\" data-toggle=\"tab\"><i class=\"fa fa-user-plus\"><\/i><span>A1-Principiante<\/span><\/a><\/li><li role=\"presentation\" class='tab-col-5'><a href=\"#thim-widget-tab-21776376249-1-36\"  role=\"tab\" data-toggle=\"tab\"><i class=\"fa fa-list-ol\"><\/i><span>A2-B\u00e1sico<\/span><\/a><\/li><li role=\"presentation\" class='tab-col-5'><a href=\"#thim-widget-tab-31776376249-1-36\"  role=\"tab\" data-toggle=\"tab\"><i class=\"fa fa-book\"><\/i><span>B1-Pre-Intermedio<\/span><\/a><\/li><li role=\"presentation\" class='tab-col-5'><a href=\"#thim-widget-tab-41776376249-1-36\"  role=\"tab\" data-toggle=\"tab\"><i class=\"fa fa-user-circle\"><\/i><span>B2-Intermedio<\/span> <\/a><\/li><li role=\"presentation\" class='tab-col-5'><a href=\"#thim-widget-tab-51776376249-1-36\"  role=\"tab\" data-toggle=\"tab\"><i class=\"fa fa-server\"><\/i><span>C1-Pre-Avanzado<\/span><\/a><\/li><\/ul><div class=\"tab-content\"> <div role=\"tabpanel\" class=\"tab-pane active\" id=\"thim-widget-tab-11776376249-1-36\"><p style=\"text-align: justify\">El estudiante que ha alcanzado el nivel A1 de ingl\u00e9s puede interactuar en forma b\u00e1sica acerca de s\u00ed mismo, su familia y su ciudad con ayuda de su interlocutor y estar\u00e1 en capacidad de:<br>\n\n\u2022\tPresentarse de forma sencilla y usar saludos b\u00e1sicos.<br>\n\u2022\tDecir de d\u00f3nde es \u00e9l y otras personas, y dar una descripci\u00f3n b\u00e1sica de su ciudad.<br>\n\u2022\tHablar de forma sencilla sobre la familia y los compa\u00f1eros, describiendo su aspecto y personalidad.<br>\n\u2022\t Hablar sobre su comida favorita y hacer pedidos sencillos de comida para llevar.<br>\n\u2022\tHablar sobre las actividades diarias y organizar encuentros con amigos y colegas.<br>\n\u2022\tDescribir la ubicaci\u00f3n de su casa y dar indicaciones sencillas para llegar.<br>\n\u2022\tHablar sobre sus hobbies e intereses y hacer planes para realizar actividades divertidas con amigos o colegas.<br>\n<\/div> <div role=\"tabpanel\" class=\"tab-pane\" id=\"thim-widget-tab-21776376249-1-36\"><p style=\"text-align: justify\">En este nivel, los estudiantes ya dominan los fundamentos b\u00e1sicos del ingl\u00e9s y pueden comunicar necesidades sencillas y b\u00e1sicas. Un nivel A2 de ingl\u00e9s es suficiente para hacer turismo en un pa\u00eds de habla inglesa. <br>\n\nPuede interactuar, a\u00fan en forma b\u00e1sica en \u00e1reas de su experiencia, ampliando su vocabulario en t\u00e9rminos sencillos y estar\u00e1 en capacidad de:<br>\n\t\n\u2022\tRelatar acontecimientos de su pasado, incluyendo actividades del fin de semana e historias interesantes.<br>\n\u2022\tComentar sus planes para las vacaciones y relatarlas posteriormente a sus amigos y compa\u00f1eros.<br>\n\u2022\tHablar sobre pel\u00edculas y m\u00fasica que le gustan   para ver y escuchar con sus amigos.<br>\n\u2022\tHablar sobre ropa y qu\u00e9 tipo de ropa le gusta llevar.<br>\n\u2022\tRelacionarse socialmente en el \u00e1mbito empresarial a nivel b\u00e1sico, dando la bienvenida a invitados y asistiendo a eventos dedicados a ampliar la red de contactos.<br>\n<\/div> <div role=\"tabpanel\" class=\"tab-pane\" id=\"thim-widget-tab-31776376249-1-36\"><p style=\"text-align: justify\">El estudiante de nivel B1 en ingl\u00e9s es capaz de expresar sus pensamientos sobre temas abstractos y concretos en su \u00e1rea de desempe\u00f1o, puede interactuar con hablantes de ingl\u00e9s sobre temas familiares y estar\u00e1 en capacidad de:<br>\n\u2022\tLeer informes sencillos y comprender los puntos principales de textos claros y en lengua est\u00e1ndar si se trata sobre cuestiones de trabajo, estudio o de ocio.<br>\n\u2022\tDesenvolverse en la mayor parte de las situaciones que pueden surgir durante un viaje por pa\u00edses donde se habla ingl\u00e9s.<br>\n\u2022\tDescribir experiencias, acontecimientos, deseos y aspiraciones, as\u00ed como justificar brevemente sus opiniones o explicar sus planes.<br>\n\u2022\tConcertar una entrevista de trabajo y llevarla a cabo, dentro de su \u00e1rea de especializaci\u00f3n.<br>\n\u2022\tDescribir su educaci\u00f3n y estudios, as\u00ed como sus planes futuros de formaci\u00f3n.<br>\n\u2022\tIr a un restaurante, pedir la comida, entablar una conversaci\u00f3n educada durante la cena y pagar la cuenta.<br>\n\u2022\tHablar sobre cuestiones de seguridad en el lugar de trabajo, informar sobre una lesi\u00f3n y explicar las reglas y normas.<br>\n\u2022\tHablar sobre el comportamiento cort\u00e9s y responder adecuadamente al comportamiento maleducado.<br>\n<\/div> <div role=\"tabpanel\" class=\"tab-pane\" id=\"thim-widget-tab-41776376249-1-36\"><p style=\"text-align: justify\">Un nivel B2 de ingl\u00e9s le permitir\u00e1 al estudiante desenvolverse, ser claro y fluido, con dominio de la lengua que le permiten expresar lo que quiere decir, sin mayores dificultades dentro de su \u00e1rea de conocimiento y experiencia vivencial.<br>\nEl estudiante puede relacionarse con hablantes nativos con un grado suficiente de fluidez y naturalidad de modo que la comunicaci\u00f3n se realice sin esfuerzo y estar\u00e1 en capacidad de:<br>\n\u2022\tExplicar su formaci\u00f3n, experiencia, fortalezas y debilidades, y comentar su trayectoria profesional.<br>\n\u2022\tEntender las ideas principales de textos complejos sobre temas tanto concretos como abstractos, incluyendo an\u00e1lisis t\u00e9cnicos en su campo de especializaci\u00f3n.<br>\n\u2022\tRedactar un texto claro y detallado sobre un amplio abanico de temas y explicar un punto de vista sobre una cuesti\u00f3n concreta, ofreciendo las ventajas y las desventajas de las diversas opciones.<br>\n\u2022\t Discutir problemas de g\u00e9nero en la medida en que est\u00e1n relacionados con percepciones de falta de educaci\u00f3n y normas culturales.<br>\n\u2022\tHablar de los procesos mentales y de c\u00f3mo utilizarlos para mejorar su efectividad en el trabajo.<br>\n\u2022\t Hablar sobre lo que le gusta leer y recomendar buenas lecturas.<br>\n\u2022\tUsar el lenguaje adecuado en las distintas situaciones sociales, como alabar a alguien o expresar compasi\u00f3n.<br>\n\u2022\t Manejar situaciones relativamente complejas y extra\u00f1as que surgen en contextos sociales y de negocios.<br>\n<\/div> <div role=\"tabpanel\" class=\"tab-pane\" id=\"thim-widget-tab-51776376249-1-36\"><p style=\"text-align: justify\">El estudiante ser\u00e1 capaz de conversar de multitud de temas desde descripciones detalladas hasta conceptos abstractos. En t\u00e9rminos de pronunciaci\u00f3n, podr\u00e1 hablar, escribir, escuchar y comprender como los nativos, a una velocidad normal y estar\u00e1 en capacidad de:<br>\n\u2022\tProducir textos claros, bien estructurados y detallados sobre temas de cierta complejidad, mostrando un uso correcto de los mecanismos de organizaci\u00f3n articulaci\u00f3n y cohesi\u00f3n del texto.<br>\n\u2022\tExpresar ideas con fluidez y espontaneidad, sin dar muestras muy evidentes de buscar las expresiones.<br>\n\u2022\tUsar el idioma con flexibilidad y eficacia con fines sociales, acad\u00e9micos y profesionales.<br>\n\u2022\tDiscutir en detalle cuestiones relacionadas con el \u00e9xito, incluyendo formar un equipo motivado y exitoso.<br>\n\u2022\tHablar sobre acontecimientos y cuestiones aparecidas en las noticias, y c\u00f3mo afectan a las personas y las empresas.<br>\n\u2022\tParticipar en discusiones sobre conservaci\u00f3n, sostenibilidad y protecci\u00f3n de h\u00e1bitats.<br>\n\u2022\tComprender varios estilos de comunicaci\u00f3n, como los estilos directos, indirectos, formales e informales.<br>\n\u2022\tTratar temas relacionados con su calidad de vida, como el equilibrio entre trabajo y vida, y el ambiente de su hogar.<br>\n<\/div><\/div><\/div><\/div><\/div><\/div><div id=\"pg-8983-2\"  class=\"panel-grid panel-no-style\" ><div id=\"pgc-8983-2-0\"  class=\"panel-grid-cell\" ><div id=\"panel-8983-2-0-0\" class=\"so-panel widget widget_gallery-images panel-first-child panel-last-child\" data-index=\"2\" ><div class=\"thim-widget-gallery-images template-base\"><div class=\"thim-carousel-wrapper gallery-img\" data-visible=\"1\" data-itemtablet=\"2\" data-itemmobile=\"1\" data-autoplay=\"2\" data-navigation=\"0\" data-pagination=\"1\" data-loop=\"true\"><div class=\"item\"><img fetchpriority=\"high\" decoding=\"async\" width=\"2560\" height=\"1707\" src=\"https:\/\/eni.edu.co\/l\/wp-content\/uploads\/2020\/04\/3269805-scaled.jpg\" class=\"attachment-full size-full\" alt=\"\" srcset=\"https:\/\/eni.edu.co\/l\/wp-content\/uploads\/2020\/04\/3269805-scaled.jpg 2560w, https:\/\/eni.edu.co\/l\/wp-content\/uploads\/2020\/04\/3269805-scaled-300x200.jpg 300w, https:\/\/eni.edu.co\/l\/wp-content\/uploads\/2020\/04\/3269805-scaled-1024x683.jpg 1024w, https:\/\/eni.edu.co\/l\/wp-content\/uploads\/2020\/04\/3269805-768x512.jpg 768w, https:\/\/eni.edu.co\/l\/wp-content\/uploads\/2020\/04\/3269805-1536x1024.jpg 1536w, https:\/\/eni.edu.co\/l\/wp-content\/uploads\/2020\/04\/3269805-2048x1365.jpg 2048w, https:\/\/eni.edu.co\/l\/wp-content\/uploads\/2020\/04\/3269805-600x400.jpg 600w\" sizes=\"(max-width: 2560px) 100vw, 2560px\" \/><\/div><div class=\"item\"><img decoding=\"async\" width=\"2560\" height=\"1653\" src=\"https:\/\/eni.edu.co\/l\/wp-content\/uploads\/2020\/04\/3183935-scaled.jpg\" class=\"attachment-full size-full\" alt=\"\" srcset=\"https:\/\/eni.edu.co\/l\/wp-content\/uploads\/2020\/04\/3183935-scaled.jpg 2560w, https:\/\/eni.edu.co\/l\/wp-content\/uploads\/2020\/04\/3183935-scaled-300x194.jpg 300w, https:\/\/eni.edu.co\/l\/wp-content\/uploads\/2020\/04\/3183935-scaled-1024x661.jpg 1024w, https:\/\/eni.edu.co\/l\/wp-content\/uploads\/2020\/04\/3183935-768x496.jpg 768w, https:\/\/eni.edu.co\/l\/wp-content\/uploads\/2020\/04\/3183935-1536x992.jpg 1536w, https:\/\/eni.edu.co\/l\/wp-content\/uploads\/2020\/04\/3183935-2048x1322.jpg 2048w, https:\/\/eni.edu.co\/l\/wp-content\/uploads\/2020\/04\/3183935-600x387.jpg 600w\" sizes=\"(max-width: 2560px) 100vw, 2560px\" \/><\/div><div class=\"item\"><img decoding=\"async\" width=\"2560\" height=\"1706\" src=\"https:\/\/eni.edu.co\/l\/wp-content\/uploads\/2020\/04\/89024-scaled.jpg\" class=\"attachment-full size-full\" alt=\"\" srcset=\"https:\/\/eni.edu.co\/l\/wp-content\/uploads\/2020\/04\/89024-scaled.jpg 2560w, https:\/\/eni.edu.co\/l\/wp-content\/uploads\/2020\/04\/89024-scaled-300x200.jpg 300w, https:\/\/eni.edu.co\/l\/wp-content\/uploads\/2020\/04\/89024-scaled-1024x682.jpg 1024w, https:\/\/eni.edu.co\/l\/wp-content\/uploads\/2020\/04\/89024-768x512.jpg 768w, https:\/\/eni.edu.co\/l\/wp-content\/uploads\/2020\/04\/89024-1536x1024.jpg 1536w, https:\/\/eni.edu.co\/l\/wp-content\/uploads\/2020\/04\/89024-2048x1365.jpg 2048w, https:\/\/eni.edu.co\/l\/wp-content\/uploads\/2020\/04\/89024-600x400.jpg 600w\" sizes=\"(max-width: 2560px) 100vw, 2560px\" \/><\/div><div class=\"item\"><img loading=\"lazy\" decoding=\"async\" width=\"2560\" height=\"1707\" src=\"https:\/\/eni.edu.co\/l\/wp-content\/uploads\/2020\/04\/27563-scaled.jpg\" class=\"attachment-full size-full\" alt=\"\" srcset=\"https:\/\/eni.edu.co\/l\/wp-content\/uploads\/2020\/04\/27563-scaled.jpg 2560w, https:\/\/eni.edu.co\/l\/wp-content\/uploads\/2020\/04\/27563-scaled-300x200.jpg 300w, https:\/\/eni.edu.co\/l\/wp-content\/uploads\/2020\/04\/27563-scaled-1024x683.jpg 1024w, https:\/\/eni.edu.co\/l\/wp-content\/uploads\/2020\/04\/27563-768x512.jpg 768w, https:\/\/eni.edu.co\/l\/wp-content\/uploads\/2020\/04\/27563-scaled-1536x1024.jpg 1536w, https:\/\/eni.edu.co\/l\/wp-content\/uploads\/2020\/04\/27563-scaled-2048x1366.jpg 2048w, https:\/\/eni.edu.co\/l\/wp-content\/uploads\/2020\/04\/27563-scaled-600x400.jpg 600w\" sizes=\"(max-width: 2560px) 100vw, 2560px\" \/><\/div><div class=\"item\"><img loading=\"lazy\" decoding=\"async\" width=\"2560\" height=\"1707\" src=\"https:\/\/eni.edu.co\/l\/wp-content\/uploads\/2020\/04\/10108-scaled.jpg\" class=\"attachment-full size-full\" alt=\"\" srcset=\"https:\/\/eni.edu.co\/l\/wp-content\/uploads\/2020\/04\/10108-scaled.jpg 2560w, https:\/\/eni.edu.co\/l\/wp-content\/uploads\/2020\/04\/10108-scaled-300x200.jpg 300w, https:\/\/eni.edu.co\/l\/wp-content\/uploads\/2020\/04\/10108-scaled-1024x683.jpg 1024w, https:\/\/eni.edu.co\/l\/wp-content\/uploads\/2020\/04\/10108-768x512.jpg 768w, https:\/\/eni.edu.co\/l\/wp-content\/uploads\/2020\/04\/10108-1536x1024.jpg 1536w, https:\/\/eni.edu.co\/l\/wp-content\/uploads\/2020\/04\/10108-2048x1365.jpg 2048w, https:\/\/eni.edu.co\/l\/wp-content\/uploads\/2020\/04\/10108-600x400.jpg 600w\" sizes=\"(max-width: 2560px) 100vw, 2560px\" \/><\/div><div class=\"item\"><img loading=\"lazy\" decoding=\"async\" width=\"592\" height=\"386\" src=\"https:\/\/eni.edu.co\/l\/wp-content\/uploads\/2020\/06\/2.png\" class=\"attachment-full size-full\" alt=\"\" srcset=\"https:\/\/eni.edu.co\/l\/wp-content\/uploads\/2020\/06\/2.png 592w, https:\/\/eni.edu.co\/l\/wp-content\/uploads\/2020\/06\/2-300x196.png 300w\" sizes=\"(max-width: 592px) 100vw, 592px\" \/><\/div><\/div><\/div><\/div><\/div><\/div><div id=\"pg-8983-3\"  class=\"panel-grid panel-no-style\" ><div id=\"pgc-8983-3-0\"  class=\"panel-grid-cell\" ><div id=\"panel-8983-3-0-0\" class=\"so-panel widget widget_heading panel-first-child panel-last-child\" data-index=\"3\" ><div class=\"thim-widget-heading template-base\"><div class=\"sc_heading  text-center\"><h3 style=\"text-transform: uppercase;color:#0f70b7;\" class=\"title\">Nuestro programa<\/h3><span class=\"line\"><\/span><\/div><\/div><\/div><\/div><\/div><div id=\"pg-8983-4\"  class=\"panel-grid panel-no-style\" ><div id=\"pgc-8983-4-0\"  class=\"panel-grid-cell\" ><div id=\"panel-8983-4-0-0\" class=\"so-panel widget widget_text panel-first-child\" data-index=\"4\" ><h3 class=\"widget-title\">Env\u00edanos tus datos para m\u00e1s informaci\u00f3n de nuestro programa<\/h3>\t\t\t<div class=\"textwidget\"><\/div>\n\t\t<\/div><div id=\"panel-8983-4-0-1\" class=\"so-panel widget widget_text panel-last-child\" data-index=\"5\" >\t\t\t<div class=\"textwidget\">\n<div class=\"wpcf7 no-js\" id=\"wpcf7-f8815-o1\" lang=\"en-US\" dir=\"ltr\" data-wpcf7-id=\"8815\">\n<div class=\"screen-reader-response\"><p role=\"status\" aria-live=\"polite\" aria-atomic=\"true\"><\/p> <ul><\/ul><\/div>\n<form action=\"\/l\/wp-json\/wp\/v2\/pages\/8983#wpcf7-f8815-o1\" method=\"post\" class=\"wpcf7-form init\" aria-label=\"Contact form\" novalidate=\"novalidate\" data-status=\"init\">\n<fieldset class=\"hidden-fields-container\"><input type=\"hidden\" name=\"_wpcf7\" value=\"8815\" \/><input type=\"hidden\" name=\"_wpcf7_version\" value=\"6.1.5\" \/><input type=\"hidden\" name=\"_wpcf7_locale\" value=\"en_US\" \/><input type=\"hidden\" name=\"_wpcf7_unit_tag\" value=\"wpcf7-f8815-o1\" \/><input type=\"hidden\" name=\"_wpcf7_container_post\" value=\"0\" \/><input type=\"hidden\" name=\"_wpcf7_posted_data_hash\" value=\"\" \/>\n<\/fieldset>\n<p><span class=\"wpcf7-form-control-wrap\" data-name=\"your-name\"><input size=\"40\" maxlength=\"400\" class=\"wpcf7-form-control wpcf7-text wpcf7-validates-as-required\" aria-required=\"true\" aria-invalid=\"false\" placeholder=\"Nombre *\" value=\"\" type=\"text\" name=\"your-name\" \/><\/span>\n<\/p>\n<p><span class=\"wpcf7-form-control-wrap\" data-name=\"your-email\"><input size=\"40\" maxlength=\"400\" class=\"wpcf7-form-control wpcf7-email wpcf7-validates-as-required wpcf7-text wpcf7-validates-as-email\" aria-required=\"true\" aria-invalid=\"false\" placeholder=\"Email *\" value=\"\" type=\"email\" name=\"your-email\" \/><\/span>\n<\/p>\n<p><span class=\"wpcf7-form-control-wrap\" data-name=\"your-subject\"><input size=\"40\" maxlength=\"400\" class=\"wpcf7-form-control wpcf7-text wpcf7-validates-as-required\" aria-required=\"true\" aria-invalid=\"false\" placeholder=\"Tel\u00e9fono*\" value=\"\" type=\"text\" name=\"your-subject\" \/><\/span>\n<\/p>\n<p>Escoge tu programa <span class=\"wpcf7-form-control-wrap\" data-name=\"Programas\"><select class=\"wpcf7-form-control wpcf7-select\" aria-invalid=\"false\" name=\"Programas\"><option value=\"\">&#8212;Please choose an option&#8212;<\/option><option value=\"PROGRAMA DE CONOCIMIENTOS ACAD\u00c9MICOS EN INGL\u00c9S\">PROGRAMA DE CONOCIMIENTOS ACAD\u00c9MICOS EN INGL\u00c9S<\/option><option value=\"PROGRAMA DE CONOCIMIENTOS ACAD\u00c9MICOS EN OFIM\u00c1TICA Y MANEJO DE LAS TIC\">PROGRAMA DE CONOCIMIENTOS ACAD\u00c9MICOS EN OFIM\u00c1TICA Y MANEJO DE LAS TIC<\/option><option value=\"T\u00c9CNICO LABORAL POR COMPETENCIAS EN AUXILIAR ADMINISTRATIVO\">T\u00c9CNICO LABORAL POR COMPETENCIAS EN AUXILIAR ADMINISTRATIVO<\/option><option value=\"T\u00c9CNICO LABORAL POR COMPETENCIAS EN AUXILIAR DE BODEGA ALMAC\u00c9N Y CENTROS DE DISTRIBUCI\u00d3N\">T\u00c9CNICO LABORAL POR COMPETENCIAS EN AUXILIAR DE BODEGA ALMAC\u00c9N Y CENTROS DE DISTRIBUCI\u00d3N<\/option><option value=\"T\u00c9CNICO LABORAL POR COMPETENCIAS EN DISE\u00d1O GR\u00c1FICO Y PUBLICITARIO\">T\u00c9CNICO LABORAL POR COMPETENCIAS EN DISE\u00d1O GR\u00c1FICO Y PUBLICITARIO<\/option><option value=\"T\u00c9CNICO LABORAL POR COMPETENCIAS EN SISTEMAS INFORM\u00c1TICOS\">T\u00c9CNICO LABORAL POR COMPETENCIAS EN SISTEMAS INFORM\u00c1TICOS<\/option><option value=\"T\u00c9CNICO LABORAL POR COMPETENCIAS EN MERCADEO Y VENTAS\">T\u00c9CNICO LABORAL POR COMPETENCIAS EN MERCADEO Y VENTAS<\/option><option value=\"T\u00c9CNICO LABORAL POR COMPETENCIAS EN AUXILIAR CONTABLE, DE TESORER\u00cdA Y FINANCIERO\">T\u00c9CNICO LABORAL POR COMPETENCIAS EN AUXILIAR CONTABLE, DE TESORER\u00cdA Y FINANCIERO<\/option><option value=\"T\u00c9CNICO LABORAL POR COMPETENCIAS EN AUXILIAR EN AUTOMATIZACI\u00d3N E INSTRUMENTACI\u00d3N INDUSTRIAL, EL\u00c9CTRICA Y ELECTR\u00d3NICA\">T\u00c9CNICO LABORAL POR COMPETENCIAS EN AUXILIAR EN AUTOMATIZACI\u00d3N E INSTRUMENTACI\u00d3N INDUSTRIAL, EL\u00c9CTRICA Y ELECTR\u00d3NICA<\/option><\/select><\/span><br \/>\n\u00bfEn qu\u00e9 Sede quieres estudiar? <span class=\"wpcf7-form-control-wrap\" data-name=\"Sedes\"><select class=\"wpcf7-form-control wpcf7-select\" aria-invalid=\"false\" name=\"Sedes\"><option value=\"\">&#8212;Please choose an option&#8212;<\/option><option value=\"ZIPAQUIR\u00c1\">ZIPAQUIR\u00c1<\/option><option value=\"TOCANCIP\u00c1\">TOCANCIP\u00c1<\/option><\/select><\/span><br \/>\n\u00bfCu\u00e1l modalidad prefieres? <span class=\"wpcf7-form-control-wrap\" data-name=\"Modalidad\"><select class=\"wpcf7-form-control wpcf7-select\" aria-invalid=\"false\" name=\"Modalidad\"><option value=\"\">&#8212;Please choose an option&#8212;<\/option><option value=\"PRESENCIAL\">PRESENCIAL<\/option><option value=\"EN L\u00cdNEA\">EN L\u00cdNEA<\/option><\/select><\/span><br \/>\n\u00bfAhora elije tu horario? <span class=\"wpcf7-form-control-wrap\" data-name=\"Horarios\"><select class=\"wpcf7-form-control wpcf7-select\" aria-invalid=\"false\" name=\"Horarios\"><option value=\"\">&#8212;Please choose an option&#8212;<\/option><option value=\"MA\u00d1ANA\">MA\u00d1ANA<\/option><option value=\"TARDE\/NOCHE\">TARDE\/NOCHE<\/option><option value=\"S\u00c1BADOS\">S\u00c1BADOS<\/option><\/select><\/span>\n<\/p>\n<p><span class=\"wpcf7-form-control-wrap\" data-name=\"your-message\"><textarea cols=\"40\" rows=\"10\" maxlength=\"2000\" class=\"wpcf7-form-control wpcf7-textarea wpcf7-validates-as-required\" aria-required=\"true\" aria-invalid=\"false\" placeholder=\"Mensaje *\" name=\"your-message\"><\/textarea><\/span>\n<\/p>\n<p><input class=\"wpcf7-form-control wpcf7-submit has-spinner\" type=\"submit\" value=\"Enviar\" \/>\n<\/p><div class=\"wpcf7-response-output\" aria-hidden=\"true\"><\/div>\n<\/form>\n<\/div>\n\n<p>&nbsp;<\/p>\n<\/div>\n\t\t<\/div><\/div><div id=\"pgc-8983-4-1\"  class=\"panel-grid-cell\" ><div id=\"panel-8983-4-1-0\" class=\"so-panel widget widget_media_video panel-first-child panel-last-child\" data-index=\"6\" ><div class=\"panel-widget-style panel-widget-style-for-8983-4-1-0\" ><div style=\"width:100%;\" class=\"wp-video\"><video class=\"wp-video-shortcode\" id=\"video-8983-1\" preload=\"metadata\" controls=\"controls\"><source type=\"video\/mp4\" src=\"https:\/\/eni.edu.co\/l\/wp-content\/uploads\/2020\/04\/video-3.mp4?_=1\" \/><source type=\"video\/mp4\" src=\"https:\/\/eni.edu.co\/l\/wp-content\/uploads\/2020\/04\/video-3.mp4?_=1\" \/><a href=\"https:\/\/eni.edu.co\/l\/wp-content\/uploads\/2020\/04\/video-3.mp4\">https:\/\/eni.edu.co\/l\/wp-content\/uploads\/2020\/04\/video-3.mp4<\/a><\/video><\/div><\/div><\/div><\/div><\/div><\/div>","protected":false},"excerpt":{"rendered":"<p>NUESTRO PROGRAMA DE CONOCIMIENTOS ACAD\u00c9MICOS EN EL IDIOMA INGL\u00c9S, NIVELES A1, A2, B1, B2 Y C1Resoluci\u00f3n E-845 Secretaria de Educaci\u00f3n de Zipaquir\u00e1. Resoluci\u00f3n 007512 Secreta\u00eda de Educaci\u00f3n de Cundinamarca A1-PrincipianteA2-B\u00e1sicoB1-Pre-IntermedioB2-Intermedio C1-Pre-Avanzado El estudiante que ha alcanzado el nivel A1 de &hellip; <\/p>\n","protected":false},"author":1,"featured_media":0,"parent":0,"menu_order":0,"comment_status":"closed","ping_status":"closed","template":"","meta":{"pmpro_default_level":"","footnotes":"","_links_to":"","_links_to_target":""},"class_list":["post-8983","page","type-page","status-publish","hentry","pmpro-has-access"],"_links":{"self":[{"href":"https:\/\/eni.edu.co\/l\/wp-json\/wp\/v2\/pages\/8983","targetHints":{"allow":["GET"]}}],"collection":[{"href":"https:\/\/eni.edu.co\/l\/wp-json\/wp\/v2\/pages"}],"about":[{"href":"https:\/\/eni.edu.co\/l\/wp-json\/wp\/v2\/types\/page"}],"author":[{"embeddable":true,"href":"https:\/\/eni.edu.co\/l\/wp-json\/wp\/v2\/users\/1"}],"replies":[{"embeddable":true,"href":"https:\/\/eni.edu.co\/l\/wp-json\/wp\/v2\/comments?post=8983"}],"version-history":[{"count":40,"href":"https:\/\/eni.edu.co\/l\/wp-json\/wp\/v2\/pages\/8983\/revisions"}],"predecessor-version":[{"id":10986,"href":"https:\/\/eni.edu.co\/l\/wp-json\/wp\/v2\/pages\/8983\/revisions\/10986"}],"wp:attachment":[{"href":"https:\/\/eni.edu.co\/l\/wp-json\/wp\/v2\/media?parent=8983"}],"curies":[{"name":"wp","href":"https:\/\/api.w.org\/{rel}","templated":true}]}}