{"id":9029,"date":"2020-05-20T15:26:37","date_gmt":"2020-05-20T15:26:37","guid":{"rendered":"https:\/\/eni.edu.co\/l\/?page_id=9029"},"modified":"2023-10-10T17:07:30","modified_gmt":"2023-10-10T17:07:30","slug":"somos-enii","status":"publish","type":"page","link":"https:\/\/eni.edu.co\/l\/somos-enii\/","title":{"rendered":"Pol\u00edtica de Calidad"},"content":{"rendered":"<div id=\"pl-9029\"  class=\"panel-layout\" ><div id=\"pg-9029-0\"  class=\"panel-grid panel-no-style\" ><div id=\"pgc-9029-0-0\"  class=\"panel-grid-cell\" ><div id=\"panel-9029-0-0-0\" class=\"so-panel widget widget_heading panel-first-child panel-last-child\" data-index=\"0\" ><div class=\"panel-widget-style panel-widget-style-for-9029-0-0-0\" ><div class=\"thim-widget-heading template-base\"><div class=\"sc_heading  text-center\"><h3 style=\"text-transform: uppercase;color:#0f70b7;\" class=\"title\">NUESTRA HISTORIA<\/h3><p class=\"sub-heading\" style=\"\"><p style=\"text-align: justify\">La <strong>Escuela Nacional de Inform\u00e1tica e Idiomas<\/strong>, inicia sus labores de Formaci\u00f3n para el Trabajo en el a\u00f1o <b>2005 <\/b> en Zipaquir\u00e1.  En el transcurso del tiempo nuestra preocupaci\u00f3n siempre ha sido mejorar el servicio educativo y cumplir con todas las normas legales vigentes aumentando cobertura, atenci\u00f3n, servicio y calidad.  Para ello se implement\u00f3 el Sistema de Gesti\u00f3n de la Calidad, cumpliendo los requerimientos establecidos en la norma <b>NTC 5555<\/b>.\n\n<p style=\"text-align: justify\">Con el cumplimiento de la Norma esperamos convertirnos en la <b>Primera Instituci\u00f3n de Formaci\u00f3n para el Trabajo<\/b> de la regi\u00f3n con altos est\u00e1ndares de calidad en la  formaci\u00f3n y certificaci\u00f3n de los programas,  mejorando los procesos en forma cont\u00ednua para garantizar el cumplimiento y dar resultados que beneficien a los egresados y al sector productivo.\n\n<p style=\"text-align: justify\">Sabemos que es un compromiso serio con la sociedad,  con el sector productivo, con el Pa\u00eds;   que la formaci\u00f3n que reciben en la Instituci\u00f3n debe cumplir con las normas de competencia laboral que faciliten el desempe\u00f1o como l\u00edderes emprendedores que en cadena de formaci\u00f3n y de trabajo transformen el entorno y mejoren el desarrollo econ\u00f3mico y social.  Es nuestro deber aportar al desarrollo del Pa\u00eds y mostrarles  a trav\u00e9s de la formaci\u00f3n que es posible cambiar su historia y construir con su presente y una buena formaci\u00f3n un futuro en beneficio propio y del entorno.\n\n<p style=\"text-align: justify\">El avance acelerado de la ciencia y la tecnolog\u00eda en el sector industrial, comercial y de servicios obliga a los pa\u00edses a modernizarse en todos sus aspectos y, preferentemente en aquellos campos que son estrat\u00e9gicos para el desarrollo, como es el caso de la educaci\u00f3n. Tomando como referencia el resultado arrojado en el estudio de mercadeo y para dar respuesta a la demanda del sector productivo se plantea la nueva estrategia de cambio curricular, con una concepci\u00f3n te\u00f3rico pr\u00e1ctica por competencias laborales con un enfoque global enmarcado en est\u00e1ndares de certificaci\u00f3n y calidad.\n\n<p style=\"text-align: justify\">Con el prop\u00f3sito de dar soluciones a las necesidades de formaci\u00f3n, orientados a los intereses de los estudiantes, y haciendo \u00e9nfasis en el car\u00e1cter integrador e interdisciplinario de los aprendizajes, se adopta el dise\u00f1o curricular integral, human\u00edstico, valorativo y globalizado; donde el componente de aprendizaje es el punto de partida y de llegada del conocimiento, para suplir las necesidades del desarrollo integral  del educando y as\u00ed lograr un nivel competitivo en los sectores de Mantenimiento, Dise\u00f1o y Administraci\u00f3n dando respuesta  a las exigencias del mercado en todos los sectores econ\u00f3micos,  para el desempe\u00f1o de ocupaciones como t\u00e9cnicos laborales los cuales ser\u00e1n abarcados a trav\u00e9s de nuevos escenarios educativos,  con una formaci\u00f3n Presencial, semipresencial y virtual, donde prima la autonom\u00eda del alumno, la disponibilidad de medios did\u00e1cticos interactivos, vers\u00e1tiles y de r\u00e1pida actualizaci\u00f3n.  De esta manera marcamos un amplio marco diferencial de calidad frente a las dem\u00e1s instituciones educativas de la regi\u00f3n.<\/p><span class=\"line\"><\/span><\/div><\/div><\/div><\/div><\/div><\/div><div id=\"pg-9029-1\"  class=\"panel-grid panel-no-style\" ><div id=\"pgc-9029-1-0\"  class=\"panel-grid-cell\" ><div id=\"panel-9029-1-0-0\" class=\"so-panel widget widget_counters-box panel-first-child panel-last-child\" data-index=\"1\" ><div class=\"thim-widget-counters-box template-base\"><div class=\"counter-box about-us\" style=\"\"><div class=\"content-box-percentage\">\n\t\t<div class=\"wrap-percentage\">\n\t\t<div class=\"display-percentage\" data-percentage=\"3545\" style=\"color:#0f70b7\">3545<\/div><div class=\"text_number\"><\/div><\/div><div class=\"counter-content-container\"><div class=\"counter-box-content\" style=\"\">Estudiantes graduados<\/div><\/div><\/div><\/div><\/div><\/div><\/div><div id=\"pgc-9029-1-1\"  class=\"panel-grid-cell\" ><div id=\"panel-9029-1-1-0\" class=\"so-panel widget widget_counters-box panel-first-child panel-last-child\" data-index=\"2\" ><div class=\"thim-widget-counters-box template-base\"><div class=\"counter-box about-us\" style=\"\"><div class=\"content-box-percentage\">\n\t\t<div class=\"wrap-percentage\">\n\t\t<div class=\"display-percentage\" data-percentage=\"20\" style=\"color:#0f70b7\">20<\/div><div class=\"text_number\"><\/div><\/div><div class=\"counter-content-container\"><div class=\"counter-box-content\" style=\"\">A\u00d1OS DE HISTORIA<\/div><\/div><\/div><\/div><\/div><\/div><\/div><div id=\"pgc-9029-1-2\"  class=\"panel-grid-cell\" ><div id=\"panel-9029-1-2-0\" class=\"so-panel widget widget_counters-box panel-first-child panel-last-child\" data-index=\"3\" ><div class=\"thim-widget-counters-box template-base\"><div class=\"counter-box about-us\" style=\"\"><div class=\"content-box-percentage\">\n\t\t<div class=\"wrap-percentage\">\n\t\t<div class=\"display-percentage\" data-percentage=\"4228\" style=\"color:#0f70b7\">4228<\/div><div class=\"text_number\"><\/div><\/div><div class=\"counter-content-container\"><div class=\"counter-box-content\" style=\"\">Estudiantes matriculados<\/div><\/div><\/div><\/div><\/div><\/div><\/div><div id=\"pgc-9029-1-3\"  class=\"panel-grid-cell\" ><div id=\"panel-9029-1-3-0\" class=\"so-panel widget widget_counters-box panel-first-child panel-last-child\" data-index=\"4\" ><div class=\"thim-no-border panel-widget-style panel-widget-style-for-9029-1-3-0\" ><div class=\"thim-widget-counters-box template-base\"><div class=\"counter-box about-us\" style=\"\"><div class=\"content-box-percentage\">\n\t\t<div class=\"wrap-percentage\">\n\t\t<div class=\"display-percentage\" data-percentage=\"10\" style=\"color:#0f70b7\">10<\/div><div class=\"text_number\"><\/div><\/div><div class=\"counter-content-container\"><div class=\"counter-box-content\" style=\"\">Cursos completos<\/div><\/div><\/div><\/div><\/div><\/div><\/div><\/div><\/div><div id=\"pg-9029-2\"  class=\"panel-grid panel-no-style\" ><div id=\"pgc-9029-2-0\"  class=\"panel-grid-cell\" ><div id=\"panel-9029-2-0-0\" class=\"so-panel widget widget_gallery-images panel-first-child\" data-index=\"5\" ><div class=\"thim-widget-gallery-images template-base\"><div class=\"thim-carousel-wrapper gallery-img\" data-visible=\"1\" data-itemtablet=\"2\" data-itemmobile=\"1\" data-autoplay=\"0\" data-navigation=\"0\" data-pagination=\"1\" data-loop=\"true\"><div class=\"item\"><img fetchpriority=\"high\" decoding=\"async\" width=\"1280\" height=\"960\" src=\"https:\/\/eni.edu.co\/l\/wp-content\/uploads\/2020\/05\/IMG-20200430-WA0014.jpg\" class=\"attachment-full size-full\" alt=\"\" srcset=\"https:\/\/eni.edu.co\/l\/wp-content\/uploads\/2020\/05\/IMG-20200430-WA0014.jpg 1280w, https:\/\/eni.edu.co\/l\/wp-content\/uploads\/2020\/05\/IMG-20200430-WA0014-300x225.jpg 300w, https:\/\/eni.edu.co\/l\/wp-content\/uploads\/2020\/05\/IMG-20200430-WA0014-1024x768.jpg 1024w, https:\/\/eni.edu.co\/l\/wp-content\/uploads\/2020\/05\/IMG-20200430-WA0014-768x576.jpg 768w\" sizes=\"(max-width: 1280px) 100vw, 1280px\" \/><\/div><\/div><\/div><\/div><div id=\"panel-9029-2-0-1\" class=\"so-panel widget widget_text panel-last-child\" data-index=\"6\" >\t\t\t<div class=\"textwidget\"><div class=\"thim-about-us-quote\">\n<p>Elegimos dar lo mejor. <\/p>\n<div class=\"agency\">Autoevaluaci\u00f3n<\/div>\n<hr>\n<\/div><\/div>\n\t\t<\/div><\/div><\/div><div id=\"pg-9029-3\"  class=\"panel-grid panel-no-style\" ><div id=\"pgc-9029-3-0\"  class=\"panel-grid-cell\" ><div id=\"panel-9029-3-0-0\" class=\"so-panel widget widget_text panel-first-child\" data-index=\"7\" ><h3 class=\"widget-title\">Pol\u00edtica de Calidad<\/h3>\t\t\t<div class=\"textwidget\"><p style=\"text-align: justify\">En la <strong>ESCUELA NACIONAL DE INFORM\u00c1TICA E IDIOMAS <\/strong> de propiedad <strong>Fortec Sabana SAS <\/strong>estamos comprometidos con la satisfacci\u00f3n del cliente y el cumplimiento de las normas establecidas en la formaci\u00f3n para el Trabajo y el Desarrollo Humano, con personal competente, ambientes de aprendizaje acordes con los programas ofertados mediante la mejora continua en todos nuestros procesos.<\/div>\n\t\t<\/div><div id=\"panel-9029-3-0-1\" class=\"so-panel widget widget_text panel-last-child\" data-index=\"8\" ><h3 class=\"widget-title\">Visi\u00f3n<\/h3>\t\t\t<div class=\"textwidget\"><p style=\"text-align: justify\">En el <strong>2026 ESCUELA NACIONAL DE INFORM\u00c1TICA E IDIOMAS<\/strong> seguir\u00e1 siendo una instituci\u00f3n de formaci\u00f3n para el Trabajo y el Desarrollo Humano con <strong>Programas Acad\u00e9micos y T\u00e9cnicos Laborales por Competencias  de excelente calidad<\/strong> ajustados a los requerimientos del sector productivo, con talento humano competente e id\u00f3neo.<\/div>\n\t\t<\/div><\/div><div id=\"pgc-9029-3-1\"  class=\"panel-grid-cell panel-grid-cell-empty\" ><\/div><div id=\"pgc-9029-3-2\"  class=\"panel-grid-cell\" ><div id=\"panel-9029-3-2-0\" class=\"so-panel widget widget_text panel-first-child panel-last-child\" data-index=\"9\" ><h3 class=\"widget-title\">Misi\u00f3n<\/h3>\t\t\t<div class=\"textwidget\"><p style=\"text-align: justify\">La <strong>ESCUELA NACIONAL DE INFORM\u00c1TICA E IDIOMAS<\/strong> es una Instituci\u00f3n para el Trabajo y el Desarrollo Humano que busca satisfacer las necesidades de educaci\u00f3n de nuestra comunidad y la demanda laboral del sector productivo. Para lograrlo ofertamos programas de calidad, formando integralmente a nuestros estudiantes, brind\u00e1ndoles las herramientas necesarias para una mejor calidad de vida y contribuyendo de esta manera al desarrollo socio econ\u00f3mico de nuestra regi\u00f3n.<\/div>\n\t\t<\/div><\/div><\/div><div id=\"pg-9029-4\"  class=\"panel-grid panel-has-style\" ><div class=\"so-parallax siteorigin-panels-stretch panel-row-style panel-row-style-for-9029-4\" data-stretch-type=\"full\" ><img decoding=\"async\" width=\"1600\" height=\"650\" src=\"https:\/\/eni.edu.co\/l\/wp-content\/uploads\/2015\/11\/bg-parallax-about-us.jpg\" class=\"attachment-full size-full\" alt=\"\" data-siteorigin-parallax=\"true\" loading=\"eager\" srcset=\"https:\/\/eni.edu.co\/l\/wp-content\/uploads\/2015\/11\/bg-parallax-about-us.jpg 1600w, https:\/\/eni.edu.co\/l\/wp-content\/uploads\/2015\/11\/bg-parallax-about-us-600x244.jpg 600w, https:\/\/eni.edu.co\/l\/wp-content\/uploads\/2015\/11\/bg-parallax-about-us-300x122.jpg 300w, https:\/\/eni.edu.co\/l\/wp-content\/uploads\/2015\/11\/bg-parallax-about-us-1024x416.jpg 1024w, https:\/\/eni.edu.co\/l\/wp-content\/uploads\/2015\/11\/bg-parallax-about-us-768x312.jpg 768w, https:\/\/eni.edu.co\/l\/wp-content\/uploads\/2015\/11\/bg-parallax-about-us-1536x624.jpg 1536w\" sizes=\"(max-width: 1600px) 100vw, 1600px\" \/><div id=\"pgc-9029-4-0\"  class=\"panel-grid-cell panel-grid-cell-empty\" ><\/div><\/div><\/div><\/div>","protected":false},"excerpt":{"rendered":"<p>NUESTRA HISTORIALa Escuela Nacional de Inform\u00e1tica e Idiomas, inicia sus labores de Formaci\u00f3n para el Trabajo en el a\u00f1o 2005 en Zipaquir\u00e1. En el transcurso del tiempo nuestra preocupaci\u00f3n siempre ha sido mejorar el servicio educativo y cumplir con todas &hellip; <\/p>\n","protected":false},"author":1,"featured_media":0,"parent":0,"menu_order":0,"comment_status":"closed","ping_status":"closed","template":"","meta":{"pmpro_default_level":"","footnotes":"","_links_to":"","_links_to_target":""},"class_list":["post-9029","page","type-page","status-publish","hentry","pmpro-has-access"],"_links":{"self":[{"href":"https:\/\/eni.edu.co\/l\/wp-json\/wp\/v2\/pages\/9029","targetHints":{"allow":["GET"]}}],"collection":[{"href":"https:\/\/eni.edu.co\/l\/wp-json\/wp\/v2\/pages"}],"about":[{"href":"https:\/\/eni.edu.co\/l\/wp-json\/wp\/v2\/types\/page"}],"author":[{"embeddable":true,"href":"https:\/\/eni.edu.co\/l\/wp-json\/wp\/v2\/users\/1"}],"replies":[{"embeddable":true,"href":"https:\/\/eni.edu.co\/l\/wp-json\/wp\/v2\/comments?post=9029"}],"version-history":[{"count":36,"href":"https:\/\/eni.edu.co\/l\/wp-json\/wp\/v2\/pages\/9029\/revisions"}],"predecessor-version":[{"id":11179,"href":"https:\/\/eni.edu.co\/l\/wp-json\/wp\/v2\/pages\/9029\/revisions\/11179"}],"wp:attachment":[{"href":"https:\/\/eni.edu.co\/l\/wp-json\/wp\/v2\/media?parent=9029"}],"curies":[{"name":"wp","href":"https:\/\/api.w.org\/{rel}","templated":true}]}}