{"id":9085,"date":"2020-04-12T09:29:40","date_gmt":"2020-04-12T09:29:40","guid":{"rendered":"https:\/\/eni.edu.co\/l\/?page_id=9085"},"modified":"2024-01-29T18:19:52","modified_gmt":"2024-01-29T18:19:52","slug":"somos-eni","status":"publish","type":"page","link":"https:\/\/eni.edu.co\/l\/somos-eni\/","title":{"rendered":"Pol\u00edtica de calidad"},"content":{"rendered":"<div id=\"pl-9085\"  class=\"panel-layout\" ><div id=\"pg-9085-0\"  class=\"panel-grid panel-no-style\" ><div id=\"pgc-9085-0-0\"  class=\"panel-grid-cell\" ><div id=\"panel-9085-0-0-0\" class=\"so-panel widget widget_heading panel-first-child panel-last-child\" data-index=\"0\" ><div class=\"panel-widget-style panel-widget-style-for-9085-0-0-0\" ><div class=\"thim-widget-heading template-base\"><div class=\"sc_heading  text-center\"><h3 style=\"text-transform: uppercase;color:#0f70b7;\" class=\"title\">Pol\u00edtica de CALIDAD<\/h3><p class=\"sub-heading\" style=\"\"><p style=\"text-align: justify\"> En la\u00a0ESCUELA NACIONAL DE INFORM\u00c1TICA\u00a0E IDIOMAS de propiedad Fortec Sabana SAS, estamos comprometidos con la satisfacci\u00f3n del cliente y el cumplimiento de las normas establecidas en la formaci\u00f3n para el trabajo y el desarrollo humano, con personal competente, ambientes de aprendizaje acordes con los programas ofertados mediante la mejora continua en todos nuestros procesos.<\/p><span class=\"line\"><\/span><\/div><\/div><\/div><\/div><\/div><\/div><div id=\"pg-9085-1\"  class=\"panel-grid panel-no-style\" ><div id=\"pgc-9085-1-0\"  class=\"panel-grid-cell\" ><div id=\"panel-9085-1-0-0\" class=\"so-panel widget widget_text panel-first-child panel-last-child\" data-index=\"1\" ><h3 class=\"widget-title\">Visi\u00f3n<\/h3>\t\t\t<div class=\"textwidget\"><p style=\"text-align: justify;\">En el 2025 ESCUELA NACIONAL DE INFORM\u00c1TICA E IDIOMAS seguir\u00e1 siendo una instituci\u00f3n de formaci\u00f3n para el trabajo certificada en calidad con programas acad\u00e9micos presenciales de excelente calidad ajustados a los requerimientos del sector productivo, con talento humano competente e id\u00f3neo.<\/div>\n\t\t<\/div><\/div><div id=\"pgc-9085-1-1\"  class=\"panel-grid-cell\" ><div id=\"panel-9085-1-1-0\" class=\"so-panel widget widget_text panel-first-child panel-last-child\" data-index=\"2\" ><h3 class=\"widget-title\">Misi\u00f3n<\/h3>\t\t\t<div class=\"textwidget\"><p style=\"text-align: justify;\"> La  ESCUELA NACIONAL DE INFORM\u00c1TICA E IDIOMAS es una Instituci\u00f3n para el trabajo y desarrollo humano que busca satisfacer las necesidades de educaci\u00f3n de nuestra comunidad y la demanda laboral del Sector productivo. Para lograrlo ofertamos programas de calidad, formando integralmente a nuestros estudiantes, brind\u00e1ndoles las herramientas necesarias para una mejor calidad de vida y contribuyendo de esta manera al desarrollo socio econ\u00f3mico de nuestra regi\u00f3n.<\/div>\n\t\t<\/div><\/div><\/div><div id=\"pg-9085-2\"  class=\"panel-grid panel-no-style\" ><div id=\"pgc-9085-2-0\"  class=\"panel-grid-cell\" ><div id=\"panel-9085-2-0-0\" class=\"so-panel widget widget_counters-box panel-first-child panel-last-child\" data-index=\"3\" ><div class=\"thim-widget-counters-box template-base\"><div class=\"counter-box about-us\" style=\"\"><div class=\"content-box-percentage\">\n\t\t<div class=\"wrap-percentage\">\n\t\t<div class=\"display-percentage\" data-percentage=\"1618\" style=\"color:#0f70b7\">1618<\/div><div class=\"text_number\"><\/div><\/div><div class=\"counter-content-container\"><div class=\"counter-box-content\" style=\"\">Estudiantes graduados<\/div><\/div><\/div><\/div><\/div><\/div><\/div><div id=\"pgc-9085-2-1\"  class=\"panel-grid-cell\" ><div id=\"panel-9085-2-1-0\" class=\"so-panel widget widget_counters-box panel-first-child panel-last-child\" data-index=\"4\" ><div class=\"thim-widget-counters-box template-base\"><div class=\"counter-box about-us\" style=\"\"><div class=\"content-box-percentage\">\n\t\t<div class=\"wrap-percentage\">\n\t\t<div class=\"display-percentage\" data-percentage=\"15\" style=\"color:#0f70b7\">15<\/div><div class=\"text_number\"><\/div><\/div><div class=\"counter-content-container\"><div class=\"counter-box-content\" style=\"\">A\u00d1OS DE HISTORIA<\/div><\/div><\/div><\/div><\/div><\/div><\/div><div id=\"pgc-9085-2-2\"  class=\"panel-grid-cell\" ><div id=\"panel-9085-2-2-0\" class=\"so-panel widget widget_counters-box panel-first-child panel-last-child\" data-index=\"5\" ><div class=\"thim-widget-counters-box template-base\"><div class=\"counter-box about-us\" style=\"\"><div class=\"content-box-percentage\">\n\t\t<div class=\"wrap-percentage\">\n\t\t<div class=\"display-percentage\" data-percentage=\"1941\" style=\"color:#0f70b7\">1941<\/div><div class=\"text_number\"><\/div><\/div><div class=\"counter-content-container\"><div class=\"counter-box-content\" style=\"\">Estudiantes matriculados<\/div><\/div><\/div><\/div><\/div><\/div><\/div><\/div><div id=\"pg-9085-3\"  class=\"panel-grid panel-no-style\" ><div id=\"pgc-9085-3-0\"  class=\"panel-grid-cell\" ><div id=\"panel-9085-3-0-0\" class=\"so-panel widget widget_gallery-images panel-first-child\" data-index=\"6\" ><div class=\"thim-widget-gallery-images template-base\"><div class=\"thim-carousel-wrapper gallery-img\" data-visible=\"1\" data-itemtablet=\"2\" data-itemmobile=\"1\" data-autoplay=\"0\" data-navigation=\"0\" data-pagination=\"1\" data-loop=\"true\"><div class=\"item\"><img fetchpriority=\"high\" decoding=\"async\" width=\"1280\" height=\"960\" src=\"https:\/\/eni.edu.co\/l\/wp-content\/uploads\/2020\/05\/IMG-20200430-WA0005.jpg\" class=\"attachment-full size-full\" alt=\"\" srcset=\"https:\/\/eni.edu.co\/l\/wp-content\/uploads\/2020\/05\/IMG-20200430-WA0005.jpg 1280w, https:\/\/eni.edu.co\/l\/wp-content\/uploads\/2020\/05\/IMG-20200430-WA0005-300x225.jpg 300w, https:\/\/eni.edu.co\/l\/wp-content\/uploads\/2020\/05\/IMG-20200430-WA0005-1024x768.jpg 1024w, https:\/\/eni.edu.co\/l\/wp-content\/uploads\/2020\/05\/IMG-20200430-WA0005-768x576.jpg 768w\" sizes=\"(max-width: 1280px) 100vw, 1280px\" \/><\/div><div class=\"item\"><img decoding=\"async\" width=\"1280\" height=\"960\" src=\"https:\/\/eni.edu.co\/l\/wp-content\/uploads\/2020\/05\/IMG-20200430-WA0006.jpg\" class=\"attachment-full size-full\" alt=\"\" srcset=\"https:\/\/eni.edu.co\/l\/wp-content\/uploads\/2020\/05\/IMG-20200430-WA0006.jpg 1280w, https:\/\/eni.edu.co\/l\/wp-content\/uploads\/2020\/05\/IMG-20200430-WA0006-300x225.jpg 300w, https:\/\/eni.edu.co\/l\/wp-content\/uploads\/2020\/05\/IMG-20200430-WA0006-1024x768.jpg 1024w, https:\/\/eni.edu.co\/l\/wp-content\/uploads\/2020\/05\/IMG-20200430-WA0006-768x576.jpg 768w\" sizes=\"(max-width: 1280px) 100vw, 1280px\" \/><\/div><div class=\"item\"><img decoding=\"async\" width=\"1280\" height=\"960\" src=\"https:\/\/eni.edu.co\/l\/wp-content\/uploads\/2020\/05\/IMG-20200430-WA0010.jpg\" class=\"attachment-full size-full\" alt=\"\" srcset=\"https:\/\/eni.edu.co\/l\/wp-content\/uploads\/2020\/05\/IMG-20200430-WA0010.jpg 1280w, https:\/\/eni.edu.co\/l\/wp-content\/uploads\/2020\/05\/IMG-20200430-WA0010-300x225.jpg 300w, https:\/\/eni.edu.co\/l\/wp-content\/uploads\/2020\/05\/IMG-20200430-WA0010-1024x768.jpg 1024w, https:\/\/eni.edu.co\/l\/wp-content\/uploads\/2020\/05\/IMG-20200430-WA0010-768x576.jpg 768w\" sizes=\"(max-width: 1280px) 100vw, 1280px\" \/><\/div><div class=\"item\"><img loading=\"lazy\" decoding=\"async\" width=\"1280\" height=\"960\" src=\"https:\/\/eni.edu.co\/l\/wp-content\/uploads\/2020\/05\/IMG-20200430-WA0010-1.jpg\" class=\"attachment-full size-full\" alt=\"\" srcset=\"https:\/\/eni.edu.co\/l\/wp-content\/uploads\/2020\/05\/IMG-20200430-WA0010-1.jpg 1280w, https:\/\/eni.edu.co\/l\/wp-content\/uploads\/2020\/05\/IMG-20200430-WA0010-1-300x225.jpg 300w, https:\/\/eni.edu.co\/l\/wp-content\/uploads\/2020\/05\/IMG-20200430-WA0010-1-1024x768.jpg 1024w, https:\/\/eni.edu.co\/l\/wp-content\/uploads\/2020\/05\/IMG-20200430-WA0010-1-768x576.jpg 768w\" sizes=\"(max-width: 1280px) 100vw, 1280px\" \/><\/div><div class=\"item\"><img loading=\"lazy\" decoding=\"async\" width=\"1280\" height=\"960\" src=\"https:\/\/eni.edu.co\/l\/wp-content\/uploads\/2020\/05\/IMG-20200430-WA0009.jpg\" class=\"attachment-full size-full\" alt=\"\" srcset=\"https:\/\/eni.edu.co\/l\/wp-content\/uploads\/2020\/05\/IMG-20200430-WA0009.jpg 1280w, https:\/\/eni.edu.co\/l\/wp-content\/uploads\/2020\/05\/IMG-20200430-WA0009-300x225.jpg 300w, https:\/\/eni.edu.co\/l\/wp-content\/uploads\/2020\/05\/IMG-20200430-WA0009-1024x768.jpg 1024w, https:\/\/eni.edu.co\/l\/wp-content\/uploads\/2020\/05\/IMG-20200430-WA0009-768x576.jpg 768w\" sizes=\"(max-width: 1280px) 100vw, 1280px\" \/><\/div><div class=\"item\"><img loading=\"lazy\" decoding=\"async\" width=\"1280\" height=\"854\" src=\"https:\/\/eni.edu.co\/l\/wp-content\/uploads\/2020\/05\/IMG-20200429-WA0005.jpg\" class=\"attachment-full size-full\" alt=\"\" srcset=\"https:\/\/eni.edu.co\/l\/wp-content\/uploads\/2020\/05\/IMG-20200429-WA0005.jpg 1280w, https:\/\/eni.edu.co\/l\/wp-content\/uploads\/2020\/05\/IMG-20200429-WA0005-300x200.jpg 300w, https:\/\/eni.edu.co\/l\/wp-content\/uploads\/2020\/05\/IMG-20200429-WA0005-1024x683.jpg 1024w, https:\/\/eni.edu.co\/l\/wp-content\/uploads\/2020\/05\/IMG-20200429-WA0005-768x512.jpg 768w\" sizes=\"(max-width: 1280px) 100vw, 1280px\" \/><\/div><\/div><\/div><\/div><div id=\"panel-9085-3-0-1\" class=\"so-panel widget widget_text panel-last-child\" data-index=\"7\" >\t\t\t<div class=\"textwidget\"><div class=\"thim-about-us-quote\">\n<p>Elegimos dar lo mejor. <\/p>\n<div class=\"agency\">Autoevaluaci\u00f3n<\/div>\n<hr>\n<\/div><\/div>\n\t\t<\/div><\/div><\/div><div id=\"pg-9085-4\"  class=\"panel-grid panel-no-style\" ><div id=\"pgc-9085-4-0\"  class=\"panel-grid-cell\" ><div id=\"panel-9085-4-0-0\" class=\"so-panel widget widget_heading panel-first-child panel-last-child\" data-index=\"8\" ><div class=\"panel-widget-style panel-widget-style-for-9085-4-0-0\" ><div class=\"thim-widget-heading template-base\"><div class=\"sc_heading  text-center\"><h3 style=\"text-transform: uppercase;color:#0f70b7;\" class=\"title\">NUESTRA HISTORIA<\/h3><p class=\"sub-heading\" style=\"\"><p style=\"text-align: justify\">La Escuela Nacional de Inform\u00e1tica e Idiomas, inicia sus labores de formaci\u00f3n para el trabajo en el a\u00f1o 2005 como sitio estrategico Zipaquir\u00e1.  En el transcurso del tiempo nuestra preocupaci\u00f3n siempre ha sido mejorar el servicio educativo y cumplir con todas las normas legales vigentes aumentando cobertura, atenci\u00f3n, servicio y calidad.  Para ello se implement\u00f3 el Sistema de Gesti\u00f3n de la calidad cumpliendo los requerimientos establecidos en la norma NTC 5555.\n\n<p style=\"text-align: justify\"> En el a\u00f1o 2019 nos seguimos expandiendo con el prop\u00f3sito  de reducir  la brecha en educaci\u00f3n para el trabajo, y abrimos nuestra sede en Tocancip\u00e1, en tan importante municipio industrial  de cundinamarca y cobertura para municipios aleda\u00f1os.\n\n<p style=\"text-align: justify\">Con el cumplimiento de la norma esperamos convertirnos en la primera instituci\u00f3n de formaci\u00f3n para el trabajo de la regi\u00f3n con altos est\u00e1ndares de calidad en la  formaci\u00f3n y certificaci\u00f3n de los programas,  mejorando los procesos en forma continua para garantizar el cumplimiento y dar resultados que beneficien a los egresados y al sector productivo.\n\n<p style=\"text-align: justify\">Sabemos que es un compromiso serio con la sociedad,  con el sector productivo, con el Pa\u00eds;   que la formaci\u00f3n que reciben en la Instituci\u00f3n debe cumplir con las normas de competencia laboral que faciliten el desempe\u00f1o como l\u00edderes emprendedores que en cadena de formaci\u00f3n y de trabajo transformen el entorno y mejoren el desarrollo econ\u00f3mico y social.  Es nuestro deber aportar al desarrollo del Pa\u00eds y mostrarles  a trav\u00e9s de la formaci\u00f3n que es posible cambiar su historia y construir con su presente y una buena formaci\u00f3n un futuro en beneficio propio y del entorno.\n\n<p style=\"text-align: justify\">El avance acelerado de la ciencia y la tecnolog\u00eda en el sector industrial, comercial y de servicios obliga a los pa\u00edses a modernizarse en todos sus aspectos y, preferentemente en aquellos campos que son estrat\u00e9gicos para el desarrollo, como es el caso de la educaci\u00f3n. Tomando como referencia el resultado arrojado en el estudio de mercadeo y para dar respuesta a la demanda del sector productivo se plantea la nueva estrategia de cambio curricular, con una concepci\u00f3n te\u00f3rico pr\u00e1ctica por competencias laborales con un enfoque global enmarcado en est\u00e1ndares de certificaci\u00f3n y calidad.\n\n<p style=\"text-align: justify\">Con el prop\u00f3sito de dar soluciones a las necesidades de formaci\u00f3n, orientados a los intereses de los estudiantes, y haciendo \u00e9nfasis en el car\u00e1cter integrador e interdisciplinario de los aprendizajes, se adopta el dise\u00f1o curricular integral, human\u00edstico, valorativo y globalizado; donde el componente de aprendizaje es el punto de partida y de llegada del conocimiento, para suplir las necesidades del desarrollo integral  del educando y as\u00ed lograr un nivel competitivo en los sectores de Mantenimiento, Dise\u00f1o y Administraci\u00f3n dando respuesta  a las exigencias del mercado en todos los sectores econ\u00f3micos,  para el desempe\u00f1o de ocupaciones como t\u00e9cnicos laborales los cuales ser\u00e1n abarcados a trav\u00e9s de nuevos escenarios educativos,  con una formaci\u00f3n Presencial, semipresencial y virtual, donde prima la autonom\u00eda del alumno, la disponibilidad de medios did\u00e1cticos interactivos, vers\u00e1tiles y de r\u00e1pida actualizaci\u00f3n.  De esta manera marcamos un amplio marco diferencial de calidad frente a las dem\u00e1s instituciones educativas de la regi\u00f3n.\n<\/p><span class=\"line\"><\/span><\/div><\/div><\/div><\/div><\/div><\/div><div id=\"pg-9085-5\"  class=\"panel-grid panel-has-style\" ><div class=\"so-parallax siteorigin-panels-stretch panel-row-style panel-row-style-for-9085-5\" data-stretch-type=\"full\" ><img decoding=\"async\" width=\"1600\" height=\"650\" src=\"https:\/\/eni.edu.co\/l\/wp-content\/uploads\/2015\/11\/bg-parallax-about-us.jpg\" class=\"attachment-full size-full\" alt=\"\" data-siteorigin-parallax=\"true\" loading=\"eager\" srcset=\"https:\/\/eni.edu.co\/l\/wp-content\/uploads\/2015\/11\/bg-parallax-about-us.jpg 1600w, https:\/\/eni.edu.co\/l\/wp-content\/uploads\/2015\/11\/bg-parallax-about-us-600x244.jpg 600w, https:\/\/eni.edu.co\/l\/wp-content\/uploads\/2015\/11\/bg-parallax-about-us-300x122.jpg 300w, https:\/\/eni.edu.co\/l\/wp-content\/uploads\/2015\/11\/bg-parallax-about-us-1024x416.jpg 1024w, https:\/\/eni.edu.co\/l\/wp-content\/uploads\/2015\/11\/bg-parallax-about-us-768x312.jpg 768w, https:\/\/eni.edu.co\/l\/wp-content\/uploads\/2015\/11\/bg-parallax-about-us-1536x624.jpg 1536w\" sizes=\"(max-width: 1600px) 100vw, 1600px\" \/><div id=\"pgc-9085-5-0\"  class=\"panel-grid-cell panel-grid-cell-empty\" ><\/div><\/div><\/div><\/div>","protected":false},"excerpt":{"rendered":"<p>En el 2025 ESCUELA NACIONAL DE INFORM\u00c1TICA E IDIOMAS seguir\u00e1 siendo una instituci\u00f3n de formaci\u00f3n para el trabajo certificada en calidad con programas acad\u00e9micos presenciales de excelente calidad ajustados a los requerimientos del sector productivo, con talento humano competente e &hellip; <\/p>\n","protected":false},"author":1,"featured_media":0,"parent":0,"menu_order":0,"comment_status":"closed","ping_status":"closed","template":"","meta":{"pmpro_default_level":"","footnotes":"","_links_to":"","_links_to_target":""},"class_list":["post-9085","page","type-page","status-publish","hentry","pmpro-has-access"],"_links":{"self":[{"href":"https:\/\/eni.edu.co\/l\/wp-json\/wp\/v2\/pages\/9085","targetHints":{"allow":["GET"]}}],"collection":[{"href":"https:\/\/eni.edu.co\/l\/wp-json\/wp\/v2\/pages"}],"about":[{"href":"https:\/\/eni.edu.co\/l\/wp-json\/wp\/v2\/types\/page"}],"author":[{"embeddable":true,"href":"https:\/\/eni.edu.co\/l\/wp-json\/wp\/v2\/users\/1"}],"replies":[{"embeddable":true,"href":"https:\/\/eni.edu.co\/l\/wp-json\/wp\/v2\/comments?post=9085"}],"version-history":[{"count":30,"href":"https:\/\/eni.edu.co\/l\/wp-json\/wp\/v2\/pages\/9085\/revisions"}],"predecessor-version":[{"id":11088,"href":"https:\/\/eni.edu.co\/l\/wp-json\/wp\/v2\/pages\/9085\/revisions\/11088"}],"wp:attachment":[{"href":"https:\/\/eni.edu.co\/l\/wp-json\/wp\/v2\/media?parent=9085"}],"curies":[{"name":"wp","href":"https:\/\/api.w.org\/{rel}","templated":true}]}}