{"id":9334,"date":"2020-05-22T12:34:34","date_gmt":"2020-05-22T12:34:34","guid":{"rendered":"https:\/\/eni.edu.co\/l\/?page_id=9334"},"modified":"2026-02-09T17:30:03","modified_gmt":"2026-02-09T17:30:03","slug":"tecnico-laboral-por-competencias-en-auxiliar-de-bodega-almacen-y-centros-de-distribucion","status":"publish","type":"page","link":"https:\/\/eni.edu.co\/l\/tecnico-laboral-por-competencias-en-auxiliar-de-bodega-almacen-y-centros-de-distribucion\/","title":{"rendered":"Auxiliar en bodega, almac\u00e9n y centros de distribuci\u00f3n"},"content":{"rendered":"<div id=\"pl-9334\"  class=\"panel-layout\" ><div id=\"pg-9334-0\"  class=\"panel-grid panel-no-style\" ><div id=\"pgc-9334-0-0\"  class=\"panel-grid-cell\" ><div id=\"panel-9334-0-0-0\" class=\"so-panel widget widget_heading panel-first-child panel-last-child\" data-index=\"0\" ><div class=\"panel-widget-style panel-widget-style-for-9334-0-0-0\" ><div class=\"thim-widget-heading template-base\"><div class=\"sc_heading  text-center\"><h3 style=\"text-transform: uppercase;color:#0f70b7;\" class=\"title\">NUESTRO PROGRAMA T\u00c9CNICO LABORAL POR COMPETENCIAS EN AUXILIAR EN BODEGA, ALMAC\u00c9N Y CENTROS DE DISTRIBUCI\u00d3N<\/h3><p class=\"sub-heading\" style=\"\">Resoluci\u00f3n 009219 Secretar\u00eda  de Educaci\u00f3n de Cundinamarca<\/p><span class=\"line\"><\/span><\/div><\/div><\/div><\/div><\/div><\/div><div id=\"pg-9334-1\"  class=\"panel-grid panel-no-style\" ><div id=\"pgc-9334-1-0\"  class=\"panel-grid-cell\" ><div id=\"panel-9334-1-0-0\" class=\"so-panel widget widget_tab panel-first-child panel-last-child\" data-index=\"1\" ><div class=\"thim-widget-tab template-tab\">\n<ul class=\"nav nav-tabs\" role=\"tablist\"><li role=\"presentation\" class='active tab-col-5'><a href=\"#thim-widget-tab-11776376268-1-19\"  role=\"tab\" data-toggle=\"tab\">Duraci\u00f3n<\/a><\/li><li role=\"presentation\" class='tab-col-5'><a href=\"#thim-widget-tab-21776376268-1-19\"  role=\"tab\" data-toggle=\"tab\">Objetivo<\/a><\/li><li role=\"presentation\" class='tab-col-5'><a href=\"#thim-widget-tab-31776376268-1-19\"  role=\"tab\" data-toggle=\"tab\">T\u00edtulo otorgado<\/a><\/li><li role=\"presentation\" class='tab-col-5'><a href=\"#thim-widget-tab-41776376268-1-19\"  role=\"tab\" data-toggle=\"tab\">Perfil ocupacional<\/a><\/li><li role=\"presentation\" class='tab-col-5'><a href=\"#thim-widget-tab-51776376268-1-19\"  role=\"tab\" data-toggle=\"tab\">Perfil profesional<\/a><\/li><\/ul><div class=\"tab-content\"> <div role=\"tabpanel\" class=\"tab-pane active\" id=\"thim-widget-tab-11776376268-1-19\"><b>3 Semestres Te\u00f3ricos - Pr\u00e1cticos<\/b><br>\n\n1-\tOfim\u00e1tica y Manejo de las TIC<br>\n2-\tGesti\u00f3n Administrativa<br>\n3-\tLog\u00edstica e Inventarios<br><\/div> <div role=\"tabpanel\" class=\"tab-pane\" id=\"thim-widget-tab-21776376268-1-19\"><p style=\"text-align: justify\">Formar integralmente <b>T\u00e9cnicos Laborales por Competencias en Auxiliar en Bodega, Almac\u00e9n y Centros de Distribuci\u00f3n<\/b>, con las mejores t\u00e9cnicas que faciliten y agilicen todas las actividades que demandan las empresas en esta \u00e1rea, capaces de realizar funciones de almacenamiento en bodegas y centros de distribuci\u00f3n de acuerdo con la preparaci\u00f3n de inventarios, cargue y descargue de objetos, movilizaci\u00f3n de carga, despacho y suministros de informaci\u00f3n de mercanc\u00eda relacionada con el movimiento y transporte de objetos. Que sean altamente competitivos en operar procesos y equipos de carga, movilizaci\u00f3n y descarga de materias primas, materiales e insumos, operaci\u00f3n de procesos de recepci\u00f3n y env\u00edo de mercanc\u00edas, aplicaci\u00f3n de diferentes sistemas de manejo de inventarios, compras y adquisiciones.<\/div> <div role=\"tabpanel\" class=\"tab-pane\" id=\"thim-widget-tab-31776376268-1-19\"><b>T\u00e9cnico Laboral por Competencias en Auxiliar en Bodega, Almac\u00e9n y Centros de Distribuci\u00f3n<\/b><\/div> <div role=\"tabpanel\" class=\"tab-pane\" id=\"thim-widget-tab-41776376268-1-19\"><b>El egresado estar\u00e1 en la capacidad de:<\/b><br>\n\n- Responder a nuevos escenarios y a los requerimientos tecnol\u00f3gicos de la cadena  de suministro.<br>\n- Determinar m\u00e9todos de recibo y despacho de materias primas, bienes, y mercanc\u00edas.<br>\n- Inspeccionar y verificar la llegada de mercanc\u00edas contra facturas y otros documentos; registrar faltantes y rechazar art\u00edculos da\u00f1ados.<br>\n- Recibir y clasificar materiales, suministros, repuestos, equipos y mercanc\u00eda en general.<br>\n- Almacenar la mercanc\u00eda de una manera ordenada y accesible en la bodega, cuarto de herramientas u otras \u00e1reas.<br>\n- Programar, despachar y distribuir mercanc\u00edas, materiales, equipos y suministros para uso interno o cliente externo.<br>\n- Mantener actualizados los registros de entrada y salida de mercanc\u00edas, equipos y materiales, en forma manual o sistematizada.<br>\n- Cargue y Descargue de Objetos.<br>\n- Movilizaci\u00f3n de Carga.<br>\n- Uso de Aplicaciones Inform\u00e1ticas.<br>\n- Inventariar y controlar recursos f\u00edsicos, teniendo en cuenta indicadores y procedimientos organizacionales.<br>\n- Recoger y entregar la carga seg\u00fan el plan de rutas y normatividad<br>\n- Aplicar tecnolog\u00edas de la informaci\u00f3n teniendo en cuenta las necesidades de la unidad administrativa.<br>\n- Procesar datos de acuerdo con procedimiento t\u00e9cnico y metodolog\u00eda estad\u00edstica.<br>\n- Despachar la mercanc\u00eda seg\u00fan normativa de cargue y solicitud de pedido .<br>       \n- Alistan los pedidos y materiales, empacan, embalan, rotulan, materiales y equipos en centros de distribuci\u00f3n, almacenes, plataformas.<br><\/div> <div role=\"tabpanel\" class=\"tab-pane\" id=\"thim-widget-tab-51776376268-1-19\"><b>El egresado podr\u00e1 desempe\u00f1arse en establecimientos comerciales e industriales del sector p\u00fablico y privado en los siguientes cargos:<\/b><br>\n\u2022\tAuxiliar de almac\u00e9n y bodega<br> \n\u2022\tAuxiliar de bodega<br>\n\u2022\tAuxiliar de almac\u00e9n <br>\n\u2022\tAlmacenista<br>\n\u2022\tAuxiliar de recibo y despacho<br>\n\u2022\tAuxiliar de Materiales<br>\n\u2022\tAuxiliar de cargue y descargue<br>\n\u2022\tAuxiliar de empaque de almac\u00e9n<br>\n\u2022\tAuxiliar de despachos<br>\n\u2022\tAuxiliar de entregas<br>\n\u2022\tAuxiliar de pedidos<br>\n\u2022\tAuxiliar de suministros y almac\u00e9n <br>\n\u2022\tAlmacenista insumos<br>\n\u2022\tAlmacenista obra<br>\n\u2022\tAlmacenista producci\u00f3n<br>\n\u2022\tAlmacenista suministros<br>\n\u2022\tAlmacenador producto procesado<br>\n\u2022\tAlmacenador producto terminado<br>\n\u2022\tAlmacenista taller de repuestos<br>\n\u2022\tEmpleado recepci\u00f3n de mercanc\u00eda <br><\/div><\/div><\/div><\/div><\/div><\/div><div id=\"pg-9334-2\"  class=\"panel-grid panel-no-style\" ><div id=\"pgc-9334-2-0\"  class=\"panel-grid-cell\" ><div id=\"panel-9334-2-0-0\" class=\"so-panel widget widget_gallery-images panel-first-child panel-last-child\" data-index=\"2\" ><div class=\"thim-widget-gallery-images template-base\"><div class=\"thim-carousel-wrapper gallery-img\" data-visible=\"1\" data-itemtablet=\"2\" data-itemmobile=\"1\" data-autoplay=\"0\" data-navigation=\"0\" data-pagination=\"1\" data-loop=\"true\"><div class=\"item\"><img fetchpriority=\"high\" decoding=\"async\" width=\"486\" height=\"342\" src=\"https:\/\/eni.edu.co\/l\/wp-content\/uploads\/2020\/06\/9.png\" class=\"attachment-full size-full\" alt=\"\" srcset=\"https:\/\/eni.edu.co\/l\/wp-content\/uploads\/2020\/06\/9.png 486w, https:\/\/eni.edu.co\/l\/wp-content\/uploads\/2020\/06\/9-300x211.png 300w\" sizes=\"(max-width: 486px) 100vw, 486px\" \/><\/div><div class=\"item\"><img decoding=\"async\" width=\"500\" height=\"334\" src=\"https:\/\/eni.edu.co\/l\/wp-content\/uploads\/2020\/06\/10.png\" class=\"attachment-full size-full\" alt=\"\" srcset=\"https:\/\/eni.edu.co\/l\/wp-content\/uploads\/2020\/06\/10.png 500w, https:\/\/eni.edu.co\/l\/wp-content\/uploads\/2020\/06\/10-300x200.png 300w\" sizes=\"(max-width: 500px) 100vw, 500px\" \/><\/div><div class=\"item\"><img decoding=\"async\" width=\"422\" height=\"484\" src=\"https:\/\/eni.edu.co\/l\/wp-content\/uploads\/2020\/06\/12.png\" class=\"attachment-full size-full\" alt=\"\" srcset=\"https:\/\/eni.edu.co\/l\/wp-content\/uploads\/2020\/06\/12.png 422w, https:\/\/eni.edu.co\/l\/wp-content\/uploads\/2020\/06\/12-262x300.png 262w\" sizes=\"(max-width: 422px) 100vw, 422px\" \/><\/div><div class=\"item\"><img loading=\"lazy\" decoding=\"async\" width=\"432\" height=\"578\" src=\"https:\/\/eni.edu.co\/l\/wp-content\/uploads\/2020\/06\/13.png\" class=\"attachment-full size-full\" alt=\"\" srcset=\"https:\/\/eni.edu.co\/l\/wp-content\/uploads\/2020\/06\/13.png 432w, https:\/\/eni.edu.co\/l\/wp-content\/uploads\/2020\/06\/13-224x300.png 224w\" sizes=\"(max-width: 432px) 100vw, 432px\" \/><\/div><div class=\"item\"><img loading=\"lazy\" decoding=\"async\" width=\"450\" height=\"600\" src=\"https:\/\/eni.edu.co\/l\/wp-content\/uploads\/2020\/06\/14.png\" class=\"attachment-full size-full\" alt=\"\" srcset=\"https:\/\/eni.edu.co\/l\/wp-content\/uploads\/2020\/06\/14.png 450w, https:\/\/eni.edu.co\/l\/wp-content\/uploads\/2020\/06\/14-225x300.png 225w\" sizes=\"(max-width: 450px) 100vw, 450px\" \/><\/div><\/div><\/div><\/div><\/div><\/div><div id=\"pg-9334-3\"  class=\"panel-grid panel-no-style\" ><div id=\"pgc-9334-3-0\"  class=\"panel-grid-cell\" ><div id=\"panel-9334-3-0-0\" class=\"so-panel widget widget_heading panel-first-child panel-last-child\" data-index=\"3\" ><div class=\"thim-widget-heading template-base\"><div class=\"sc_heading  text-center\"><h3 style=\"text-transform: uppercase;color:#0f70b7;\" class=\"title\">Nuestro Pensum<\/h3><span class=\"line\"><\/span><\/div><\/div><\/div><\/div><\/div><div id=\"pg-9334-4\"  class=\"panel-grid panel-no-style\" ><div id=\"pgc-9334-4-0\"  class=\"panel-grid-cell\" ><div id=\"panel-9334-4-0-0\" class=\"so-panel widget widget_tab panel-first-child panel-last-child\" data-index=\"4\" ><div class=\"thim-widget-tab template-tab\">\n<ul class=\"nav nav-tabs\" role=\"tablist\"><li role=\"presentation\" class='active tab-col-4'><a href=\"#thim-widget-tab-11776376268-1-98\"  role=\"tab\" data-toggle=\"tab\">1\u00b0 Semestre<\/a><\/li><li role=\"presentation\" class='tab-col-4'><a href=\"#thim-widget-tab-21776376268-1-98\"  role=\"tab\" data-toggle=\"tab\">2\u00b0 Semestre<\/a><\/li><li role=\"presentation\" class='tab-col-4'><a href=\"#thim-widget-tab-31776376268-1-98\"  role=\"tab\" data-toggle=\"tab\">3\u00b0 Semestre<\/a><\/li><li role=\"presentation\" class='tab-col-4'><a href=\"#thim-widget-tab-41776376268-1-98\"  role=\"tab\" data-toggle=\"tab\">Opciones Pr\u00e1cticas<\/a><\/li><\/ul><div class=\"tab-content\"> <div role=\"tabpanel\" class=\"tab-pane active\" id=\"thim-widget-tab-11776376268-1-98\">\ud83d\udcbb Sistema Operativo<br>\n\ud83d\udcbb Procesador de Palabras<br>\n\ud83d\udcbb Hoja de C\u00e1lculo <br>\n\ud83d\udcbb Presentaciones Multimedia<br>\n\ud83d\udcbb Internet<br>\n\ud83d\udcbb Comunicaci\u00f3n para la Comprensi\u00f3n (Transversal)<br>\n\ud83d\udcbb \u00c9tica (Transversal)<br><\/div> <div role=\"tabpanel\" class=\"tab-pane\" id=\"thim-widget-tab-21776376268-1-98\">\ud83d\udcbb Proyecto de Vida (Transversal)<br>\n\ud83d\udcbb Salud Ocupacional (Transversal)<br>\n\ud83d\udcbb Estad\u00edstica<br>\n\ud83d\udcbb Servicio y Atenci\u00f3n al Cliente<br>\n\ud83d\udcbb Inventarios<br>\n\ud83d\udcbb Despacho de Mercanc\u00edas<br>\n\ud83d\udcbb Ingl\u00e9s<br><\/div> <div role=\"tabpanel\" class=\"tab-pane\" id=\"thim-widget-tab-31776376268-1-98\">\ud83d\udcbb Proyecto Empresarial I (Transversal)<br>\n\ud83d\udcbb Proyecto Empresarial II (Transversal)<br>\n\ud83d\udcbb Gesti\u00f3n Documental y Archivo<br>\n\ud83d\udcbb Ingreso de Mercanc\u00eda<br>\n\ud83d\udcbb Almacenaje<br>\n\ud83d\udcbb Estrategia Log\u00edstica<br><\/div> <div role=\"tabpanel\" class=\"tab-pane\" id=\"thim-widget-tab-41776376268-1-98\">1. Pasant\u00eda Empresarial<br>\n2. Proyecto Productivo<br>\n3. Unidad Productiva<br>\n4. Vinculaci\u00f3n Laboral<br><\/div><\/div><\/div><\/div><\/div><\/div><div id=\"pg-9334-5\"  class=\"panel-grid panel-no-style\" ><div id=\"pgc-9334-5-0\"  class=\"panel-grid-cell\" ><div id=\"panel-9334-5-0-0\" class=\"so-panel widget widget_text panel-first-child\" data-index=\"5\" ><h3 class=\"widget-title\">Env\u00edanos tus datos para m\u00e1s informaci\u00f3n de nuestro programa<\/h3>\t\t\t<div class=\"textwidget\"><\/div>\n\t\t<\/div><div id=\"panel-9334-5-0-1\" class=\"so-panel widget widget_text panel-last-child\" data-index=\"6\" >\t\t\t<div class=\"textwidget\">\n<div class=\"wpcf7 no-js\" id=\"wpcf7-f8815-o1\" lang=\"en-US\" dir=\"ltr\" data-wpcf7-id=\"8815\">\n<div class=\"screen-reader-response\"><p role=\"status\" aria-live=\"polite\" aria-atomic=\"true\"><\/p> <ul><\/ul><\/div>\n<form action=\"\/l\/wp-json\/wp\/v2\/pages\/9334#wpcf7-f8815-o1\" method=\"post\" class=\"wpcf7-form init\" aria-label=\"Contact form\" novalidate=\"novalidate\" data-status=\"init\">\n<fieldset class=\"hidden-fields-container\"><input type=\"hidden\" name=\"_wpcf7\" value=\"8815\" \/><input type=\"hidden\" name=\"_wpcf7_version\" value=\"6.1.5\" \/><input type=\"hidden\" name=\"_wpcf7_locale\" value=\"en_US\" \/><input type=\"hidden\" name=\"_wpcf7_unit_tag\" value=\"wpcf7-f8815-o1\" \/><input type=\"hidden\" name=\"_wpcf7_container_post\" value=\"0\" \/><input type=\"hidden\" name=\"_wpcf7_posted_data_hash\" value=\"\" \/>\n<\/fieldset>\n<p><span class=\"wpcf7-form-control-wrap\" data-name=\"your-name\"><input size=\"40\" maxlength=\"400\" class=\"wpcf7-form-control wpcf7-text wpcf7-validates-as-required\" aria-required=\"true\" aria-invalid=\"false\" placeholder=\"Nombre *\" value=\"\" type=\"text\" name=\"your-name\" \/><\/span>\n<\/p>\n<p><span class=\"wpcf7-form-control-wrap\" data-name=\"your-email\"><input size=\"40\" maxlength=\"400\" class=\"wpcf7-form-control wpcf7-email wpcf7-validates-as-required wpcf7-text wpcf7-validates-as-email\" aria-required=\"true\" aria-invalid=\"false\" placeholder=\"Email *\" value=\"\" type=\"email\" name=\"your-email\" \/><\/span>\n<\/p>\n<p><span class=\"wpcf7-form-control-wrap\" data-name=\"your-subject\"><input size=\"40\" maxlength=\"400\" class=\"wpcf7-form-control wpcf7-text wpcf7-validates-as-required\" aria-required=\"true\" aria-invalid=\"false\" placeholder=\"Tel\u00e9fono*\" value=\"\" type=\"text\" name=\"your-subject\" \/><\/span>\n<\/p>\n<p>Escoge tu programa <span class=\"wpcf7-form-control-wrap\" data-name=\"Programas\"><select class=\"wpcf7-form-control wpcf7-select\" aria-invalid=\"false\" name=\"Programas\"><option value=\"\">&#8212;Please choose an option&#8212;<\/option><option value=\"PROGRAMA DE CONOCIMIENTOS ACAD\u00c9MICOS EN INGL\u00c9S\">PROGRAMA DE CONOCIMIENTOS ACAD\u00c9MICOS EN INGL\u00c9S<\/option><option value=\"PROGRAMA DE CONOCIMIENTOS ACAD\u00c9MICOS EN OFIM\u00c1TICA Y MANEJO DE LAS TIC\">PROGRAMA DE CONOCIMIENTOS ACAD\u00c9MICOS EN OFIM\u00c1TICA Y MANEJO DE LAS TIC<\/option><option value=\"T\u00c9CNICO LABORAL POR COMPETENCIAS EN AUXILIAR ADMINISTRATIVO\">T\u00c9CNICO LABORAL POR COMPETENCIAS EN AUXILIAR ADMINISTRATIVO<\/option><option value=\"T\u00c9CNICO LABORAL POR COMPETENCIAS EN AUXILIAR DE BODEGA ALMAC\u00c9N Y CENTROS DE DISTRIBUCI\u00d3N\">T\u00c9CNICO LABORAL POR COMPETENCIAS EN AUXILIAR DE BODEGA ALMAC\u00c9N Y CENTROS DE DISTRIBUCI\u00d3N<\/option><option value=\"T\u00c9CNICO LABORAL POR COMPETENCIAS EN DISE\u00d1O GR\u00c1FICO Y PUBLICITARIO\">T\u00c9CNICO LABORAL POR COMPETENCIAS EN DISE\u00d1O GR\u00c1FICO Y PUBLICITARIO<\/option><option value=\"T\u00c9CNICO LABORAL POR COMPETENCIAS EN SISTEMAS INFORM\u00c1TICOS\">T\u00c9CNICO LABORAL POR COMPETENCIAS EN SISTEMAS INFORM\u00c1TICOS<\/option><option value=\"T\u00c9CNICO LABORAL POR COMPETENCIAS EN MERCADEO Y VENTAS\">T\u00c9CNICO LABORAL POR COMPETENCIAS EN MERCADEO Y VENTAS<\/option><option value=\"T\u00c9CNICO LABORAL POR COMPETENCIAS EN AUXILIAR CONTABLE, DE TESORER\u00cdA Y FINANCIERO\">T\u00c9CNICO LABORAL POR COMPETENCIAS EN AUXILIAR CONTABLE, DE TESORER\u00cdA Y FINANCIERO<\/option><option value=\"T\u00c9CNICO LABORAL POR COMPETENCIAS EN AUXILIAR EN AUTOMATIZACI\u00d3N E INSTRUMENTACI\u00d3N INDUSTRIAL, EL\u00c9CTRICA Y ELECTR\u00d3NICA\">T\u00c9CNICO LABORAL POR COMPETENCIAS EN AUXILIAR EN AUTOMATIZACI\u00d3N E INSTRUMENTACI\u00d3N INDUSTRIAL, EL\u00c9CTRICA Y ELECTR\u00d3NICA<\/option><\/select><\/span><br \/>\n\u00bfEn qu\u00e9 Sede quieres estudiar? <span class=\"wpcf7-form-control-wrap\" data-name=\"Sedes\"><select class=\"wpcf7-form-control wpcf7-select\" aria-invalid=\"false\" name=\"Sedes\"><option value=\"\">&#8212;Please choose an option&#8212;<\/option><option value=\"ZIPAQUIR\u00c1\">ZIPAQUIR\u00c1<\/option><option value=\"TOCANCIP\u00c1\">TOCANCIP\u00c1<\/option><\/select><\/span><br \/>\n\u00bfCu\u00e1l modalidad prefieres? <span class=\"wpcf7-form-control-wrap\" data-name=\"Modalidad\"><select class=\"wpcf7-form-control wpcf7-select\" aria-invalid=\"false\" name=\"Modalidad\"><option value=\"\">&#8212;Please choose an option&#8212;<\/option><option value=\"PRESENCIAL\">PRESENCIAL<\/option><option value=\"EN L\u00cdNEA\">EN L\u00cdNEA<\/option><\/select><\/span><br \/>\n\u00bfAhora elije tu horario? <span class=\"wpcf7-form-control-wrap\" data-name=\"Horarios\"><select class=\"wpcf7-form-control wpcf7-select\" aria-invalid=\"false\" name=\"Horarios\"><option value=\"\">&#8212;Please choose an option&#8212;<\/option><option value=\"MA\u00d1ANA\">MA\u00d1ANA<\/option><option value=\"TARDE\/NOCHE\">TARDE\/NOCHE<\/option><option value=\"S\u00c1BADOS\">S\u00c1BADOS<\/option><\/select><\/span>\n<\/p>\n<p><span class=\"wpcf7-form-control-wrap\" data-name=\"your-message\"><textarea cols=\"40\" rows=\"10\" maxlength=\"2000\" class=\"wpcf7-form-control wpcf7-textarea wpcf7-validates-as-required\" aria-required=\"true\" aria-invalid=\"false\" placeholder=\"Mensaje *\" name=\"your-message\"><\/textarea><\/span>\n<\/p>\n<p><input class=\"wpcf7-form-control wpcf7-submit has-spinner\" type=\"submit\" value=\"Enviar\" \/>\n<\/p><div class=\"wpcf7-response-output\" aria-hidden=\"true\"><\/div>\n<\/form>\n<\/div>\n\n<p>&nbsp;<\/p>\n<\/div>\n\t\t<\/div><\/div><div id=\"pgc-9334-5-1\"  class=\"panel-grid-cell\" ><div id=\"panel-9334-5-1-0\" class=\"so-panel widget widget_media_video panel-first-child panel-last-child\" data-index=\"7\" ><div class=\"panel-widget-style panel-widget-style-for-9334-5-1-0\" ><div style=\"width:100%;\" class=\"wp-video\"><video class=\"wp-video-shortcode\" id=\"video-9334-1\" preload=\"metadata\" controls=\"controls\"><source type=\"video\/mp4\" src=\"https:\/\/eni.edu.co\/l\/wp-content\/uploads\/2020\/04\/Pexels-Videos-2397246.mp4?_=1\" \/><source type=\"video\/mp4\" src=\"https:\/\/eni.edu.co\/l\/wp-content\/uploads\/2020\/04\/Pexels-Videos-2397246.mp4?_=1\" \/><a href=\"https:\/\/eni.edu.co\/l\/wp-content\/uploads\/2020\/04\/Pexels-Videos-2397246.mp4\">https:\/\/eni.edu.co\/l\/wp-content\/uploads\/2020\/04\/Pexels-Videos-2397246.mp4<\/a><\/video><\/div><\/div><\/div><\/div><\/div><\/div>","protected":false},"excerpt":{"rendered":"<p>NUESTRO PROGRAMA T\u00c9CNICO LABORAL POR COMPETENCIAS EN AUXILIAR EN BODEGA, ALMAC\u00c9N Y CENTROS DE DISTRIBUCI\u00d3NResoluci\u00f3n 009219 Secretar\u00eda de Educaci\u00f3n de Cundinamarca Duraci\u00f3nObjetivoT\u00edtulo otorgadoPerfil ocupacionalPerfil profesional 3 Semestres Te\u00f3ricos &#8211; Pr\u00e1cticos 1- Ofim\u00e1tica y Manejo de las TIC 2- Gesti\u00f3n Administrativa &hellip; <\/p>\n","protected":false},"author":1,"featured_media":0,"parent":0,"menu_order":0,"comment_status":"closed","ping_status":"closed","template":"","meta":{"pmpro_default_level":"","footnotes":"","_links_to":"","_links_to_target":""},"class_list":["post-9334","page","type-page","status-publish","hentry","pmpro-has-access"],"_links":{"self":[{"href":"https:\/\/eni.edu.co\/l\/wp-json\/wp\/v2\/pages\/9334","targetHints":{"allow":["GET"]}}],"collection":[{"href":"https:\/\/eni.edu.co\/l\/wp-json\/wp\/v2\/pages"}],"about":[{"href":"https:\/\/eni.edu.co\/l\/wp-json\/wp\/v2\/types\/page"}],"author":[{"embeddable":true,"href":"https:\/\/eni.edu.co\/l\/wp-json\/wp\/v2\/users\/1"}],"replies":[{"embeddable":true,"href":"https:\/\/eni.edu.co\/l\/wp-json\/wp\/v2\/comments?post=9334"}],"version-history":[{"count":24,"href":"https:\/\/eni.edu.co\/l\/wp-json\/wp\/v2\/pages\/9334\/revisions"}],"predecessor-version":[{"id":11532,"href":"https:\/\/eni.edu.co\/l\/wp-json\/wp\/v2\/pages\/9334\/revisions\/11532"}],"wp:attachment":[{"href":"https:\/\/eni.edu.co\/l\/wp-json\/wp\/v2\/media?parent=9334"}],"curies":[{"name":"wp","href":"https:\/\/api.w.org\/{rel}","templated":true}]}}