{"id":9505,"date":"2020-05-23T15:05:45","date_gmt":"2020-05-23T15:05:45","guid":{"rendered":"https:\/\/eni.edu.co\/l\/?page_id=9505"},"modified":"2026-02-09T16:52:47","modified_gmt":"2026-02-09T16:52:47","slug":"tecnico-laboral-por-competencias-en-sistemas-informaticos","status":"publish","type":"page","link":"https:\/\/eni.edu.co\/l\/tecnico-laboral-por-competencias-en-sistemas-informaticos\/","title":{"rendered":"Sistemas Inform\u00e1ticos"},"content":{"rendered":"<div id=\"pl-gb9505-69e1598800616\"  class=\"panel-layout\" ><div id=\"pg-gb9505-69e1598800616-0\"  class=\"panel-grid panel-no-style\" ><div id=\"pgc-gb9505-69e1598800616-0-0\"  class=\"panel-grid-cell\" ><div id=\"panel-gb9505-69e1598800616-0-0-0\" class=\"so-panel widget widget_heading panel-first-child panel-last-child\" data-index=\"0\" ><div class=\"panel-widget-style panel-widget-style-for-gb9505-69e1598800616-0-0-0\" ><div class=\"thim-widget-heading template-base\"><div class=\"sc_heading  text-center\"><h2 style=\"text-transform: uppercase;color:#0f70b7;\" class=\"title\">NUESTRO PROGRAMA T\u00c9CNICO LABORAL POR COMPETENCIAS EN SISTEMAS INFORM\u00c1TICOS<\/h2><p class=\"sub-heading\" style=\"\">Resoluci\u00f3n 009219 Secretar\u00eda de Educaci\u00f3n de Cundinamarca<\/p><span class=\"line\"><\/span><\/div><\/div><\/div><\/div><\/div><\/div><div id=\"pg-gb9505-69e1598800616-1\"  class=\"panel-grid panel-no-style\" ><div id=\"pgc-gb9505-69e1598800616-1-0\"  class=\"panel-grid-cell\" ><div id=\"panel-gb9505-69e1598800616-1-0-0\" class=\"so-panel widget widget_tab panel-first-child panel-last-child\" data-index=\"1\" ><div class=\"thim-widget-tab template-tab\">\n<ul class=\"nav nav-tabs\" role=\"tablist\"><li role=\"presentation\" class='active tab-col-5'><a href=\"#thim-widget-tab-11776376200-1-63\"  role=\"tab\" data-toggle=\"tab\">Duraci\u00f3n<\/a><\/li><li role=\"presentation\" class='tab-col-5'><a href=\"#thim-widget-tab-21776376200-1-63\"  role=\"tab\" data-toggle=\"tab\">Objetivo<\/a><\/li><li role=\"presentation\" class='tab-col-5'><a href=\"#thim-widget-tab-31776376200-1-63\"  role=\"tab\" data-toggle=\"tab\">T\u00edtulo otorgado<\/a><\/li><li role=\"presentation\" class='tab-col-5'><a href=\"#thim-widget-tab-41776376200-1-63\"  role=\"tab\" data-toggle=\"tab\">Perfil Ocupacional<\/a><\/li><li role=\"presentation\" class='tab-col-5'><a href=\"#thim-widget-tab-51776376200-1-63\"  role=\"tab\" data-toggle=\"tab\">Perfil Laboral<\/a><\/li><\/ul><div class=\"tab-content\"> <div role=\"tabpanel\" class=\"tab-pane active\" id=\"thim-widget-tab-11776376200-1-63\"><span style=\"font-weight: bold\">3 semestres Te\u00f3ricos &#8211; Pr\u00e1cticos<\/span><br>\n\n1- Ofim\u00e1tica y Manejo de las TIC.<br>\n2- Mantenimiento de Computadoras.<br>\n3- Redes. <br><\/div> <div role=\"tabpanel\" class=\"tab-pane\" id=\"thim-widget-tab-21776376200-1-63\"><p style=\"text-align: justify\">Formar integralmente <span style=\"font-weight: bold\">T\u00e9cnico Laboral por Competencias en Sistemas Inform\u00e1ticos<\/span>; id\u00f3neos para ejercer y brindar apoyo de calidad a las empresas para mejorar el desempe\u00f1o y productividad de las mismas, operando equipos de c\u00f3mputo, monitoreando la operaci\u00f3n de sistemas de computaci\u00f3n y redes y coordinan su uso; producen reportes de operaci\u00f3n. Est\u00e1n empleados por centros de c\u00f3mputo del sector p\u00fablico y privado.<\/div> <div role=\"tabpanel\" class=\"tab-pane\" id=\"thim-widget-tab-31776376200-1-63\"><span style=\"font-weight: bold\">T\u00e9cnico Laboral por competencias en Sistemas Inform\u00e1ticos.<\/span><\/div> <div role=\"tabpanel\" class=\"tab-pane\" id=\"thim-widget-tab-41776376200-1-63\"><span style=\"font-weight: bold\">El egresado estar\u00e1 en la capacidad de:<\/span><br>\n\n\u2013 Instalar, arreglar, remover y mantener equipos de c\u00f3mputo, componentes o perif\u00e9ricos.<br>\n\u2013 Revisar los componentes y ensambles electr\u00f3nicos para asegurar su correcto funcionamiento.<br>\n\u2013 Determinar la causa y localizar da\u00f1os en los componentes de los computadores.<br>\n\u2013 Implementar la red f\u00edsica.<br>\n\u2013 Reparar equipos de c\u00f3mputo seg\u00fan procedimiento t\u00e9cnico.<br>\n\u2013 Instalar o verificar las conexiones entre equipos y m\u00f3dulos componentes.<br>\n\u2013 Verificar conexiones mec\u00e1nicas, el\u00e9ctricas y electr\u00f3nicas del sistema.<br>\n\u2013 Garantizar el funcionamiento en red de los equipos verificando que la transmisi\u00f3n de los datos sea la adecuada.<br>\n\u2013 Coordinar y programar el uso de terminales y redes.<br>\n\u2013 Operar el equipo de c\u00f3mputo, terminales e impresora, programas.<br>\n\u2013 Manejar la informaci\u00f3n y producir reportes.<br>\n\u2013 Realizar una limpieza general del Equipo.<br>\n\u2013 Hacer el mantenimiento Preventivo y correctivo de la Computadora.<br>\n\u2013 Instalar unidades perif\u00e9ricas, mantener y actualizar los programas existentes.<br>\n\u2013 Efectuar copias de respaldo de la informaci\u00f3n.<br>\n\u2013 Instalar software y formatos para impresi\u00f3n.<br>\n\u2013 Configurar y conectar una red, configurar internet y correo electr\u00f3nico.<br>\n\u2013 Desfragmentar discos para mejorar la velocidad de la computadora.<br>\n\u2013 Eliminar archivos temporales y archivos perdidos o corruptos.<br>\n\u2013 Actualizar Antivirus.<br>\n\u2013 Crear un respaldo de datos en medios externos.<br>\n\u2013 Reinstalar programas de oficina.<br>\n\u2013 Configurar drivers de perif\u00e9ricos.<br>\n\u2013 Administrar cuentas de correo.<br>\n\u2013 Revisi\u00f3n de red y configuraci\u00f3n de la misma.<br>\n\u2013 Instalaci\u00f3n. Configuraci\u00f3n y adecuaci\u00f3n de una red LAN.<br>\n\u2013 Configuraci\u00f3n de Modem y Router.<br>\n\u2013 Instalaci\u00f3n de tarjetas inal\u00e1mbricas.<br>\n\u2013 Compartir dispositivos como impresoras y unidades de DVD.<br>\n\u2013 Instalaci\u00f3n y configuraci\u00f3n de servidores web, FTP, Proxy.<br>\n\u2013 Configuraci\u00f3n de Redes en sistemas Operativos como LINUX y WINDOWS.<br><\/div> <div role=\"tabpanel\" class=\"tab-pane\" id=\"thim-widget-tab-51776376200-1-63\"><span style=\"font-weight: bold\"> El egresado podr\u00e1 aplicar a algunos de estos cargos:<\/span><br>\n\n\u2022 Auxiliar en sistemas inform\u00e1ticos.<br>\n\u2022 Auxiliar en soporte t\u00e9cnico.<br>\n\u2022 Administrador de sistemas inform\u00e1ticos.<br>\n\u2022 Operador de centro c\u00f3mputo.<br>\n\u2022 Operador de, sistemas de c\u00f3mputo.<br>\n\u2022 T\u00e9cnico en Sistemas.<br>\n\u2022 T\u00e9cnico en Inform\u00e1tica y Computaci\u00f3n.<br>\n\u2022 T\u00e9cnico en, mantenimiento y red inform\u00e1tica.<br>\n\u2022 T\u00e9cnico en mantenimiento de equipo de computo.<br>\n\u2022 T\u00e9cnico, servicios inform\u00e1ticos para usuarios.<br>\n\u2022 T\u00e9cnico, soporte sistemas e inform\u00e1tica.<br>\n\u2022 T\u00e9cnicos en redes y sistemas de computadores.<br>\n\u2022 T\u00e9cnicos en asistencia al usuario de tecnolog\u00eda de la informaci\u00f3n y las comunicaciones.<br><\/div><\/div><\/div><\/div><\/div><\/div><div id=\"pg-gb9505-69e1598800616-2\"  class=\"panel-grid panel-no-style\" ><div id=\"pgc-gb9505-69e1598800616-2-0\"  class=\"panel-grid-cell\" ><div id=\"panel-gb9505-69e1598800616-2-0-0\" class=\"so-panel widget widget_gallery-images panel-first-child panel-last-child\" data-index=\"2\" ><div class=\"thim-widget-gallery-images template-base\"><div class=\"thim-carousel-wrapper gallery-img\" data-visible=\"1\" data-itemtablet=\"2\" data-itemmobile=\"1\" data-autoplay=\"0\" data-navigation=\"0\" data-pagination=\"1\" data-loop=\"true\"><div class=\"item\"><img fetchpriority=\"high\" decoding=\"async\" width=\"2560\" height=\"1709\" src=\"https:\/\/eni.edu.co\/l\/wp-content\/uploads\/2020\/04\/147-scaled.jpg\" class=\"attachment-full size-full\" alt=\"\" srcset=\"https:\/\/eni.edu.co\/l\/wp-content\/uploads\/2020\/04\/147-scaled.jpg 2560w, https:\/\/eni.edu.co\/l\/wp-content\/uploads\/2020\/04\/147-scaled-300x200.jpg 300w, https:\/\/eni.edu.co\/l\/wp-content\/uploads\/2020\/04\/147-scaled-1024x684.jpg 1024w, https:\/\/eni.edu.co\/l\/wp-content\/uploads\/2020\/04\/147-768x513.jpg 768w, https:\/\/eni.edu.co\/l\/wp-content\/uploads\/2020\/04\/147-scaled-1536x1025.jpg 1536w, https:\/\/eni.edu.co\/l\/wp-content\/uploads\/2020\/04\/147-scaled-2048x1367.jpg 2048w, https:\/\/eni.edu.co\/l\/wp-content\/uploads\/2020\/04\/147-scaled-600x401.jpg 600w\" sizes=\"(max-width: 2560px) 100vw, 2560px\" \/><\/div><div class=\"item\"><img decoding=\"async\" width=\"2560\" height=\"1707\" src=\"https:\/\/eni.edu.co\/l\/wp-content\/uploads\/2020\/04\/3977-scaled.jpg\" class=\"attachment-full size-full\" alt=\"\" srcset=\"https:\/\/eni.edu.co\/l\/wp-content\/uploads\/2020\/04\/3977-scaled.jpg 2560w, https:\/\/eni.edu.co\/l\/wp-content\/uploads\/2020\/04\/3977-scaled-300x200.jpg 300w, https:\/\/eni.edu.co\/l\/wp-content\/uploads\/2020\/04\/3977-scaled-1024x683.jpg 1024w, https:\/\/eni.edu.co\/l\/wp-content\/uploads\/2020\/04\/3977-768x512.jpg 768w, https:\/\/eni.edu.co\/l\/wp-content\/uploads\/2020\/04\/3977-1536x1024.jpg 1536w, https:\/\/eni.edu.co\/l\/wp-content\/uploads\/2020\/04\/3977-2048x1365.jpg 2048w, https:\/\/eni.edu.co\/l\/wp-content\/uploads\/2020\/04\/3977-600x400.jpg 600w\" sizes=\"(max-width: 2560px) 100vw, 2560px\" \/><\/div><div class=\"item\"><img decoding=\"async\" width=\"2560\" height=\"1707\" src=\"https:\/\/eni.edu.co\/l\/wp-content\/uploads\/2020\/04\/9732-scaled.jpg\" class=\"attachment-full size-full\" alt=\"\" srcset=\"https:\/\/eni.edu.co\/l\/wp-content\/uploads\/2020\/04\/9732-scaled.jpg 2560w, https:\/\/eni.edu.co\/l\/wp-content\/uploads\/2020\/04\/9732-scaled-300x200.jpg 300w, https:\/\/eni.edu.co\/l\/wp-content\/uploads\/2020\/04\/9732-scaled-1024x683.jpg 1024w, https:\/\/eni.edu.co\/l\/wp-content\/uploads\/2020\/04\/9732-768x512.jpg 768w, https:\/\/eni.edu.co\/l\/wp-content\/uploads\/2020\/04\/9732-1536x1024.jpg 1536w, https:\/\/eni.edu.co\/l\/wp-content\/uploads\/2020\/04\/9732-2048x1365.jpg 2048w, https:\/\/eni.edu.co\/l\/wp-content\/uploads\/2020\/04\/9732-600x400.jpg 600w\" sizes=\"(max-width: 2560px) 100vw, 2560px\" \/><\/div><div class=\"item\"><img loading=\"lazy\" decoding=\"async\" width=\"2560\" height=\"1735\" src=\"https:\/\/eni.edu.co\/l\/wp-content\/uploads\/2020\/04\/15590-scaled.jpg\" class=\"attachment-full size-full\" alt=\"\" srcset=\"https:\/\/eni.edu.co\/l\/wp-content\/uploads\/2020\/04\/15590-scaled.jpg 2560w, https:\/\/eni.edu.co\/l\/wp-content\/uploads\/2020\/04\/15590-scaled-300x203.jpg 300w, https:\/\/eni.edu.co\/l\/wp-content\/uploads\/2020\/04\/15590-scaled-1024x694.jpg 1024w, https:\/\/eni.edu.co\/l\/wp-content\/uploads\/2020\/04\/15590-768x520.jpg 768w, https:\/\/eni.edu.co\/l\/wp-content\/uploads\/2020\/04\/15590-1536x1041.jpg 1536w, https:\/\/eni.edu.co\/l\/wp-content\/uploads\/2020\/04\/15590-2048x1388.jpg 2048w, https:\/\/eni.edu.co\/l\/wp-content\/uploads\/2020\/04\/15590-600x407.jpg 600w\" sizes=\"(max-width: 2560px) 100vw, 2560px\" \/><\/div><div class=\"item\"><img loading=\"lazy\" decoding=\"async\" width=\"2560\" height=\"1707\" src=\"https:\/\/eni.edu.co\/l\/wp-content\/uploads\/2020\/04\/140874-OSX7ER-556-scaled.jpg\" class=\"attachment-full size-full\" alt=\"\" srcset=\"https:\/\/eni.edu.co\/l\/wp-content\/uploads\/2020\/04\/140874-OSX7ER-556-scaled.jpg 2560w, https:\/\/eni.edu.co\/l\/wp-content\/uploads\/2020\/04\/140874-OSX7ER-556-scaled-300x200.jpg 300w, https:\/\/eni.edu.co\/l\/wp-content\/uploads\/2020\/04\/140874-OSX7ER-556-scaled-1024x683.jpg 1024w, https:\/\/eni.edu.co\/l\/wp-content\/uploads\/2020\/04\/140874-OSX7ER-556-768x512.jpg 768w, https:\/\/eni.edu.co\/l\/wp-content\/uploads\/2020\/04\/140874-OSX7ER-556-1536x1024.jpg 1536w, https:\/\/eni.edu.co\/l\/wp-content\/uploads\/2020\/04\/140874-OSX7ER-556-2048x1365.jpg 2048w, https:\/\/eni.edu.co\/l\/wp-content\/uploads\/2020\/04\/140874-OSX7ER-556-600x400.jpg 600w\" sizes=\"(max-width: 2560px) 100vw, 2560px\" \/><\/div><div class=\"item\"><img loading=\"lazy\" decoding=\"async\" width=\"2560\" height=\"1707\" src=\"https:\/\/eni.edu.co\/l\/wp-content\/uploads\/2020\/04\/140990-OSX7PT-817-scaled.jpg\" class=\"attachment-full size-full\" alt=\"\" srcset=\"https:\/\/eni.edu.co\/l\/wp-content\/uploads\/2020\/04\/140990-OSX7PT-817-scaled.jpg 2560w, https:\/\/eni.edu.co\/l\/wp-content\/uploads\/2020\/04\/140990-OSX7PT-817-scaled-300x200.jpg 300w, https:\/\/eni.edu.co\/l\/wp-content\/uploads\/2020\/04\/140990-OSX7PT-817-scaled-1024x683.jpg 1024w, https:\/\/eni.edu.co\/l\/wp-content\/uploads\/2020\/04\/140990-OSX7PT-817-768x512.jpg 768w, https:\/\/eni.edu.co\/l\/wp-content\/uploads\/2020\/04\/140990-OSX7PT-817-scaled-1536x1024.jpg 1536w, https:\/\/eni.edu.co\/l\/wp-content\/uploads\/2020\/04\/140990-OSX7PT-817-scaled-2048x1366.jpg 2048w, https:\/\/eni.edu.co\/l\/wp-content\/uploads\/2020\/04\/140990-OSX7PT-817-scaled-600x400.jpg 600w\" sizes=\"(max-width: 2560px) 100vw, 2560px\" \/><\/div><\/div><\/div><\/div><\/div><\/div><div id=\"pg-gb9505-69e1598800616-3\"  class=\"panel-grid panel-no-style\" ><div id=\"pgc-gb9505-69e1598800616-3-0\"  class=\"panel-grid-cell\" ><div id=\"panel-gb9505-69e1598800616-3-0-0\" class=\"so-panel widget widget_heading panel-first-child panel-last-child\" data-index=\"3\" ><div class=\"thim-widget-heading template-base\"><div class=\"sc_heading  text-center\"><h2 style=\"text-transform: uppercase;color:#0f70b7;\" class=\"title\">Nuestro Pensum<\/h2><span class=\"line\"><\/span><\/div><\/div><\/div><\/div><\/div><div id=\"pg-gb9505-69e1598800616-4\"  class=\"panel-grid panel-no-style\" ><div id=\"pgc-gb9505-69e1598800616-4-0\"  class=\"panel-grid-cell\" ><div id=\"panel-gb9505-69e1598800616-4-0-0\" class=\"so-panel widget widget_tab panel-first-child panel-last-child\" data-index=\"4\" ><div class=\"thim-widget-tab template-tab\">\n<ul class=\"nav nav-tabs\" role=\"tablist\"><li role=\"presentation\" class='active tab-col-4'><a href=\"#thim-widget-tab-11776376200-1-38\"  role=\"tab\" data-toggle=\"tab\">1\u00b0 Semestre<\/a><\/li><li role=\"presentation\" class='tab-col-4'><a href=\"#thim-widget-tab-21776376200-1-38\"  role=\"tab\" data-toggle=\"tab\">2\u00b0 Semestre<\/a><\/li><li role=\"presentation\" class='tab-col-4'><a href=\"#thim-widget-tab-31776376200-1-38\"  role=\"tab\" data-toggle=\"tab\">3\u00b0 Semestre<\/a><\/li><li role=\"presentation\" class='tab-col-4'><a href=\"#thim-widget-tab-41776376200-1-38\"  role=\"tab\" data-toggle=\"tab\">Opciones pr\u00e1cticas<\/a><\/li><\/ul><div class=\"tab-content\"> <div role=\"tabpanel\" class=\"tab-pane active\" id=\"thim-widget-tab-11776376200-1-38\">\ud83d\udcbb Sistema  operativo.<br>\n\ud83d\udcbb Procesador  de  palabras.<br>\n\ud83d\udcbb Presentaciones  multimedia.<br>\n\ud83d\udcbb Internet.<br>\n\ud83d\udcbb Comunicaci\u00f3n para  la  comprensi\u00f3n  (transversal).<br>\n\ud83d\udcbb \u00c9tica y transformaci\u00f3n  del  entorno  (transversal).<br><\/div> <div role=\"tabpanel\" class=\"tab-pane\" id=\"thim-widget-tab-21776376200-1-38\">\ud83d\udcbb Proyecto de  vida  (transversal).<br>\n\ud83d\udcbb Salud  ocupacional  (transversal).<br>\n\ud83d\udcbb Ensamble y desensamble.<br>\n\ud83d\udcbb Limpieza  del  Hardware.<br>\n\ud83d\udcbb Diagnosticar  fallas  y defectos.<br>\n\ud83d\udcbb Mantenimiento preventivo.<br><\/div> <div role=\"tabpanel\" class=\"tab-pane\" id=\"thim-widget-tab-31776376200-1-38\">\ud83d\udcbb Proyecto empresarial I (transversal).<br>\n\ud83d\udcbb Proyecto empresarial II (transversal).<br>\n\ud83d\udcbb Diagnosticar fallas de conectividad.<br>\n\ud83d\udcbb Mantenimiento correctivo.<br>\n\ud83d\udcbb Revisar fallas de conectividad.<br> \n\ud83d\udcbb Monitoreo de la red.<br>\n\ud83d\udcbb Redes.<br><\/div> <div role=\"tabpanel\" class=\"tab-pane\" id=\"thim-widget-tab-41776376200-1-38\">1. Pasant\u00edas en Empresa <br>\n2. Proyecto Productivo <br>\n3. Unidad Productiva <br>\n4. Vinculaci\u00f3n Laboral <br><\/div><\/div><\/div><\/div><\/div><\/div><div id=\"pg-gb9505-69e1598800616-5\"  class=\"panel-grid panel-no-style\" ><div id=\"pgc-gb9505-69e1598800616-5-0\"  class=\"panel-grid-cell\" ><div id=\"panel-gb9505-69e1598800616-5-0-0\" class=\"so-panel widget widget_text panel-first-child\" data-index=\"5\" ><h3 class=\"widget-title\">Env\u00edanos tus datos para m\u00e1s informaci\u00f3n de nuestro programa<\/h3>\t\t\t<div class=\"textwidget\"><\/div>\n\t\t<\/div><div id=\"panel-gb9505-69e1598800616-5-0-1\" class=\"so-panel widget widget_text panel-last-child\" data-index=\"6\" >\t\t\t<div class=\"textwidget\">\n<div class=\"wpcf7 no-js\" id=\"wpcf7-f8815-o1\" lang=\"en-US\" dir=\"ltr\" data-wpcf7-id=\"8815\">\n<div class=\"screen-reader-response\"><p role=\"status\" aria-live=\"polite\" aria-atomic=\"true\"><\/p> <ul><\/ul><\/div>\n<form action=\"\/l\/wp-json\/wp\/v2\/pages\/9505#wpcf7-f8815-o1\" method=\"post\" class=\"wpcf7-form init\" aria-label=\"Contact form\" novalidate=\"novalidate\" data-status=\"init\">\n<fieldset class=\"hidden-fields-container\"><input type=\"hidden\" name=\"_wpcf7\" value=\"8815\" \/><input type=\"hidden\" name=\"_wpcf7_version\" value=\"6.1.5\" \/><input type=\"hidden\" name=\"_wpcf7_locale\" value=\"en_US\" \/><input type=\"hidden\" name=\"_wpcf7_unit_tag\" value=\"wpcf7-f8815-o1\" \/><input type=\"hidden\" name=\"_wpcf7_container_post\" value=\"0\" \/><input type=\"hidden\" name=\"_wpcf7_posted_data_hash\" value=\"\" \/>\n<\/fieldset>\n<p><span class=\"wpcf7-form-control-wrap\" data-name=\"your-name\"><input size=\"40\" maxlength=\"400\" class=\"wpcf7-form-control wpcf7-text wpcf7-validates-as-required\" aria-required=\"true\" aria-invalid=\"false\" placeholder=\"Nombre *\" value=\"\" type=\"text\" name=\"your-name\" \/><\/span>\n<\/p>\n<p><span class=\"wpcf7-form-control-wrap\" data-name=\"your-email\"><input size=\"40\" maxlength=\"400\" class=\"wpcf7-form-control wpcf7-email wpcf7-validates-as-required wpcf7-text wpcf7-validates-as-email\" aria-required=\"true\" aria-invalid=\"false\" placeholder=\"Email *\" value=\"\" type=\"email\" name=\"your-email\" \/><\/span>\n<\/p>\n<p><span class=\"wpcf7-form-control-wrap\" data-name=\"your-subject\"><input size=\"40\" maxlength=\"400\" class=\"wpcf7-form-control wpcf7-text wpcf7-validates-as-required\" aria-required=\"true\" aria-invalid=\"false\" placeholder=\"Tel\u00e9fono*\" value=\"\" type=\"text\" name=\"your-subject\" \/><\/span>\n<\/p>\n<p>Escoge tu programa <span class=\"wpcf7-form-control-wrap\" data-name=\"Programas\"><select class=\"wpcf7-form-control wpcf7-select\" aria-invalid=\"false\" name=\"Programas\"><option value=\"\">&#8212;Please choose an option&#8212;<\/option><option value=\"PROGRAMA DE CONOCIMIENTOS ACAD\u00c9MICOS EN INGL\u00c9S\">PROGRAMA DE CONOCIMIENTOS ACAD\u00c9MICOS EN INGL\u00c9S<\/option><option value=\"PROGRAMA DE CONOCIMIENTOS ACAD\u00c9MICOS EN OFIM\u00c1TICA Y MANEJO DE LAS TIC\">PROGRAMA DE CONOCIMIENTOS ACAD\u00c9MICOS EN OFIM\u00c1TICA Y MANEJO DE LAS TIC<\/option><option value=\"T\u00c9CNICO LABORAL POR COMPETENCIAS EN AUXILIAR ADMINISTRATIVO\">T\u00c9CNICO LABORAL POR COMPETENCIAS EN AUXILIAR ADMINISTRATIVO<\/option><option value=\"T\u00c9CNICO LABORAL POR COMPETENCIAS EN AUXILIAR DE BODEGA ALMAC\u00c9N Y CENTROS DE DISTRIBUCI\u00d3N\">T\u00c9CNICO LABORAL POR COMPETENCIAS EN AUXILIAR DE BODEGA ALMAC\u00c9N Y CENTROS DE DISTRIBUCI\u00d3N<\/option><option value=\"T\u00c9CNICO LABORAL POR COMPETENCIAS EN DISE\u00d1O GR\u00c1FICO Y PUBLICITARIO\">T\u00c9CNICO LABORAL POR COMPETENCIAS EN DISE\u00d1O GR\u00c1FICO Y PUBLICITARIO<\/option><option value=\"T\u00c9CNICO LABORAL POR COMPETENCIAS EN SISTEMAS INFORM\u00c1TICOS\">T\u00c9CNICO LABORAL POR COMPETENCIAS EN SISTEMAS INFORM\u00c1TICOS<\/option><option value=\"T\u00c9CNICO LABORAL POR COMPETENCIAS EN MERCADEO Y VENTAS\">T\u00c9CNICO LABORAL POR COMPETENCIAS EN MERCADEO Y VENTAS<\/option><option value=\"T\u00c9CNICO LABORAL POR COMPETENCIAS EN AUXILIAR CONTABLE, DE TESORER\u00cdA Y FINANCIERO\">T\u00c9CNICO LABORAL POR COMPETENCIAS EN AUXILIAR CONTABLE, DE TESORER\u00cdA Y FINANCIERO<\/option><option value=\"T\u00c9CNICO LABORAL POR COMPETENCIAS EN AUXILIAR EN AUTOMATIZACI\u00d3N E INSTRUMENTACI\u00d3N INDUSTRIAL, EL\u00c9CTRICA Y ELECTR\u00d3NICA\">T\u00c9CNICO LABORAL POR COMPETENCIAS EN AUXILIAR EN AUTOMATIZACI\u00d3N E INSTRUMENTACI\u00d3N INDUSTRIAL, EL\u00c9CTRICA Y ELECTR\u00d3NICA<\/option><\/select><\/span><br \/>\n\u00bfEn qu\u00e9 Sede quieres estudiar? <span class=\"wpcf7-form-control-wrap\" data-name=\"Sedes\"><select class=\"wpcf7-form-control wpcf7-select\" aria-invalid=\"false\" name=\"Sedes\"><option value=\"\">&#8212;Please choose an option&#8212;<\/option><option value=\"ZIPAQUIR\u00c1\">ZIPAQUIR\u00c1<\/option><option value=\"TOCANCIP\u00c1\">TOCANCIP\u00c1<\/option><\/select><\/span><br \/>\n\u00bfCu\u00e1l modalidad prefieres? <span class=\"wpcf7-form-control-wrap\" data-name=\"Modalidad\"><select class=\"wpcf7-form-control wpcf7-select\" aria-invalid=\"false\" name=\"Modalidad\"><option value=\"\">&#8212;Please choose an option&#8212;<\/option><option value=\"PRESENCIAL\">PRESENCIAL<\/option><option value=\"EN L\u00cdNEA\">EN L\u00cdNEA<\/option><\/select><\/span><br \/>\n\u00bfAhora elije tu horario? <span class=\"wpcf7-form-control-wrap\" data-name=\"Horarios\"><select class=\"wpcf7-form-control wpcf7-select\" aria-invalid=\"false\" name=\"Horarios\"><option value=\"\">&#8212;Please choose an option&#8212;<\/option><option value=\"MA\u00d1ANA\">MA\u00d1ANA<\/option><option value=\"TARDE\/NOCHE\">TARDE\/NOCHE<\/option><option value=\"S\u00c1BADOS\">S\u00c1BADOS<\/option><\/select><\/span>\n<\/p>\n<p><span class=\"wpcf7-form-control-wrap\" data-name=\"your-message\"><textarea cols=\"40\" rows=\"10\" maxlength=\"2000\" class=\"wpcf7-form-control wpcf7-textarea wpcf7-validates-as-required\" aria-required=\"true\" aria-invalid=\"false\" placeholder=\"Mensaje *\" name=\"your-message\"><\/textarea><\/span>\n<\/p>\n<p><input class=\"wpcf7-form-control wpcf7-submit has-spinner\" type=\"submit\" value=\"Enviar\" \/>\n<\/p><div class=\"wpcf7-response-output\" aria-hidden=\"true\"><\/div>\n<\/form>\n<\/div>\n\n<p>&nbsp;<\/p>\n<\/div>\n\t\t<\/div><\/div><div id=\"pgc-gb9505-69e1598800616-5-1\"  class=\"panel-grid-cell\" ><div id=\"panel-gb9505-69e1598800616-5-1-0\" class=\"so-panel widget widget_media_video panel-first-child panel-last-child\" data-index=\"7\" ><div class=\"panel-widget-style panel-widget-style-for-gb9505-69e1598800616-5-1-0\" ><div style=\"width:100%;\" class=\"wp-video\"><video class=\"wp-video-shortcode\" id=\"video-9505-1\" preload=\"metadata\" controls=\"controls\"><source type=\"video\/mp4\" src=\"https:\/\/eni.edu.co\/l\/wp-content\/uploads\/2020\/04\/Pexels-Videos-2397246.mp4?_=1\" \/><source type=\"video\/mp4\" src=\"https:\/\/eni.edu.co\/l\/wp-content\/uploads\/2020\/04\/Pexels-Videos-2397246.mp4?_=1\" \/><a href=\"https:\/\/eni.edu.co\/l\/wp-content\/uploads\/2020\/04\/Pexels-Videos-2397246.mp4\">https:\/\/eni.edu.co\/l\/wp-content\/uploads\/2020\/04\/Pexels-Videos-2397246.mp4<\/a><\/video><\/div><\/div><\/div><\/div><\/div><\/div>","protected":false},"excerpt":{"rendered":"","protected":false},"author":1,"featured_media":0,"parent":0,"menu_order":0,"comment_status":"closed","ping_status":"closed","template":"","meta":{"pmpro_default_level":"","footnotes":"","_links_to":"","_links_to_target":""},"class_list":["post-9505","page","type-page","status-publish","hentry","pmpro-has-access"],"_links":{"self":[{"href":"https:\/\/eni.edu.co\/l\/wp-json\/wp\/v2\/pages\/9505","targetHints":{"allow":["GET"]}}],"collection":[{"href":"https:\/\/eni.edu.co\/l\/wp-json\/wp\/v2\/pages"}],"about":[{"href":"https:\/\/eni.edu.co\/l\/wp-json\/wp\/v2\/types\/page"}],"author":[{"embeddable":true,"href":"https:\/\/eni.edu.co\/l\/wp-json\/wp\/v2\/users\/1"}],"replies":[{"embeddable":true,"href":"https:\/\/eni.edu.co\/l\/wp-json\/wp\/v2\/comments?post=9505"}],"version-history":[{"count":27,"href":"https:\/\/eni.edu.co\/l\/wp-json\/wp\/v2\/pages\/9505\/revisions"}],"predecessor-version":[{"id":11518,"href":"https:\/\/eni.edu.co\/l\/wp-json\/wp\/v2\/pages\/9505\/revisions\/11518"}],"wp:attachment":[{"href":"https:\/\/eni.edu.co\/l\/wp-json\/wp\/v2\/media?parent=9505"}],"curies":[{"name":"wp","href":"https:\/\/api.w.org\/{rel}","templated":true}]}}