{"id":9517,"date":"2020-07-02T16:22:43","date_gmt":"2020-07-02T16:22:43","guid":{"rendered":"https:\/\/eni.edu.co\/l\/?page_id=9517"},"modified":"2020-07-02T16:22:43","modified_gmt":"2020-07-02T16:22:43","slug":"politica-de-comunicacion-interna-y-externa","status":"publish","type":"page","link":"https:\/\/eni.edu.co\/l\/politica-de-comunicacion-interna-y-externa\/","title":{"rendered":"Pol\u00edtica de comunicaci\u00f3n interna y externa"},"content":{"rendered":"<div id=\"pl-9517\"  class=\"panel-layout\" ><div id=\"pg-9517-0\"  class=\"panel-grid panel-no-style\" ><div id=\"pgc-9517-0-0\"  class=\"panel-grid-cell\" ><div id=\"panel-9517-0-0-0\" class=\"so-panel widget widget_heading panel-first-child panel-last-child\" data-index=\"0\" ><div class=\"panel-widget-style panel-widget-style-for-9517-0-0-0\" ><div class=\"thim-widget-heading template-base\"><div class=\"sc_heading  text-center\"><h3 style=\"text-transform: uppercase;color:#0f70b7;\" class=\"title\">Pol\u00edtica de COMUNICACI\u00d3N INTERNA Y EXTERNA<\/h3><p class=\"sub-heading\" style=\"\"><p style=\"text-align: justify\"> La  Pol\u00edtica de Comunicaci\u00f3n, en el cual se desarrolla un intercambio de mensajes planificados y orientados a la contribuci\u00f3n de los objetivos propuestos por la instituci\u00f3n. La comunicaci\u00f3n contribuye a la consecuci\u00f3n de los objetivos organizacionales de un organismo y por ende, al \u00e9xito de su gesti\u00f3n. En relaci\u00f3n a ello, se propone una Pol\u00edtica de Comunicaci\u00f3n mediante la cual se busca establecer procedimientos que contribuyan a la mejora en las relaciones internas  de la Instituci\u00f3n, as\u00ed como la interacci\u00f3n comunicativa con su p\u00fablico externo; informando oportuna y verazmente, recogiendo consultas y sugerencias de la comunidad. Con la implementaci\u00f3n de una Pol\u00edtica de Comunicaci\u00f3n, la Escuela Nacional de Inform\u00e1tica  establece un sistema de interrelaciones y entendimientos entre sus actores, internos y externos, que facilite el cumplimiento de sus objetivos. De igual manera, la Pol\u00edtica de comunicaci\u00f3n define las estrategias de desarrollo y administraci\u00f3n de los diferentes medios de comunicaci\u00f3n, fortalece la cultura y los valores institucionales, a fin de optimizar su clima organizacional. La Pol\u00edtica de Comunicaci\u00f3n orienta la forma, el contenido y el proceso de circulaci\u00f3n de los mensajes que se emiten dentro y desde la Instituci\u00f3n Asimismo, es preciso dar cumplimiento a la Pol\u00edtica de Comunicaci\u00f3n con compromiso y responsabilidad; por consiguiente, se hace necesario la Comunicaci\u00f3n que establezcan lineamientos claros a seguir y brinden herramientas de trabajo con la finalidad de mejorar v\u00ednculos y acercar a los equipos de trabajo.\n\n<p style=\"text-align: justify\">Los medios a emplear son aquellos que se encuentren a la vanguardia de las TICS, en el momento empleamos, Llamada telef\u00f3nica a n\u00fameros fijos o celulares, mensajes de texto , mensajes por Whatsapp personalizados y a grupos , mensajes en todas las redes sociales,mensajes a correos electr\u00f3nicos, mensajes en plataforma virtual de la Escuela Nacional de Inform\u00e1tica, bolet\u00edn de noticias, banners en fondos de pantallas en los ambientes de aprendizaje, circulares y actas en cartelera de la instituci\u00f3n, propuestas de capacitaci\u00f3n en f\u00edsico y virtuales,volante publicitario f\u00edsico y virtual, socializaci\u00f3n de convenios al p\u00fablico objetivo como son colegios, empresas, fondos de empleados, cooperativas de ahorros y cr\u00e9dito, iglesias cristianas. \n<\/p><span class=\"line\"><\/span><\/div><\/div><\/div><\/div><\/div><\/div><div id=\"pg-9517-1\"  class=\"panel-grid panel-no-style\" ><div id=\"pgc-9517-1-0\"  class=\"panel-grid-cell\" ><div id=\"panel-9517-1-0-0\" class=\"so-panel widget widget_gallery-images panel-first-child panel-last-child\" data-index=\"1\" ><div class=\"thim-widget-gallery-images template-base\"><div class=\"thim-carousel-wrapper gallery-img\" data-visible=\"1\" data-itemtablet=\"2\" data-itemmobile=\"1\" data-autoplay=\"0\" data-navigation=\"0\" data-pagination=\"1\" data-loop=\"true\"><div class=\"item\"><img fetchpriority=\"high\" decoding=\"async\" width=\"1280\" height=\"960\" src=\"https:\/\/eni.edu.co\/l\/wp-content\/uploads\/2020\/05\/IMG-20200430-WA0010-1.jpg\" class=\"attachment-full size-full\" alt=\"\" srcset=\"https:\/\/eni.edu.co\/l\/wp-content\/uploads\/2020\/05\/IMG-20200430-WA0010-1.jpg 1280w, https:\/\/eni.edu.co\/l\/wp-content\/uploads\/2020\/05\/IMG-20200430-WA0010-1-300x225.jpg 300w, https:\/\/eni.edu.co\/l\/wp-content\/uploads\/2020\/05\/IMG-20200430-WA0010-1-1024x768.jpg 1024w, https:\/\/eni.edu.co\/l\/wp-content\/uploads\/2020\/05\/IMG-20200430-WA0010-1-768x576.jpg 768w\" sizes=\"(max-width: 1280px) 100vw, 1280px\" \/><\/div><div class=\"item\"><img decoding=\"async\" width=\"1280\" height=\"960\" src=\"https:\/\/eni.edu.co\/l\/wp-content\/uploads\/2020\/05\/IMG-20200430-WA0006.jpg\" class=\"attachment-full size-full\" alt=\"\" srcset=\"https:\/\/eni.edu.co\/l\/wp-content\/uploads\/2020\/05\/IMG-20200430-WA0006.jpg 1280w, https:\/\/eni.edu.co\/l\/wp-content\/uploads\/2020\/05\/IMG-20200430-WA0006-300x225.jpg 300w, https:\/\/eni.edu.co\/l\/wp-content\/uploads\/2020\/05\/IMG-20200430-WA0006-1024x768.jpg 1024w, https:\/\/eni.edu.co\/l\/wp-content\/uploads\/2020\/05\/IMG-20200430-WA0006-768x576.jpg 768w\" sizes=\"(max-width: 1280px) 100vw, 1280px\" \/><\/div><div class=\"item\"><img decoding=\"async\" width=\"1280\" height=\"960\" src=\"https:\/\/eni.edu.co\/l\/wp-content\/uploads\/2020\/05\/IMG-20200430-WA0009.jpg\" class=\"attachment-full size-full\" alt=\"\" srcset=\"https:\/\/eni.edu.co\/l\/wp-content\/uploads\/2020\/05\/IMG-20200430-WA0009.jpg 1280w, https:\/\/eni.edu.co\/l\/wp-content\/uploads\/2020\/05\/IMG-20200430-WA0009-300x225.jpg 300w, https:\/\/eni.edu.co\/l\/wp-content\/uploads\/2020\/05\/IMG-20200430-WA0009-1024x768.jpg 1024w, https:\/\/eni.edu.co\/l\/wp-content\/uploads\/2020\/05\/IMG-20200430-WA0009-768x576.jpg 768w\" sizes=\"(max-width: 1280px) 100vw, 1280px\" \/><\/div><div class=\"item\"><img loading=\"lazy\" decoding=\"async\" width=\"1280\" height=\"960\" src=\"https:\/\/eni.edu.co\/l\/wp-content\/uploads\/2020\/05\/IMG-20200430-WA0005.jpg\" class=\"attachment-full size-full\" alt=\"\" srcset=\"https:\/\/eni.edu.co\/l\/wp-content\/uploads\/2020\/05\/IMG-20200430-WA0005.jpg 1280w, https:\/\/eni.edu.co\/l\/wp-content\/uploads\/2020\/05\/IMG-20200430-WA0005-300x225.jpg 300w, https:\/\/eni.edu.co\/l\/wp-content\/uploads\/2020\/05\/IMG-20200430-WA0005-1024x768.jpg 1024w, https:\/\/eni.edu.co\/l\/wp-content\/uploads\/2020\/05\/IMG-20200430-WA0005-768x576.jpg 768w\" sizes=\"(max-width: 1280px) 100vw, 1280px\" \/><\/div><div class=\"item\"><img loading=\"lazy\" decoding=\"async\" width=\"1280\" height=\"854\" src=\"https:\/\/eni.edu.co\/l\/wp-content\/uploads\/2020\/05\/IMG-20200429-WA0005.jpg\" class=\"attachment-full size-full\" alt=\"\" srcset=\"https:\/\/eni.edu.co\/l\/wp-content\/uploads\/2020\/05\/IMG-20200429-WA0005.jpg 1280w, https:\/\/eni.edu.co\/l\/wp-content\/uploads\/2020\/05\/IMG-20200429-WA0005-300x200.jpg 300w, https:\/\/eni.edu.co\/l\/wp-content\/uploads\/2020\/05\/IMG-20200429-WA0005-1024x683.jpg 1024w, https:\/\/eni.edu.co\/l\/wp-content\/uploads\/2020\/05\/IMG-20200429-WA0005-768x512.jpg 768w\" sizes=\"(max-width: 1280px) 100vw, 1280px\" \/><\/div><\/div><\/div><\/div><\/div><\/div><div id=\"pg-9517-2\"  class=\"panel-grid panel-has-style\" ><div class=\"so-parallax siteorigin-panels-stretch panel-row-style panel-row-style-for-9517-2\" data-stretch-type=\"full\" ><img decoding=\"async\" width=\"1600\" height=\"650\" src=\"https:\/\/eni.edu.co\/l\/wp-content\/uploads\/2015\/11\/bg-parallax-about-us.jpg\" class=\"attachment-full size-full\" alt=\"\" data-siteorigin-parallax=\"true\" loading=\"eager\" srcset=\"https:\/\/eni.edu.co\/l\/wp-content\/uploads\/2015\/11\/bg-parallax-about-us.jpg 1600w, https:\/\/eni.edu.co\/l\/wp-content\/uploads\/2015\/11\/bg-parallax-about-us-600x244.jpg 600w, https:\/\/eni.edu.co\/l\/wp-content\/uploads\/2015\/11\/bg-parallax-about-us-300x122.jpg 300w, https:\/\/eni.edu.co\/l\/wp-content\/uploads\/2015\/11\/bg-parallax-about-us-1024x416.jpg 1024w, https:\/\/eni.edu.co\/l\/wp-content\/uploads\/2015\/11\/bg-parallax-about-us-768x312.jpg 768w, https:\/\/eni.edu.co\/l\/wp-content\/uploads\/2015\/11\/bg-parallax-about-us-1536x624.jpg 1536w\" sizes=\"(max-width: 1600px) 100vw, 1600px\" \/><div id=\"pgc-9517-2-0\"  class=\"panel-grid-cell panel-grid-cell-empty\" ><\/div><\/div><\/div><\/div>","protected":false},"excerpt":{"rendered":"<p>Pol\u00edtica de COMUNICACI\u00d3N INTERNA Y EXTERNA La Pol\u00edtica de Comunicaci\u00f3n, en el cual se desarrolla un intercambio de mensajes planificados y orientados a la contribuci\u00f3n de los objetivos propuestos por la instituci\u00f3n. La comunicaci\u00f3n contribuye a la consecuci\u00f3n de los &hellip; <\/p>\n","protected":false},"author":1,"featured_media":0,"parent":0,"menu_order":0,"comment_status":"closed","ping_status":"closed","template":"","meta":{"pmpro_default_level":"","footnotes":"","_links_to":"","_links_to_target":""},"class_list":["post-9517","page","type-page","status-publish","hentry","pmpro-has-access"],"_links":{"self":[{"href":"https:\/\/eni.edu.co\/l\/wp-json\/wp\/v2\/pages\/9517","targetHints":{"allow":["GET"]}}],"collection":[{"href":"https:\/\/eni.edu.co\/l\/wp-json\/wp\/v2\/pages"}],"about":[{"href":"https:\/\/eni.edu.co\/l\/wp-json\/wp\/v2\/types\/page"}],"author":[{"embeddable":true,"href":"https:\/\/eni.edu.co\/l\/wp-json\/wp\/v2\/users\/1"}],"replies":[{"embeddable":true,"href":"https:\/\/eni.edu.co\/l\/wp-json\/wp\/v2\/comments?post=9517"}],"version-history":[{"count":6,"href":"https:\/\/eni.edu.co\/l\/wp-json\/wp\/v2\/pages\/9517\/revisions"}],"predecessor-version":[{"id":9527,"href":"https:\/\/eni.edu.co\/l\/wp-json\/wp\/v2\/pages\/9517\/revisions\/9527"}],"wp:attachment":[{"href":"https:\/\/eni.edu.co\/l\/wp-json\/wp\/v2\/media?parent=9517"}],"curies":[{"name":"wp","href":"https:\/\/api.w.org\/{rel}","templated":true}]}}